{"id":7,"date":"2008-12-24T21:45:17","date_gmt":"2008-12-24T20:45:17","guid":{"rendered":"http:\/\/free-electrons.com:8086\/fr\/?page_id=7"},"modified":"2026-04-16T14:51:35","modified_gmt":"2026-04-16T13:51:35","slug":"formation","status":"publish","type":"page","link":"https:\/\/bootlin.com\/fr\/formation\/","title":{"rendered":"Formation"},"content":{"rendered":"<h2>Nos formations<\/h2>\n<div class=\"grid\">\n<div><a href=\"\/fr\/formation\/linux-embarque\/\"><img loading=\"lazy\" decoding=\"async\" src=\"https:\/\/bootlin.com\/graphics\/flaticon-embedded-linux-training.png\" alt=\"Icon from www.flaticon.com\" width=\"100\" height=\"100\" class=\"aligncenter size-thumbnail\" \/>D\u00e9veloppement Linux embarqu\u00e9<\/a><\/div>\n<div><a href=\"\/fr\/formation\/noyau-linux\/\"><img loading=\"lazy\" decoding=\"async\" src=\"https:\/\/bootlin.com\/graphics\/flaticon-kernel-training.png\" alt=\"Icon from www.flaticon.com\" width=\"100\" height=\"100\" class=\"aligncenter size-thumbnail\" \/>D\u00e9veloppement de pilotes de p\u00e9riph\u00e9riques dans le noyau Linux<\/a><\/div>\n<div><a href=\"\/fr\/formation\/yocto\/\"><img loading=\"lazy\" decoding=\"async\" src=\"https:\/\/bootlin.com\/graphics\/flaticon-yocto-training.png\" alt=\"Icon from the Yocto Project \/ Linux Foundation\" width=\"100\" height=\"100\" class=\"aligncenter size-thumbnail\" \/>D\u00e9veloppement Linux embarqu\u00e9 avec Yocto Project et OpenEmbedded<\/a><\/div>\n<div><a href=\"\/fr\/formation\/buildroot\/\"><img loading=\"lazy\" decoding=\"async\" src=\"https:\/\/bootlin.com\/graphics\/flaticon-buildroot-training.png\" alt=\"Icon from www.flaticon.com\" width=\"100\" height=\"100\" class=\"aligncenter size-thumbnail\" \/>D\u00e9veloppement Linux embarqu\u00e9 avec Buildroot<\/a><\/div>\n<div><a href=\"\/fr\/formation\/securite\/\"><img loading=\"lazy\" decoding=\"async\" src=\"https:\/\/bootlin.com\/graphics\/flaticon-security-training.png\" alt=\"Icon from www.flaticon.com\" width=\"100\" height=\"100\" class=\"aligncenter size-thumbnail\" \/>S\u00e9curit\u00e9 des syst\u00e8mes Linux embarqu\u00e9s<\/a><\/div>\n<div><a href=\"\/fr\/formation\/preempt-rt\/\"><img loading=\"lazy\" decoding=\"async\" src=\"https:\/\/bootlin.com\/graphics\/flaticon-realtime-training.png\" alt=\"Icon from www.flaticon.com\" width=\"100\" height=\"100\" class=\"aligncenter size-thumbnail\" \/>Temps-r\u00e9el sous Linux avec PREEMPT_RT<\/a><\/div>\n<div><a href=\"\/fr\/formation\/debugging\/\"><img loading=\"lazy\" decoding=\"async\" src=\"https:\/\/bootlin.com\/graphics\/flaticon-debugging-training.png\" alt=\"Icon from www.flaticon.com\" width=\"100\" height=\"100\" class=\"aligncenter size-thumbnail\" \/>Debugging, tracing, profiling et analyse de performances sous Linux<\/a><\/div>\n<div><a href=\"\/fr\/formation\/audio\/\"><img loading=\"lazy\" decoding=\"async\" src=\"https:\/\/bootlin.com\/graphics\/flaticon-audio-training.png\" alt=\"Icon from www.flaticon.com\" width=\"100\" height=\"100\" class=\"aligncenter size-thumbnail\" \/>Audio Linux embarqu\u00e9<\/a><\/div>\n<div><a href=\"\/fr\/formation\/networking\/\"><img loading=\"lazy\" decoding=\"async\" src=\"https:\/\/bootlin.com\/graphics\/flaticon-networking-training.png\" alt=\"Icon from www.flaticon.com\" width=\"100\" height=\"100\" class=\"aligncenter size-thumbnail\" \/>R\u00e9seau sous Linux embarqu\u00e9<\/a><\/div>\n<div><a href=\"\/fr\/formation\/graphisme\/\"><img loading=\"lazy\" decoding=\"async\" src=\"https:\/\/bootlin.com\/graphics\/flaticon-graphics-training.png\" alt=\"Icon from www.flaticon.com\" width=\"100\" height=\"100\" class=\"aligncenter size-thumbnail\" \/>Comprendre la stack graphique de Linux<\/a><\/div>\n<\/div>\n<h2>Diff\u00e9rents types de sessions<\/h2>\n<div class=\"grid\" style=\"grid-template-columns: repeat(auto-fill, minmax(180px, 1fr));\">\n<div><a href=\"\/fr\/formation\/privee-presentiel\/\"><img loading=\"lazy\" decoding=\"async\" src=\"https:\/\/bootlin.com\/graphics\/flaticon-private-onsite.png\" alt=\"Icon from www.flaticon.com\" width=\"100\" height=\"100\" class=\"aligncenter size-thumbnail\" \/>Session priv\u00e9e<br \/>en pr\u00e9sentiel<\/a><\/div>\n<div><a href=\"\/fr\/formation\/privee-en-ligne\/\"><img loading=\"lazy\" decoding=\"async\" src=\"https:\/\/bootlin.com\/graphics\/flaticon-private-online.png\" alt=\"Icon from www.flaticon.com\" width=\"100\" height=\"100\" class=\"aligncenter size-thumbnail\" \/>Session priv\u00e9e<br \/>en ligne<\/a><\/div>\n<div><a href=\"\/fr\/formation\/publique-presentiel\/\"><img loading=\"lazy\" decoding=\"async\" src=\"https:\/\/bootlin.com\/graphics\/flaticon-public-onsite.png\" alt=\"Icon from www.flaticon.com\" width=\"100\" height=\"100\" class=\"aligncenter size-thumbnail\" \/>Session publique<br \/>en pr\u00e9sentiel<\/a><\/div>\n<div><a href=\"\/fr\/formation\/publique-en-ligne\/\"><img loading=\"lazy\" decoding=\"async\" src=\"https:\/\/bootlin.com\/graphics\/flaticon-public-online.png\" alt=\"Icon from www.flaticon.com\" width=\"100\" height=\"100\" class=\"aligncenter size-thumbnail\" \/>Session publique<br \/>en ligne<\/a><\/div>\n<\/div>\n<h3>Participants en situation de handicap<\/h3>\n<p>Les participants en situation de handicap qui ont des besoins sp\u00e9cifiques sont invit\u00e9s \u00e0 <a href=\"\/fr\/societe\/contact\/\">nous contacter<\/a> afin de discuter des adaptations n\u00e9cessaires \u00e0 la formation.<\/p>\n<h3>Contact<\/h3>\n<p>Pour toute question, inscription ou commentaire, vous pouvez nous contacter :<\/p>\n<ul>\n<li><a href=\"mailto:t&#114;a&#105;&#110;i&#110;g&#64;b&#111;&#111;t&#108;&#105;&#110;&#46;c&#111;m\">&#116;&#114;a&#105;n&#105;n&#103;&#64;b&#111;o&#116;&#108;i&#110;.c&#111;m<\/a><\/li>\n<li>t\u00e9l\u00e9phone : +33 484 258 096<\/li>\n<\/ul>\n<h3>Plus de d\u00e9tails sur nos formations<\/h3>\n<ul>\n<li><a href=\"\/training\/faq\">Questions fr\u00e9quemment pos\u00e9es<\/a><\/li>\n<li><a href=\"\/training\/reasons\">Atouts des formations de Bootlin<\/a><\/li>\n<li><a href=\"\/training\/ratings\">\u00c9valuations et retours des participants \u00e0 nos sessions de formation<\/a><\/li>\n<li><a href=\"\/training\/trainers\">Profil des formateurs de Bootlin<\/a><\/li>\n<\/ul>\n","protected":false},"excerpt":{"rendered":"<p>Nos formations D\u00e9veloppement Linux embarqu\u00e9 D\u00e9veloppement de pilotes de p\u00e9riph\u00e9riques dans le noyau Linux D\u00e9veloppement Linux embarqu\u00e9 avec Yocto Project et OpenEmbedded D\u00e9veloppement Linux embarqu\u00e9 avec Buildroot S\u00e9curit\u00e9 des syst\u00e8mes Linux embarqu\u00e9s Temps-r\u00e9el sous Linux avec PREEMPT_RT Debugging, tracing, profiling et analyse de performances sous Linux Audio Linux embarqu\u00e9 R\u00e9seau sous Linux embarqu\u00e9 Comprendre la &hellip; <a href=\"https:\/\/bootlin.com\/fr\/formation\/\" class=\"more-link\">Continuer la lecture<span class=\"screen-reader-text\"> de &laquo;&nbsp;Formation&nbsp;&raquo;<\/span><\/a><\/p>\n","protected":false},"author":2,"featured_media":0,"parent":0,"menu_order":3,"comment_status":"closed","ping_status":"closed","template":"","meta":{"footnotes":""},"class_list":["post-7","page","type-page","status-publish","hentry"],"_links":{"self":[{"href":"https:\/\/bootlin.com\/fr\/wp-json\/wp\/v2\/pages\/7","targetHints":{"allow":["GET"]}}],"collection":[{"href":"https:\/\/bootlin.com\/fr\/wp-json\/wp\/v2\/pages"}],"about":[{"href":"https:\/\/bootlin.com\/fr\/wp-json\/wp\/v2\/types\/page"}],"author":[{"embeddable":true,"href":"https:\/\/bootlin.com\/fr\/wp-json\/wp\/v2\/users\/2"}],"replies":[{"embeddable":true,"href":"https:\/\/bootlin.com\/fr\/wp-json\/wp\/v2\/comments?post=7"}],"version-history":[{"count":333,"href":"https:\/\/bootlin.com\/fr\/wp-json\/wp\/v2\/pages\/7\/revisions"}],"predecessor-version":[{"id":6871,"href":"https:\/\/bootlin.com\/fr\/wp-json\/wp\/v2\/pages\/7\/revisions\/6871"}],"wp:attachment":[{"href":"https:\/\/bootlin.com\/fr\/wp-json\/wp\/v2\/media?parent=7"}],"curies":[{"name":"wp","href":"https:\/\/api.w.org\/{rel}","templated":true}]}}