{"id":6842,"date":"2026-04-05T18:22:25","date_gmt":"2026-04-05T17:22:25","guid":{"rendered":"https:\/\/bootlin.com\/fr\/?page_id=6842"},"modified":"2026-04-16T14:50:00","modified_gmt":"2026-04-16T13:50:00","slug":"securite","status":"publish","type":"page","link":"https:\/\/bootlin.com\/fr\/formation\/securite\/","title":{"rendered":"Formation s\u00e9curit\u00e9 des syst\u00e8mes Linux embarqu\u00e9s"},"content":{"rendered":"<p>Ma\u00eetrisez la s\u00e9curit\u00e9 des syst\u00e8mes Linux embarqu\u00e9s, du d\u00e9marrage s\u00e9curis\u00e9 et de la cryptographie \u00e0 TrustZone, en passant par le chiffrement des syst\u00e8mes de fichiers, la gestion des vuln\u00e9rabilit\u00e9s et les mises \u00e0 jour s\u00e9curis\u00e9es, pour garantir une s\u00e9curit\u00e9 de plateforme de bout en bout.<\/p>\n<h3>D\u00e9tails sur la formation<\/h3>\n<p><img decoding=\"async\" src=\"https:\/\/bootlin.com\/graphics\/flaticon-security-training.png\" alt=\"Icon from www.flaticon.com\" width=\"250\" class=\"alignright\" style=\"padding-left: 1em;\" \/><\/p>\n<ul>\n<li><b>Dur\u00e9e<\/b> : 3 jours \/ 24 heures (en pr\u00e9sentiel) &#8211; 5 demi-journ\u00e9es \/ 20 heures (en ligne)<\/li>\n<li><b>Programme<\/b> : <a href=\"\/doc\/training\/security\/security-fr-agenda.pdf\">en pr\u00e9sentiel<\/a>, <a href=\"\/doc\/training\/security\/security-online-fr-agenda.pdf\">en ligne<\/a><\/li>\n<li><b>Supports de formation<\/b> : seront publi\u00e9s juste apr\u00e8s la premi\u00e8re session priv\u00e9e pr\u00e9vue mi-mai 2026<\/li>\n<li><b>Langue des documents<\/b> : anglais<\/li>\n<li><b>Langues orales possibles :<\/b> anglais et fran\u00e7ais.\n<\/li>\n<\/ul>\n<h3>Types de sessions<\/h3>\n<ul>\n<li><a href=\"\/fr\/formation\/privee-presentiel\/\">Session priv\u00e9e en pr\u00e9sentiel<\/a>, sur demande<\/li>\n<li><a href=\"\/fr\/formation\/privee-en-ligne\/\">Session priv\u00e9e en ligne<\/a>, sur demande<\/li>\n<li><a href=\"\/fr\/formation\/publique-en-ligne\/\">Session publique en ligne<\/a>, dates ci-dessous<\/li>\n<\/ul>\n<h3>Dates des sessions publiques en ligne<\/h3>\n<h3>Dates des sessions publiques en ligne<\/h3>\n<p><small><\/p>\n<table class=\"content\">\n<tr>\n<th style=\"width: 15%\">Type<\/th>\n<th style=\"width: 15%\">Dates<\/th>\n<th style=\"width: 17%\">Horaires<\/th>\n<th style=\"width: 8%\">Dur\u00e9e<\/th>\n<th style=\"width: 8%\">Langue<\/th>\n<th style=\"width: 12%\">Formateur<br \/>pr\u00e9vu<\/th>\n<th style=\"width: 15%\">Co\u00fbt et inscription<\/th>\n<\/tr>\n<tr>\n<td>\n    <a href=\"\/fr\/formation\/securite\">S\u00e9curit\u00e9 des syst\u00e8mes Linux embarqu\u00e9s<\/a> (<a href=\"\/doc\/training\/security\/security-online-fr-agenda.pdf\">agenda<\/a>)      <\/td>\n<td>\n    29, 30 juin, 1, 2 juillet 2026<br \/> + session extra le 3 juillet 2026 si n\u00e9cessaire  <\/td>\n<td>\n   <a href=\"https:\/\/www.timeanddate.com\/worldclock\/fixedtime.html?msg=Bootlin+Embedded+Linux+security+course&#038;iso=20260629T1400&#038;p1=195\">14:00 &#8211; 18:00<\/a> (Paris, UTC+2)\n  <\/td>\n<td>\n    16 h\n  <\/td>\n<td>\nAnglais  <\/td>\n<td>\n    <a href=\"\/company\/staff\/mathieu-dubois-briand\">Mathieu Dubois-Briand<\/a>\n  <\/td>\n<td>\n    R\u00e9duit: 899 EUR<sup>*<\/sup><br \/>\n    Normal: 999 EUR<sup>*<\/sup><br \/>\n    <span style=\"display:block; text-align:center; margin:0 auto; margin-top: 10px; border: 1px solid #007acc; border-radius: 5px; background: white; color: black; padding: 3px;\"><a href=\"https:\/\/shop.bootlin.com\/en\/event\/193\">Inscription<\/a><\/span>\n  <\/td>\n<\/tr>\n<tr>\n<td>\n    <a href=\"\/fr\/formation\/securite\">S\u00e9curit\u00e9 des syst\u00e8mes Linux embarqu\u00e9s<\/a> (<a href=\"\/doc\/training\/security\/security-online-fr-agenda.pdf\">agenda<\/a>)      <\/td>\n<td>\n    6, 7, 8, 9 juillet 2026<br \/> + session extra le 10 juillet 2026 si n\u00e9cessaire  <\/td>\n<td>\n   <a href=\"https:\/\/www.timeanddate.com\/worldclock\/fixedtime.html?msg=Bootlin+Embedded+Linux+security+course&#038;iso=20260706T1400&#038;p1=195\">14:00 &#8211; 18:00<\/a> (Paris, UTC+2)\n  <\/td>\n<td>\n    16 h\n  <\/td>\n<td>\nAnglais  <\/td>\n<td>\n    <a href=\"\/company\/staff\/olivier-benjamin\">Olivier Benjamin<\/a>\n  <\/td>\n<td>\n    R\u00e9duit: 899 EUR<sup>*<\/sup><br \/>\n    Normal: 999 EUR<sup>*<\/sup><br \/>\n    <span style=\"display:block; text-align:center; margin:0 auto; margin-top: 10px; border: 1px solid #007acc; border-radius: 5px; background: white; color: black; padding: 3px;\"><a href=\"https:\/\/shop.bootlin.com\/en\/event\/194\">Inscription<\/a><\/span>\n  <\/td>\n<\/tr>\n<td colspan=\"7\">\n<i>Des sessions suppl\u00e9mentaires \u00e0 des dates ult\u00e9rieures seront annonc\u00e9es progressivement. Nous annon\u00e7ons en g\u00e9n\u00e9ral de nouvelles sessions lorsque les sessions existantes sont compl\u00e8tes ou pass\u00e9es.<\/i>\n<\/td>\n<\/table>\n<p><\/small><\/p>\n<p><small><sup>*<\/sup>Le prix affich\u00e9 est hors TVA. Notre site de vente en ligne applique la TVA pour toute inscription, sauf pour les entreprises hors France sous r\u00e9serve qu&rsquo;elles fournissent des informations de facturation valides (num\u00e9ro de TVA en UE, identifiant de soci\u00e9t\u00e9 hors UE). Les entreprises en France ainsi que les particuliers partout dans le monde doivent payer la TVA.<\/small><\/p>\n<p>Le tarif r\u00e9duit est appliqu\u00e9 selon les conditions suivantes:<\/p>\n<ul>\n<li>R\u00e9servation au minimum 1 mois avant le d\u00e9but de la session de formation<\/li>\n<li>R\u00e9servation et paiement en ligne par carte de cr\u00e9dit sur notre site de vente en ligne<\/li>\n<li>Limite \u00e0 6 places au tarif r\u00e9duit par session de formation<\/li>\n<\/ul>\n<p>Si vous n&rsquo;avez pas la possibilit\u00e9 de vous inscrire via notre site de vente en ligne, n&rsquo;h\u00e9sitez pas \u00e0 <a href=\"mailto:training@bootlin.com\">nous contacter<\/a>, nous pourrons vous proposer une convention de formation et d&rsquo;autres solutions de paiement.<\/p>\n<p>Les inscriptions restent ouvertes sur notre site de vente en ligne jusqu&rsquo;au d\u00e9but de la session, sous r\u00e9serve des places disponibles.<\/p>\n<h3>Public vis\u00e9<\/h3>\n<p><a href=\"\/graphics\/onsite-training.jpg\"><img decoding=\"async\" class=\"alignright\" src=\"\/graphics\/onsite-training.jpg\" style=\"width: 300px\" alt=\"View of Bootlin on-site training\"\/><\/a>Cette formation s&rsquo;adresse aux entreprises et ing\u00e9nieurs qui con\u00e7oivent, d\u00e9veloppent et produisent des syst\u00e8mes Linux embarqu\u00e9s ayant des exigences en mati\u00e8re de cybers\u00e9curit\u00e9.<\/p>\n<p>\u00c0 l&rsquo;issue de cette formation, vous serez familiaris\u00e9 avec tous les concepts n\u00e9cessaires pour concevoir, d\u00e9velopper et maintenir un syst\u00e8me Linux embarqu\u00e9 s\u00e9curis\u00e9.<\/p>\n<h3>Objectifs<\/h3>\n<ul>\n<li>\u00catre capable de comprendre les m\u00e9canismes de s\u00e9curit\u00e9 et d&rsquo;isolation des syst\u00e8mes Linux embarqu\u00e9s modernes : m\u00e9moire non ex\u00e9cutable, randomisation de l&rsquo;espace d&rsquo;adressage, niveaux de privil\u00e8ges, contr\u00f4le d&rsquo;acc\u00e8s obligatoire et discr\u00e9tionnaire.<\/li>\n<li>\u00catre capable de concevoir et de mettre en \u0153uvre une cha\u00eene de d\u00e9marrage s\u00e9curis\u00e9e, du chargeur de d\u00e9marrage jusqu&rsquo;\u00e0 l&rsquo;espace utilisateur, y compris dm-verity.<\/li>\n<li>\u00catre capable de raisonner sur la cryptographie et de mettre en \u0153uvre un stockage s\u00e9curis\u00e9 des cl\u00e9s, \u00e0 l&rsquo;aide d&rsquo;un HSM mat\u00e9riel ou logiciel.<\/li>\n<li>\u00catre capable d&rsquo;exploiter la technologie ARM TrustZone (monde s\u00e9curis\u00e9, TF-A, OP-TEE) afin d&rsquo;isoler les op\u00e9rations sensibles et de d\u00e9velopper des Trusted Applications.<\/li>\n<li>\u00catre capable de mettre en \u0153uvre des m\u00e9canismes de s\u00e9curit\u00e9 en espace utilisateur : capacit\u00e9s Linux, namespaces, cgroups, SECCOMP, SELinux et fonctionnalit\u00e9s de durcissement de systemd.<\/li>\n<li>\u00catre capable de configurer le chiffrement du syst\u00e8me de fichiers \u00e0 l&rsquo;aide de dm-crypt et de l&rsquo;int\u00e9grer \u00e0 une gestion s\u00e9curis\u00e9e des cl\u00e9s via PKCS#11.<\/li>\n<li>\u00catre capable de g\u00e9rer les vuln\u00e9rabilit\u00e9s logicielles \u00e0 l&rsquo;aide de bases de donn\u00e9es CVE, de g\u00e9n\u00e9rer et d&rsquo;analyser des Software Bills of Materials (SBoM), et de comprendre les exigences de conformit\u00e9, notamment le Cyber Resilience Act.<\/li>\n<li>\u00catre capable de concevoir et de d\u00e9ployer des m\u00e9canismes de mise \u00e0 jour s\u00e9curis\u00e9s \u00e0 l&rsquo;aide de sch\u00e9mas de partitionnement A\/B et d&rsquo;outils tels que RAUC ou SWUpdate.<\/li>\n<li>\u00catre capable de comprendre les concepts de measured boot et de mettre en \u0153uvre la v\u00e9rification de l&rsquo;int\u00e9grit\u00e9 de la plateforme \u00e0 l&rsquo;aide de TPM et de IMA\/EVM.<\/li>\n<\/ul>\n<p>Voir le <a href=\"\/doc\/training\/security\/security-fr-agenda.pdf\">programme d\u00e9taill\u00e9<\/a>.<\/p>\n<h3>Supports de formation<\/h3>\n<p>Les supports de formation seront disponibles en mai 2026, apr\u00e8s la premi\u00e8re session de la formation.<\/p>\n<h3>Travaux pratiques<\/h3>\n<p><img decoding=\"async\" src=\"\/graphics\/imx93-frdm.png\" style=\"float: right; margin:1em; margin-right:0; width: 300px;\" alt=\"Carte NXP i.MX93 FRDM\"\/>Dans nos formations en pr\u00e9sentiel, chaque pr\u00e9sentation th\u00e9orique est suivie d\u2019un travail pratique r\u00e9alis\u00e9 par le participant. Les travaux pratiques repr\u00e9sentent entre 50 % et 60 % de la dur\u00e9e totale de la formation. Ils sont r\u00e9alis\u00e9s sur une carte embarqu\u00e9e ARM, l\u2019<a href=\"https:\/\/www.nxp.com\/design\/design-center\/software\/development-software\/mcuxpresso-software-and-tools-\/frdm-i-mx-93-development-board:FRDM-IMX93\">NXP i.MX93 FRDM<\/a>, \u00e9quip\u00e9e du processeur ARM64 NXP i.MX93. Vous l\u2019utiliserez pour mettre en oeuvre l&rsquo;ensemble des m\u00e9canismes de s\u00e9curit\u00e9 pr\u00e9sent\u00e9s dans cette formation.<\/p>\n<p>Dans nos formations en ligne, les travaux pratiques sont r\u00e9alis\u00e9s sous forme de d\u00e9monstrations en direct par le formateur. Les participants peuvent poser des questions \u00e0 tout moment. En option, les participants disposant du mat\u00e9riel n\u00e9cessaire peuvent reproduire les travaux pratiques par eux-m\u00eames.<\/p>\n<p>Notez que notre formation est ind\u00e9pendante du mat\u00e9riel et qu\u2019elle reste donc pertinente m\u00eame si la plateforme cible de votre prochain projet n\u2019est pas exactement celle utilis\u00e9e pour les travaux pratiques.<\/p>\n<h3>Pr\u00e9-requis<\/h3>\n<ul>\n<li><b>Exp\u00e9rience solide en programmation avec le langage C<\/b>: les participants doivent ma\u00eetriser l&rsquo;utilisation de types de donn\u00e9es et structures complexes, des pointeurs, pointeurs sur fonction et du pr\u00e9-processeur C.<\/li>\n<li><b>Connaissance et pratique des commandes UNIX ou GNU\/Linux<\/b>: les participants doivent \u00eatre \u00e0 l&rsquo;aise avec l&rsquo;utilisation de la ligne de commande Linux. Les participants manquant d&rsquo;exp\u00e9rience sur ce sujet doivent se former par eux-m\u00eames, par exemple en utilisant nos supports de formation disponible \u00e0 l&rsquo;adresse <a href=\"https:\/\/bootlin.com\/blog\/command-line\/\">https:\/\/bootlin.com\/blog\/command-line\/<\/a>.<\/li>\n<li><b>Exp\u00e9rience minimale en d\u00e9veloppement Linux embarqu\u00e9<\/b>: les participants doivent avoir une compr\u00e9hension minimale de l&rsquo;architecture d&rsquo;un syst\u00e8me Linux embarqu\u00e9: r\u00f4le du noyau Linux par rapport \u00e0 l&rsquo;espace utilisateur, d\u00e9veloppement d&rsquo;applications espace utilisateur en C. Suivre la formation <a href=\"https:\/\/bootlin.com\/fr\/formation\/linux-embarque\/\">Linux embarqu\u00e9<\/a> de Bootlin permet de remplir ce pr\u00e9-requis.<\/li>\n<li><b>Niveau minimal requis en anglais: B1<\/b>, d&rsquo;apr\u00e8s le <a href=\"https:\/\/www.coe.int\/en\/web\/common-european-framework-reference-languages\">Common European Framework of References for Languages<\/a> pour nos sessions anim\u00e9es en anglais. Voir la <a href=\"https:\/\/bootlin.com\/pub\/training\/cefr-grid.pdf\">grille CEFR<\/a> pour une auto-\u00e9valuation.<\/li>\n<\/ul>\n<h3>\u00c9quipement n\u00e9cessaire<\/h3>\n<ul>\n<li>Pour les sessions en ligne, d\u00e9di\u00e9es ou publiques:\n<ul>\n<li>Ordinateur avec le syst\u00e8me d&rsquo;exploitation de votre choix, avec un navigateur Chrome ou Chromium pour la vid\u00e9o-conf\u00e9rence.<\/li>\n<li>Webcam et casque audio avec microphone<\/li>\n<li>Connexion haut d\u00e9bit \u00e0 Internet<\/li>\n<li>Optionnellement: les accessoires mat\u00e9riels pour les travaux pratiques, si vous souhaitez reproduire ces travaux pratiques par vous-m\u00eame. Notez bien que cela n&rsquo;est pas obligatoire: vous pouvez suivre la formation sans ces accessoires mat\u00e9riels, car le formateur va r\u00e9aliser tous les travaux pratiques sous la forme de d\u00e9monstrations en direct.<\/li>\n<\/ul>\n<\/li>\n<li>Pour les sessions d\u00e9di\u00e9es en pr\u00e9sentiel:\n<ul>\n<li>Salle de formation<\/li>\n<li>Vid\u00e9o-projecteur<\/li>\n<li>Un ordinateur PC r\u00e9cent sur chaque bureau (pour 1 ou 2 personnes), install\u00e9 avec Linux. Voir le programme de la formation pour les d\u00e9tails.<\/li>\n<li>Acc\u00e8s \u00e0 Internet haut d\u00e9bit et non filtr\u00e9<\/li>\n<li>Bootlin fournit pour la dur\u00e9e de la formation tous les accessoires mat\u00e9riels n\u00e9cessaires pour les travaux pratiques.<\/li>\n<\/ul>\n<\/li>\n<li>Pour les sessions publiques en pr\u00e9sentiel, Bootlin fournit l&rsquo;ensemble de l&rsquo;\u00e9quipement n\u00e9cessaire.<\/li>\n<\/ul>\n<p>Au passage, vous pouvez \u00e9galement consulter <a href=\"\/training\/ratings\">les \u00e9valuations<\/a> des participants aux pr\u00e9c\u00e9dentes sessions. Comme pour les supports de formation, nous sommes transparents et nous publions <b>toutes<\/b> les \u00e9valuations que nous r\u00e9coltons, et pas seulement les meilleures.<\/p>\n<h3>Participants en situation de handicap<\/h3>\n<p>Les participants en situation de handicap qui ont des besoins sp\u00e9cifiques sont invit\u00e9s \u00e0 <a href=\"\/fr\/societe\/contact\/\">nous contacter<\/a> afin de discuter des adaptations n\u00e9cessaires \u00e0 la formation.<\/p>\n<h3>Contact<\/h3>\n<p>Pour toute question, inscription ou commentaire, vous pouvez nous contacter :<\/p>\n<ul>\n<li><a href=\"mailto:t&#114;a&#105;&#110;&#105;ng&#64;&#98;&#111;&#111;&#116;l&#105;&#110;.co&#109;\">trai&#110;i&#110;g&#64;bo&#111;&#116;&#108;&#105;&#110;.c&#111;m<\/a><\/li>\n<li>t\u00e9l\u00e9phone : +33 484 258 096<\/li>\n<\/ul>\n<h3>Plus de d\u00e9tails sur nos formations<\/h3>\n<ul>\n<li><a href=\"\/training\/faq\">Questions fr\u00e9quemment pos\u00e9es<\/a><\/li>\n<li><a href=\"\/training\/reasons\">Atouts des formations de Bootlin<\/a><\/li>\n<li><a href=\"\/training\/ratings\">\u00c9valuations et retours des participants \u00e0 nos sessions de formation<\/a><\/li>\n<li><a href=\"\/training\/trainers\">Profil des formateurs de Bootlin<\/a><\/li>\n<\/ul>\n","protected":false},"excerpt":{"rendered":"<p>Ma\u00eetrisez la s\u00e9curit\u00e9 des syst\u00e8mes Linux embarqu\u00e9s, du d\u00e9marrage s\u00e9curis\u00e9 et de la cryptographie \u00e0 TrustZone, en passant par le chiffrement des syst\u00e8mes de fichiers, la gestion des vuln\u00e9rabilit\u00e9s et les mises \u00e0 jour s\u00e9curis\u00e9es, pour garantir une s\u00e9curit\u00e9 de plateforme de bout en bout. D\u00e9tails sur la formation Dur\u00e9e : 3 jours \/ 24 &hellip; <a href=\"https:\/\/bootlin.com\/fr\/formation\/securite\/\" class=\"more-link\">Continuer la lecture<span class=\"screen-reader-text\"> de &laquo;&nbsp;Formation s\u00e9curit\u00e9 des syst\u00e8mes Linux embarqu\u00e9s&nbsp;&raquo;<\/span><\/a><\/p>\n","protected":false},"author":3,"featured_media":0,"parent":7,"menu_order":0,"comment_status":"closed","ping_status":"closed","template":"","meta":{"footnotes":""},"class_list":["post-6842","page","type-page","status-publish","hentry"],"_links":{"self":[{"href":"https:\/\/bootlin.com\/fr\/wp-json\/wp\/v2\/pages\/6842","targetHints":{"allow":["GET"]}}],"collection":[{"href":"https:\/\/bootlin.com\/fr\/wp-json\/wp\/v2\/pages"}],"about":[{"href":"https:\/\/bootlin.com\/fr\/wp-json\/wp\/v2\/types\/page"}],"author":[{"embeddable":true,"href":"https:\/\/bootlin.com\/fr\/wp-json\/wp\/v2\/users\/3"}],"replies":[{"embeddable":true,"href":"https:\/\/bootlin.com\/fr\/wp-json\/wp\/v2\/comments?post=6842"}],"version-history":[{"count":4,"href":"https:\/\/bootlin.com\/fr\/wp-json\/wp\/v2\/pages\/6842\/revisions"}],"predecessor-version":[{"id":6854,"href":"https:\/\/bootlin.com\/fr\/wp-json\/wp\/v2\/pages\/6842\/revisions\/6854"}],"up":[{"embeddable":true,"href":"https:\/\/bootlin.com\/fr\/wp-json\/wp\/v2\/pages\/7"}],"wp:attachment":[{"href":"https:\/\/bootlin.com\/fr\/wp-json\/wp\/v2\/media?parent=6842"}],"curies":[{"name":"wp","href":"https:\/\/api.w.org\/{rel}","templated":true}]}}