{"id":6403,"date":"2025-04-19T13:24:16","date_gmt":"2025-04-19T12:24:16","guid":{"rendered":"https:\/\/bootlin.com\/fr\/?page_id=6403"},"modified":"2026-04-17T14:31:30","modified_gmt":"2026-04-17T13:31:30","slug":"networking","status":"publish","type":"page","link":"https:\/\/bootlin.com\/fr\/formation\/networking\/","title":{"rendered":"Formation r\u00e9seau sous Linux embarqu\u00e9"},"content":{"rendered":"<p>Ma\u00eetrisez les rouages du r\u00e9seau sous Linux, du driver noyau \u00e0 l\u2019espace utilisateur, et apprenez \u00e0 configurer, optimiser et d\u00e9bugger la stack r\u00e9seau d&rsquo;un syst\u00e8me Linux embarqu\u00e9.<\/p>\n<h3>D\u00e9tails sur la formation<\/h3>\n<p><img decoding=\"async\" src=\"https:\/\/bootlin.com\/graphics\/flaticon-networking-training.png\" alt=\"Icon from www.flaticon.com\" width=\"250\" class=\"alignright\" style=\"padding-left: 1em;\" \/><\/p>\n<ul>\n<li><b>Dur\u00e9e<\/b> : 3 jours \/ 24 heures (en pr\u00e9sentiel) &#8211; 5 demi-journ\u00e9es \/ 20 heures (en ligne)<\/li>\n<li><b>Programme<\/b> : <a href=\"\/doc\/training\/networking\/networking-fr-agenda.pdf\">en pr\u00e9sentiel<\/a>, <a href=\"\/doc\/training\/networking\/networking-online-fr-agenda.pdf\">en ligne<\/a><\/li>\n<li><b>Supports de formation<\/b> :\n<ul>\n<li><a href=\"\/doc\/training\/networking\/networking-slides.pdf\">transparents<\/a><\/li>\n<li><a href=\"\/doc\/training\/networking\/networking-espressobin-labs.pdf\">travaux pratiques<\/a><\/li>\n<li><a href=\"\/doc\/training\/networking\/networking-espressobin-labs.tar.xz\">donn\u00e9es de travaux pratiques<\/a><\/li>\n<\/ul>\n<\/li>\n<li><b>Langue des documents<\/b> : anglais<\/li>\n<li><b>Langues orales possibles :<\/b> anglais et fran\u00e7ais.\n<\/li>\n<\/ul>\n<h3>Types de sessions<\/h3>\n<ul>\n<li><a href=\"\/fr\/formation\/privee-presentiel\/\">Session priv\u00e9e en pr\u00e9sentiel<\/a>, sur demande<\/li>\n<li><a href=\"\/fr\/formation\/privee-en-ligne\/\">Session priv\u00e9e en ligne<\/a>, sur demande<\/li>\n<li><a href=\"\/fr\/formation\/publique-en-ligne\/\">Session publique en ligne<\/a>, dates ci-dessous<\/li>\n<\/ul>\n<h3>Dates des sessions publiques en ligne<\/h3>\n<h3>Dates des sessions publiques en ligne<\/h3>\n<p><small><\/p>\n<table class=\"content\">\n<tr>\n<th style=\"width: 15%\">Type<\/th>\n<th style=\"width: 15%\">Dates<\/th>\n<th style=\"width: 17%\">Horaires<\/th>\n<th style=\"width: 8%\">Dur\u00e9e<\/th>\n<th style=\"width: 8%\">Langue<\/th>\n<th style=\"width: 12%\">Formateur<br \/>pr\u00e9vu<\/th>\n<th style=\"width: 15%\">Co\u00fbt et inscription<\/th>\n<\/tr>\n<tr>\n<td>\n    <a href=\"\/fr\/formation\/networking\">R\u00e9seau sous Linux embarqu\u00e9<\/a> (<a href=\"\/doc\/training\/networking\/networking-online-fr-agenda.pdf\">agenda<\/a>)      <\/td>\n<td>\n    20, 21, 22, 23, 24 juillet 2026  <\/td>\n<td>\n   <a href=\"https:\/\/www.timeanddate.com\/worldclock\/fixedtime.html?msg=Bootlin+Embedded+Linux+networking+course&#038;iso=20260720T1400&#038;p1=195\">14:00 &#8211; 18:00<\/a> (Paris, UTC+2)\n  <\/td>\n<td>\n    20 h\n  <\/td>\n<td>\nAnglais  <\/td>\n<td>\n    <a href=\"\/company\/staff\/maxime-chevallier\">Maxime Chevallier<\/a>\n  <\/td>\n<td>\n    R\u00e9duit: 899 EUR<sup>*<\/sup><br \/>\n    Normal: 999 EUR<sup>*<\/sup><br \/>\n    <span style=\"display:block; text-align:center; margin:0 auto; margin-top: 10px; border: 1px solid #007acc; border-radius: 5px; background: white; color: black; padding: 3px;\"><a href=\"https:\/\/shop.bootlin.com\/en\/event\/198\">Inscription<\/a><\/span>\n  <\/td>\n<\/tr>\n<td colspan=\"7\">\n<i>Des sessions suppl\u00e9mentaires \u00e0 des dates ult\u00e9rieures seront annonc\u00e9es progressivement. Nous annon\u00e7ons en g\u00e9n\u00e9ral de nouvelles sessions lorsque les sessions existantes sont compl\u00e8tes ou pass\u00e9es.<\/i>\n<\/td>\n<\/table>\n<p><\/small><\/p>\n<p><small><sup>*<\/sup>Le prix affich\u00e9 est hors TVA. Notre site de vente en ligne applique la TVA pour toute inscription, sauf pour les entreprises hors France sous r\u00e9serve qu&rsquo;elles fournissent des informations de facturation valides (num\u00e9ro de TVA en UE, identifiant de soci\u00e9t\u00e9 hors UE). Les entreprises en France ainsi que les particuliers partout dans le monde doivent payer la TVA.<\/small><\/p>\n<p>Le tarif r\u00e9duit est appliqu\u00e9 selon les conditions suivantes:<\/p>\n<ul>\n<li>R\u00e9servation au minimum 1 mois avant le d\u00e9but de la session de formation<\/li>\n<li>R\u00e9servation et paiement en ligne par carte de cr\u00e9dit sur notre site de vente en ligne<\/li>\n<li>Limite \u00e0 6 places au tarif r\u00e9duit par session de formation<\/li>\n<\/ul>\n<p>Si vous n&rsquo;avez pas la possibilit\u00e9 de vous inscrire via notre site de vente en ligne, n&rsquo;h\u00e9sitez pas \u00e0 <a href=\"mailto:training@bootlin.com\">nous contacter<\/a>, nous pourrons vous proposer une convention de formation et d&rsquo;autres solutions de paiement.<\/p>\n<p>Les inscriptions restent ouvertes sur notre site de vente en ligne jusqu&rsquo;au d\u00e9but de la session, sous r\u00e9serve des places disponibles.<\/p>\n<h3>Public vis\u00e9<\/h3>\n<p><a href=\"\/graphics\/onsite-training.jpg\"><img decoding=\"async\" class=\"alignright\" src=\"\/graphics\/onsite-training.jpg\" style=\"width: 300px\" alt=\"View of Bootlin on-site training\"\/><\/a>Cette formation s&rsquo;adresse aux ing\u00e9nieurs ayant besoin d&rsquo;une compr\u00e9hension approfondie des concepts r\u00e9seau, des composants mat\u00e9riels r\u00e9seau utilis\u00e9s dans les syst\u00e8mes embarqu\u00e9s typiques, et du fonctionnement de la pile r\u00e9seau sous Linux.<\/p>\n<p>\u00c0 l&rsquo;issue de cette formation, vous serez familiaris\u00e9 avec tous les \u00e9l\u00e9ments n\u00e9cessaires pour configurer, surveiller et optimiser efficacement les fonctionnalit\u00e9s r\u00e9seau, tant au niveau du noyau Linux qu\u2019en espace utilisateur.<\/p>\n<h3>Objectifs<\/h3>\n<ul>\n<li>\u00catre capable de comprendre la pile r\u00e9seau du noyau Linux dans son ensemble et de configurer des interfaces r\u00e9seau complexes<\/li>\n<li>\u00catre capable de comprendre le cheminement des paquets r\u00e9seau dans un syst\u00e8me Linux, d&rsquo;utiliser diff\u00e9rents types de sockets, de g\u00e9n\u00e9rer et de filtrer le trafic<\/li>\n<li>\u00catre capable d&rsquo;utiliser les technologies eBPF et XDP pour am\u00e9liorer le traitement du trafic r\u00e9seau<\/li>\n<li>\u00catre capable de comprendre l&rsquo;architecture des pilotes r\u00e9seau du noyau Linux<\/li>\n<li>\u00catre capable de comprendre comment les PHYs Ethernet et les switchs sont pris en charge dans le noyau Linux<\/li>\n<li>\u00catre capable de diagnostiquer et de r\u00e9soudre des probl\u00e8mes li\u00e9s au r\u00e9seau bas niveau<\/li>\n<\/ul>\n<p>Voir le <a href=\"\/doc\/training\/networking\/networking-fr-agenda.pdf\">programme d\u00e9taill\u00e9<\/a>.<\/p>\n<h3>Supports de formation<\/h3>\n<p>Tous les <a href=\"\/doc\/training\/networking\">supports de cours<\/a> utilis\u00e9s lors de cette formation sont int\u00e9gralement et gratuitement disponibles sur notre site, vous permettant de valider avec pr\u00e9cision l&rsquo;ad\u00e9quation de la formation \u00e0 vos besoins.<\/p>\n<h3>Travaux pratiques<\/h3>\n<p><img decoding=\"async\" src=\"\/graphics\/espressobin.jpg\" style=\"float: right; margin:1em; margin-right:0; width: 300px;\" alt=\"Carte EspressoBin\"\/>Dans nos formations en pr\u00e9sentiel, chaque pr\u00e9sentation th\u00e9orique est suivie d\u2019un travail pratique r\u00e9alis\u00e9 par le participant. Les travaux pratiques repr\u00e9sentent entre 50 % et 60 % de la dur\u00e9e totale de la formation. Ils sont r\u00e9alis\u00e9s sur une carte embarqu\u00e9e ARM, l\u2019<a href=\"https:\/\/wiki.espressobin.net\/\">EspressoBin<\/a>, \u00e9quip\u00e9e du processeur ARM64 Marvell Armada 3720. Vous l\u2019utiliserez pour configurer, diagnostiquer et d\u00e9bugger la stack r\u00e9seau, ainsi que pour d\u00e9velopper diff\u00e9rents aspects des applications r\u00e9seau. Cette exp\u00e9rience sera pertinente quel que soit le mat\u00e9riel utilis\u00e9 dans vos propres projets.<\/p>\n<p>Dans nos formations en ligne, les travaux pratiques sont r\u00e9alis\u00e9s sous forme de d\u00e9monstrations en direct par le formateur. Les participants peuvent poser des questions \u00e0 tout moment. En option, les participants disposant du mat\u00e9riel n\u00e9cessaire peuvent reproduire les travaux pratiques par eux-m\u00eames.<\/p>\n<p>Notez que notre formation est ind\u00e9pendante du mat\u00e9riel et qu\u2019elle reste donc pertinente m\u00eame si la plateforme cible de votre prochain projet n\u2019est pas exactement celle utilis\u00e9e pour les travaux pratiques.<\/p>\n<h3>Pr\u00e9-requis<\/h3>\n<ul>\n<li><b>Exp\u00e9rience minimale en d\u00e9veloppement Linux embarqu\u00e9<\/b>: les participants doivent avoir une compr\u00e9hension minimale de l&rsquo;architecture d&rsquo;un syst\u00e8me Linux embarqu\u00e9: r\u00f4le du noyau Linux par rapport \u00e0 l&rsquo;espace utilisateur, d\u00e9veloppement d&rsquo;applications espace utilisateur en C. Suivre la formation <a href=\"https:\/\/bootlin.com\/fr\/formation\/linux-embarque\/\">Linux embarqu\u00e9<\/a> de Bootlin permet de remplir ce pr\u00e9-requis.<\/li>\n<li><b>Exp\u00e9rience en d\u00e9veloppement bas-niveau sous Linux et avec les interfaces mat\u00e9rielles<\/b>: les participants doivent avoir une compr\u00e9hension minimale de la gestion m\u00e9moire, de l&rsquo;interaction avec des interfaces mat\u00e9rielles (registres, interruptions) et de l&rsquo;interaction entre les applications user-space Linux et le noyau Linux (appels syst\u00e8mes). Suivre la formation <a href=\"https:\/\/bootlin.com\/fr\/formation\/noyau-linux\/\">D\u00e9veloppement de pilotes de p\u00e9riph\u00e9riques noyau Linux<\/a> de Bootlin permet de remplir ce pr\u00e9-requis.<\/li>\n<li><b>Niveau minimal requis en anglais: B1<\/b>, d&rsquo;apr\u00e8s le <a href=\"https:\/\/www.coe.int\/en\/web\/common-european-framework-reference-languages\">Common European Framework of References for Languages<\/a> pour nos sessions anim\u00e9es en anglais. Voir la <a href=\"https:\/\/bootlin.com\/pub\/training\/cefr-grid.pdf\">grille CEFR<\/a> pour une auto-\u00e9valuation.<\/li>\n<\/ul>\n<h3>\u00c9quipement n\u00e9cessaire<\/h3>\n<ul>\n<li>Pour les sessions en ligne, d\u00e9di\u00e9es ou publiques:\n<ul>\n<li>Ordinateur avec le syst\u00e8me d&rsquo;exploitation de votre choix, avec un navigateur Chrome ou Chromium pour la vid\u00e9o-conf\u00e9rence.<\/li>\n<li>Webcam et casque audio avec microphone<\/li>\n<li>Connexion haut d\u00e9bit \u00e0 Internet<\/li>\n<li>Optionnellement: les accessoires mat\u00e9riels pour les travaux pratiques, si vous souhaitez reproduire ces travaux pratiques par vous-m\u00eame. Notez bien que cela n&rsquo;est pas obligatoire: vous pouvez suivre la formation sans ces accessoires mat\u00e9riels, car le formateur va r\u00e9aliser tous les travaux pratiques sous la forme de d\u00e9monstrations en direct.<\/li>\n<\/ul>\n<\/li>\n<li>Pour les sessions d\u00e9di\u00e9es en pr\u00e9sentiel:\n<ul>\n<li>Salle de formation<\/li>\n<li>Vid\u00e9o-projecteur<\/li>\n<li>Un ordinateur PC r\u00e9cent sur chaque bureau (pour 1 ou 2 personnes), install\u00e9 avec Linux. Voir le programme de la formation pour les d\u00e9tails.<\/li>\n<li>Acc\u00e8s \u00e0 Internet haut d\u00e9bit et non filtr\u00e9<\/li>\n<li>Bootlin fournit pour la dur\u00e9e de la formation tous les accessoires mat\u00e9riels n\u00e9cessaires pour les travaux pratiques.<\/li>\n<\/ul>\n<\/li>\n<li>Pour les sessions publiques en pr\u00e9sentiel, Bootlin fournit l&rsquo;ensemble de l&rsquo;\u00e9quipement n\u00e9cessaire.<\/li>\n<\/ul>\n<p>Au passage, vous pouvez \u00e9galement consulter <a href=\"\/training\/ratings\">les \u00e9valuations<\/a> des participants aux pr\u00e9c\u00e9dentes sessions. Comme pour les supports de formation, nous sommes transparents et nous publions <b>toutes<\/b> les \u00e9valuations que nous r\u00e9coltons, et pas seulement les meilleures.<\/p>\n<h3>Participants en situation de handicap<\/h3>\n<p>Les participants en situation de handicap qui ont des besoins sp\u00e9cifiques sont invit\u00e9s \u00e0 <a href=\"\/fr\/societe\/contact\/\">nous contacter<\/a> afin de discuter des adaptations n\u00e9cessaires \u00e0 la formation.<\/p>\n<h3>Contact<\/h3>\n<p>Pour toute question, inscription ou commentaire, vous pouvez nous contacter :<\/p>\n<ul>\n<li><a href=\"mailto:&#116;ra&#105;&#110;&#105;&#110;g&#64;&#98;&#111;ot&#108;&#105;&#110;.&#99;&#111;m\">&#116;ra&#105;n&#105;n&#103;&#64;bo&#111;t&#108;i&#110;&#46;&#99;&#111;m<\/a><\/li>\n<li>t\u00e9l\u00e9phone : +33 484 258 096<\/li>\n<\/ul>\n<h3>Plus de d\u00e9tails sur nos formations<\/h3>\n<ul>\n<li><a href=\"\/training\/faq\">Questions fr\u00e9quemment pos\u00e9es<\/a><\/li>\n<li><a href=\"\/training\/reasons\">Atouts des formations de Bootlin<\/a><\/li>\n<li><a href=\"\/training\/ratings\">\u00c9valuations et retours des participants \u00e0 nos sessions de formation<\/a><\/li>\n<li><a href=\"\/training\/trainers\">Profil des formateurs de Bootlin<\/a><\/li>\n<\/ul>\n","protected":false},"excerpt":{"rendered":"<p>Ma\u00eetrisez les rouages du r\u00e9seau sous Linux, du driver noyau \u00e0 l\u2019espace utilisateur, et apprenez \u00e0 configurer, optimiser et d\u00e9bugger la stack r\u00e9seau d&rsquo;un syst\u00e8me Linux embarqu\u00e9. D\u00e9tails sur la formation Dur\u00e9e : 3 jours \/ 24 heures (en pr\u00e9sentiel) &#8211; 5 demi-journ\u00e9es \/ 20 heures (en ligne) Programme : en pr\u00e9sentiel, en ligne Supports &hellip; <a href=\"https:\/\/bootlin.com\/fr\/formation\/networking\/\" class=\"more-link\">Continuer la lecture<span class=\"screen-reader-text\"> de &laquo;&nbsp;Formation r\u00e9seau sous Linux embarqu\u00e9&nbsp;&raquo;<\/span><\/a><\/p>\n","protected":false},"author":3,"featured_media":0,"parent":7,"menu_order":0,"comment_status":"closed","ping_status":"closed","template":"","meta":{"footnotes":""},"class_list":["post-6403","page","type-page","status-publish","hentry"],"_links":{"self":[{"href":"https:\/\/bootlin.com\/fr\/wp-json\/wp\/v2\/pages\/6403","targetHints":{"allow":["GET"]}}],"collection":[{"href":"https:\/\/bootlin.com\/fr\/wp-json\/wp\/v2\/pages"}],"about":[{"href":"https:\/\/bootlin.com\/fr\/wp-json\/wp\/v2\/types\/page"}],"author":[{"embeddable":true,"href":"https:\/\/bootlin.com\/fr\/wp-json\/wp\/v2\/users\/3"}],"replies":[{"embeddable":true,"href":"https:\/\/bootlin.com\/fr\/wp-json\/wp\/v2\/comments?post=6403"}],"version-history":[{"count":38,"href":"https:\/\/bootlin.com\/fr\/wp-json\/wp\/v2\/pages\/6403\/revisions"}],"predecessor-version":[{"id":6872,"href":"https:\/\/bootlin.com\/fr\/wp-json\/wp\/v2\/pages\/6403\/revisions\/6872"}],"up":[{"embeddable":true,"href":"https:\/\/bootlin.com\/fr\/wp-json\/wp\/v2\/pages\/7"}],"wp:attachment":[{"href":"https:\/\/bootlin.com\/fr\/wp-json\/wp\/v2\/media?parent=6403"}],"curies":[{"name":"wp","href":"https:\/\/api.w.org\/{rel}","templated":true}]}}