{"id":5901,"date":"2023-11-29T17:21:22","date_gmt":"2023-11-29T16:21:22","guid":{"rendered":"https:\/\/bootlin.com\/fr\/?page_id=5901"},"modified":"2023-11-29T17:21:22","modified_gmt":"2023-11-29T16:21:22","slug":"expertise-hardware","status":"publish","type":"page","link":"https:\/\/bootlin.com\/fr\/ingenierie\/expertise-hardware\/","title":{"rendered":"Expertise hardware et \u00e9lectronique"},"content":{"rendered":"<p><a href=\"https:\/\/ratiotech.fr\/\"><img loading=\"lazy\" decoding=\"async\" src=\"https:\/\/bootlin.com\/wp-content\/uploads\/2023\/11\/logo-RATIOTECH-hd-fond-blanc-300x145.png\" alt=\"Ratiotech\" width=\"300\" height=\"145\" class=\"alignright size-medium wp-image-17997\" \/><\/a>En 2023, Bootlin a forg\u00e9 un partenariat strat\u00e9gique avec <a href=\"https:\/\/ratiotech.fr\/\">Ratiotech<\/a>, une entreprise renomm\u00e9e pour son expertise approfondie en conception \u00e9lectronique:<\/p>\n<ul>\n<li>Support des syst\u00e8mes \u00e9lectroniques gr\u00e2ce \u00e0 son expertise et \u00e0 ses services de conception : r\u00e9solution de faiblesses de conception, obsolescence et modification de sp\u00e9cifications de composants, \u00e9chec de qualification \u00e9lectrique, CEM et thermique, probl\u00e8me de rendement de production et retour statistique anormal sur le terrain.<\/li>\n<li>Connaissances approfondies en conception \u00e9lectronique et en fabrication, couvrant le bruit analogique basse fr\u00e9quence et haute vitesse, du num\u00e9rique discret au traitement multi-c\u0153ur \u00e0 haute vitesse, alimentation \u00e9lectrique et conversion d&rsquo;\u00e9nergie, de la conception des ann\u00e9es 80 \u00e0 la derni\u00e8re technologie haut de gamme.<\/li>\n<li>Services de d\u00e9veloppement de nouveaux produits, de la sp\u00e9cification \u00e0 l&rsquo;analyse de conception, \u00e0 la documentation et \u00e0 la justification, \u00e0 la mise en \u0153uvre du sch\u00e9ma, \u00e0 la disposition de la carte, \u00e0 la fabrication du prototype, aux tests et \u00e0 la validation en appliquant une m\u00e9thodologie robuste et une gestion de projet, en utilisant les derniers outils de simulation et de CAO.<\/li>\n<\/ul>\n<p>Pour explorer plus en profondeur l&rsquo;ensemble des offres fournies par Ratiotech, vous pouvez d\u00e9couvrir leurs services en <a href=\"https:\/\/ratiotech.fr\/fr\/etudes\/\">conception \u00e9lectronique<\/a>, <a href=\"https:\/\/ratiotech.fr\/fr\/expertise\/\">expertise syst\u00e8me<\/a>, <a href=\"https:\/\/ratiotech.fr\/fr\/si\/\">int\u00e9grit\u00e9 du signal<\/a> et <a href=\"https:\/\/ratiotech.fr\/fr\/cem\/\">CEM<\/a>.<\/p>\n<p>Ce partenariat strat\u00e9gique offre plusieurs avantages cl\u00e9s :<\/p>\n<ul>\n<li>Bootlin acc\u00e8de \u00e0 un pool enrichi d&rsquo;expertise mat\u00e9rielle, facilitant le d\u00e9veloppement de Packages de Support de Cartes Linux, la mise en place de plates-formes et la r\u00e9solution de probl\u00e8mes.<\/li>\n<li>Bootlin est d\u00e9sormais \u00e9quip\u00e9 pour offrir des projets de d\u00e9veloppement de produits complets, englobant \u00e0 la fois le mat\u00e9riel et le syst\u00e8me d&rsquo;exploitation Linux int\u00e9gr\u00e9, permettant \u00e0 nos clients de se concentrer sur leurs applications principales.<\/li>\n<li>Ratiotech, \u00e0 son tour, b\u00e9n\u00e9ficie de comp\u00e9tences logicielles suppl\u00e9mentaires apport\u00e9es par les ing\u00e9nieurs de Bootlin, avec un accent particulier sur le domaine de Linux int\u00e9gr\u00e9.<\/li>\n<\/ul>\n<p>Si vous \u00eates int\u00e9ress\u00e9 par cette expertise, n&rsquo;h\u00e9sitez pas \u00e0 contacter <a href=\"https:\/\/ratiotech.fr\/fr\/contact\/\">Ratiotech<\/a> ou <a href=\"https:\/\/bootlin.com\/fr\/societe\/contact\/\">Bootlin<\/a>.<\/p>\n","protected":false},"excerpt":{"rendered":"<p>En 2023, Bootlin a forg\u00e9 un partenariat strat\u00e9gique avec Ratiotech, une entreprise renomm\u00e9e pour son expertise approfondie en conception \u00e9lectronique: Support des syst\u00e8mes \u00e9lectroniques gr\u00e2ce \u00e0 son expertise et \u00e0 ses services de conception : r\u00e9solution de faiblesses de conception, obsolescence et modification de sp\u00e9cifications de composants, \u00e9chec de qualification \u00e9lectrique, CEM et thermique, probl\u00e8me &hellip; <a href=\"https:\/\/bootlin.com\/fr\/ingenierie\/expertise-hardware\/\" class=\"more-link\">Continuer la lecture<span class=\"screen-reader-text\"> de &laquo;&nbsp;Expertise hardware et \u00e9lectronique&nbsp;&raquo;<\/span><\/a><\/p>\n","protected":false},"author":3,"featured_media":0,"parent":3,"menu_order":0,"comment_status":"closed","ping_status":"closed","template":"","meta":{"footnotes":""},"class_list":["post-5901","page","type-page","status-publish","hentry"],"_links":{"self":[{"href":"https:\/\/bootlin.com\/fr\/wp-json\/wp\/v2\/pages\/5901","targetHints":{"allow":["GET"]}}],"collection":[{"href":"https:\/\/bootlin.com\/fr\/wp-json\/wp\/v2\/pages"}],"about":[{"href":"https:\/\/bootlin.com\/fr\/wp-json\/wp\/v2\/types\/page"}],"author":[{"embeddable":true,"href":"https:\/\/bootlin.com\/fr\/wp-json\/wp\/v2\/users\/3"}],"replies":[{"embeddable":true,"href":"https:\/\/bootlin.com\/fr\/wp-json\/wp\/v2\/comments?post=5901"}],"version-history":[{"count":1,"href":"https:\/\/bootlin.com\/fr\/wp-json\/wp\/v2\/pages\/5901\/revisions"}],"predecessor-version":[{"id":5902,"href":"https:\/\/bootlin.com\/fr\/wp-json\/wp\/v2\/pages\/5901\/revisions\/5902"}],"up":[{"embeddable":true,"href":"https:\/\/bootlin.com\/fr\/wp-json\/wp\/v2\/pages\/3"}],"wp:attachment":[{"href":"https:\/\/bootlin.com\/fr\/wp-json\/wp\/v2\/media?parent=5901"}],"curies":[{"name":"wp","href":"https:\/\/api.w.org\/{rel}","templated":true}]}}