{"id":5758,"date":"2023-06-12T09:35:55","date_gmt":"2023-06-12T08:35:55","guid":{"rendered":"https:\/\/bootlin.com\/fr\/?page_id=5758"},"modified":"2026-04-11T08:41:02","modified_gmt":"2026-04-11T07:41:02","slug":"audio","status":"publish","type":"page","link":"https:\/\/bootlin.com\/fr\/formation\/audio\/","title":{"rendered":"Formation audio Linux embarqu\u00e9"},"content":{"rendered":"<p>Comprendre la stack audio compl\u00e8te d&rsquo;un syst\u00e8me Linux embarqu\u00e9: composants mat\u00e9riels, pilotes de p\u00e9riph\u00e9riques et sous-syst\u00e8mes dans le noyau Linux, interfaces et composants en user-space.<\/p>\n<h3>D\u00e9tails sur la formation<\/h3>\n<p><img decoding=\"async\" src=\"https:\/\/bootlin.com\/graphics\/flaticon-audio-training.png\" alt=\"Icon from www.flaticon.com\" width=\"250\" class=\"alignright\" style=\"padding-left: 1em;\" \/><\/p>\n<ul>\n<li><b>Dur\u00e9e<\/b> : 2 jours \/ 16 heures (en pr\u00e9sentiel) &#8211; 4 demi-journ\u00e9es \/ 16 heures (en ligne)<\/li>\n<li><b>Programme<\/b> : <a href=\"\/doc\/training\/audio\/audio-fr-agenda.pdf\">en pr\u00e9sentiel<\/a>, <a href=\"\/doc\/training\/audio\/audio-online-fr-agenda.pdf\">en ligne<\/a><\/li>\n<li><b>Supports de formation<\/b> : <a href=\"\/doc\/training\/audio\/audio-slides.pdf\">slides<\/a><\/li>\n<li><b>Langue des documents<\/b> : anglais<\/li>\n<li><b>Langues orales possibles :<\/b> anglais et fran\u00e7ais.\n<\/li>\n<\/ul>\n<h3>Types de sessions<\/h3>\n<ul>\n<li><a href=\"\/fr\/formation\/privee-presentiel\/\">Session priv\u00e9e en pr\u00e9sentiel<\/a>, sur demande<\/li>\n<li><a href=\"\/fr\/formation\/privee-en-ligne\/\">Session priv\u00e9e en ligne<\/a>, sur demande<\/li>\n<li><a href=\"\/fr\/formation\/publique-en-ligne\/\">Session publique en ligne<\/a>, dates ci-dessous<\/li>\n<\/ul>\n<h3>Dates des sessions publiques en ligne<\/h3>\n<h3>Dates des sessions publiques en ligne<\/h3>\n<p><small><\/p>\n<table class=\"content\">\n<tr>\n<th style=\"width: 15%\">Type<\/th>\n<th style=\"width: 15%\">Dates<\/th>\n<th style=\"width: 17%\">Horaires<\/th>\n<th style=\"width: 8%\">Dur\u00e9e<\/th>\n<th style=\"width: 8%\">Langue<\/th>\n<th style=\"width: 12%\">Formateur<br \/>pr\u00e9vu<\/th>\n<th style=\"width: 15%\">Co\u00fbt et inscription<\/th>\n<\/tr>\n<tr>\n<td>\n    <a href=\"\/fr\/formation\/audio\">Audio Linux embarqu\u00e9<\/a> (<a href=\"\/doc\/training\/audio\/audio-online-fr-agenda.pdf\">agenda<\/a>)      <\/td>\n<td>\n    21, 22, 24, 25 septembre 2026  <\/td>\n<td>\n   <a href=\"https:\/\/www.timeanddate.com\/worldclock\/fixedtime.html?msg=Bootlin+Audio+with+embedded+Linux+course&#038;iso=20260921T1400&#038;p1=195\">14:00 &#8211; 18:00<\/a> (Paris, UTC+2)\n  <\/td>\n<td>\n    16 h\n  <\/td>\n<td>\nAnglais  <\/td>\n<td>\n    <a href=\"\/company\/staff\/alexandre-belloni\">Alexandre Belloni<\/a>\n  <\/td>\n<td>\n    R\u00e9duit: 599 EUR<sup>*<\/sup><br \/>\n    Normal: 699 EUR<sup>*<\/sup><br \/>\n    <span style=\"display:block; text-align:center; margin:0 auto; margin-top: 10px; border: 1px solid #007acc; border-radius: 5px; background: white; color: black; padding: 3px;\"><a href=\"https:\/\/shop.bootlin.com\/en\/event\/190\">Inscription<\/a><\/span>\n  <\/td>\n<\/tr>\n<td colspan=\"7\">\n<i>Des sessions suppl\u00e9mentaires \u00e0 des dates ult\u00e9rieures seront annonc\u00e9es progressivement. Nous annon\u00e7ons en g\u00e9n\u00e9ral de nouvelles sessions lorsque les sessions existantes sont compl\u00e8tes ou pass\u00e9es.<\/i>\n<\/td>\n<\/table>\n<p><\/small><\/p>\n<p><small><sup>*<\/sup>Le prix affich\u00e9 est hors TVA. Notre site de vente en ligne applique la TVA pour toute inscription, sauf pour les entreprises hors France sous r\u00e9serve qu&rsquo;elles fournissent des informations de facturation valides (num\u00e9ro de TVA en UE, identifiant de soci\u00e9t\u00e9 hors UE). Les entreprises en France ainsi que les particuliers partout dans le monde doivent payer la TVA.<\/small><\/p>\n<p>Le tarif r\u00e9duit est appliqu\u00e9 selon les conditions suivantes:<\/p>\n<ul>\n<li>R\u00e9servation au minimum 1 mois avant le d\u00e9but de la session de formation<\/li>\n<li>R\u00e9servation et paiement en ligne par carte de cr\u00e9dit sur notre site de vente en ligne<\/li>\n<li>Limite \u00e0 6 places au tarif r\u00e9duit par session de formation<\/li>\n<\/ul>\n<p>Si vous n&rsquo;avez pas la possibilit\u00e9 de vous inscrire via notre site de vente en ligne, n&rsquo;h\u00e9sitez pas \u00e0 <a href=\"mailto:training@bootlin.com\">nous contacter<\/a>, nous pourrons vous proposer une convention de formation et d&rsquo;autres solutions de paiement.<\/p>\n<p>Les inscriptions restent ouvertes sur notre site de vente en ligne jusqu&rsquo;au d\u00e9but de la session, sous r\u00e9serve des places disponibles.<\/p>\n<h3>Public vis\u00e9<\/h3>\n<p><a href=\"\/graphics\/onsite-training.jpg\"><img decoding=\"async\" class=\"alignright\" src=\"\/graphics\/onsite-training.jpg\" style=\"width: 300px\" alt=\"View of Bootlin on-site training\"\/><\/a>Cette formation cible les ing\u00e9nieurs qui ont besoin d&rsquo;une compr\u00e9hension en d\u00e9tail des concepts audio, des composants mat\u00e9riels utilis\u00e9s pour l&rsquo;audio dans les syst\u00e8mes embarqu\u00e9s et du fonctionnement de la stack audio sous Linux.<\/p>\n<p>\u00c0 l&rsquo;issue de cette formation, les participants seront familiers avec tous les aspects n\u00e9cessaires \u00e0 la mise en oeuvre de composants mat\u00e9riels audio au niveau du noyau Linux et avec les APIs audio disponibles pour le d\u00e9veloppement d&rsquo;applications user-space Linux.<\/p>\n<h3>Objectifs op\u00e9rationnels<\/h3>\n<ul>\n<li>\u00catre capable de comprendre les bases de la th\u00e9orie du traitement du son: analogique vs. num\u00e9rique, \u00e9chantillonage, formats audio et composants mat\u00e9riels d&rsquo;une cha\u00eene audio<\/li>\n<li>\u00catre capable de comprendre l&rsquo;architecture de ASoC, le sous-syst\u00e8me du noyau Linux pour les p\u00e9riph\u00e9riques audio dans les syst\u00e8mes embarqu\u00e9s, le r\u00f4le des diff\u00e9rents drivers et la r\u00e9pr\u00e9sentation Device Tree pour les composants audio<\/li>\n<li>\u00catre capable d&rsquo;\u00e9crire un Device Tree d\u00e9crivant la topologie des composants mat\u00e9riels impliqu\u00e9s dans le traitement audio sur un syst\u00e8me Linux embarqu\u00e9<\/li>\n<li>\u00catre capable d&rsquo;utiliser des fonctionnalit\u00e9s de routage audio avanc\u00e9es, des fonctionnalit\u00e9s de gestion d&rsquo;\u00e9nergie audio, et des composants audio complexes tels que des amplificateurs et des p\u00e9riph\u00e9riques auxiliaires (<i>auxiliary devices<\/i>)<\/li>\n<li>\u00catre capable de configurer les composants ALSA en espace utilisateur et les widgets ALSA<\/li>\n<li>\u00catre capable de comprendre les diff\u00e9rentes APIs disponibles en espace utilisateur pour la lecture et l&rsquo;enregistrement audio, ainsi que les serveurs de son tels que Pulseaudio, Pipewire ou Jack, et la biblioth\u00e8que multimedia GStreamer<\/li>\n<\/ul>\n<p>Vous pouvez consulter notre <a href=\"\/doc\/training\/audio\/audio-fr-agenda.pdf\">agenda d\u00e9taill\u00e9<\/a>.<\/p>\n<h3>Supports de formation<\/h3>\n<p>Les supports de formation seront publi\u00e9s courant juillet 2023. Bootlin a d\u00e9j\u00e0 d\u00e9livr\u00e9 une session priv\u00e9e de cette formation en avril 2023, et suite \u00e0 celle-ci les supports de formation sont en cours de revue avant publication en juillet 2023.<\/p>\n<h3>D\u00e9monstrations<\/h3>\n<p>Les pr\u00e9sentations de cette formation sont suivies par une d\u00e9monstration pratique, r\u00e9alis\u00e9e sur une carte embarqu\u00e9e \u00e0 base de processeur ARM, repr\u00e9sentant environ 20% du temps total de la session.<\/p>\n<h3>Pr\u00e9-requis<\/h3>\n<ul>\n<li><b>Exp\u00e9rience solide en programmation avec le langage C<\/b>: les participants doivent ma\u00eetriser l&rsquo;utilisation de types de donn\u00e9es et structures complexes, des pointeurs, pointeurs sur fonction et du pr\u00e9-processeur C.<\/li>\n<li><b>Exp\u00e9rience en d\u00e9veloppement bas-niveau sous Linux et avec les interfaces mat\u00e9rielles<\/b>: les participants doivent avoir une compr\u00e9hension minimale de la gestion m\u00e9moire, de l&rsquo;interaction avec des interfaces mat\u00e9rielles (registres, interruptions) et de l&rsquo;interaction entre les applications user-space Linux et le noyau Linux (appels syst\u00e8mes). Suivre la formation <a href=\"https:\/\/bootlin.com\/fr\/formation\/noyau-linux\/\">D\u00e9veloppement de pilotes de p\u00e9riph\u00e9riques noyau Linux<\/a> de Bootlin permet de remplir ce pr\u00e9-requis.<\/li>\n<li><b>Niveau minimal requis en anglais: B1<\/b>, d&rsquo;apr\u00e8s le <a href=\"https:\/\/www.coe.int\/en\/web\/common-european-framework-reference-languages\">Common European Framework of References for Languages<\/a> pour nos sessions anim\u00e9es en anglais. Voir la <a href=\"https:\/\/bootlin.com\/pub\/training\/cefr-grid.pdf\">grille CEFR<\/a> pour une auto-\u00e9valuation.<\/li>\n<\/ul>\n<h3>\u00c9quipement n\u00e9cessaire<\/h3>\n<ul>\n<li>Pour les sessions en ligne, d\u00e9di\u00e9es ou publiques:\n<ul>\n<li>Ordinateur avec le syst\u00e8me d&rsquo;exploitation de votre choix, avec un navigateur Chrome ou Chromium pour la vid\u00e9o-conf\u00e9rence.<\/li>\n<li>Webcam et casque audio avec microphone<\/li>\n<li>Connexion haut d\u00e9bit \u00e0 Internet<\/li>\n<li>Optionnellement: les accessoires mat\u00e9riels pour les travaux pratiques, si vous souhaitez reproduire ces travaux pratiques par vous-m\u00eame. Notez bien que cela n&rsquo;est pas obligatoire: vous pouvez suivre la formation sans ces accessoires mat\u00e9riels, car le formateur va r\u00e9aliser tous les travaux pratiques sous la forme de d\u00e9monstrations en direct.<\/li>\n<\/ul>\n<\/li>\n<li>Pour les sessions d\u00e9di\u00e9es en pr\u00e9sentiel:\n<ul>\n<li>Salle de formation<\/li>\n<li>Vid\u00e9o-projecteur<\/li>\n<li>Un ordinateur PC r\u00e9cent sur chaque bureau (pour 1 ou 2 personnes), install\u00e9 avec Linux. Voir le programme de la formation pour les d\u00e9tails.<\/li>\n<li>Acc\u00e8s \u00e0 Internet haut d\u00e9bit et non filtr\u00e9<\/li>\n<li>Bootlin fournit pour la dur\u00e9e de la formation tous les accessoires mat\u00e9riels n\u00e9cessaires pour les travaux pratiques.<\/li>\n<\/ul>\n<\/li>\n<li>Pour les sessions publiques en pr\u00e9sentiel, Bootlin fournit l&rsquo;ensemble de l&rsquo;\u00e9quipement n\u00e9cessaire.<\/li>\n<\/ul>\n<h3>Retours de nos clients<\/h3>\n<p><em>Le formateur a une connaissance tr\u00e8s approfondie du cours et il a bien expliqu\u00e9 les questions.<\/em><\/p>\n<p align=\"right\">Participant \u00e0 la formation, octobre 2024<\/p>\n<p><em>C&rsquo;\u00e9tait un cours utile qui a permis de comprendre le sujet en profondeur, des bases de l&rsquo;audio au mat\u00e9riel, logiciel, structure audio et applications.<\/em><\/p>\n<p align=\"right\">Participant \u00e0 la formation, octobre 2024<\/p>\n<p><em>Formateur tr\u00e8s professionnel, avec une connaissance approfondie.<\/em><\/p>\n<p align=\"right\">Participant \u00e0 la formation, mai 2024<\/p>\n<p><em>Les cours \u00e9taient excellents et ont couvert toute la pile audio de bas en haut.<\/em><\/p>\n<p align=\"right\">Participant \u00e0 la formation, f\u00e9vrier 2024<\/p>\n<p><em>Alex et Theo \u00e9taient excellents.<\/em><\/p>\n<p align=\"right\">Participant \u00e0 la formation, septembre 2023<\/p>\n<ul>\n<li>En 2023, 92,3% des participants \u00e9taient tr\u00e8s satisfaits de la formation, lui attribuant une note \u00e9gale ou sup\u00e9rieure \u00e0 8 sur 10 pour l&rsquo;\u00e9valuation globale de notre formation.<\/li>\n<li>En 2023, 100% des participants ont obtenu leur certificat de formation en ayant plus de 50% de r\u00e9ponses correctes \u00e0 notre quiz final.<\/li>\n<\/ul>\n<p>Au passage, vous pouvez \u00e9galement consulter <a href=\"\/training\/ratings\">les \u00e9valuations<\/a> des participants aux pr\u00e9c\u00e9dentes sessions. Comme pour les supports de formation, nous sommes transparents et nous publions <b>toutes<\/b> les \u00e9valuations que nous r\u00e9coltons, et pas seulement les meilleures.<\/p>\n<h3>Participants en situation de handicap<\/h3>\n<p>Les participants en situation de handicap qui ont des besoins sp\u00e9cifiques sont invit\u00e9s \u00e0 <a href=\"\/fr\/societe\/contact\/\">nous contacter<\/a> afin de discuter des adaptations n\u00e9cessaires \u00e0 la formation.<\/p>\n<h3>Contact<\/h3>\n<p>Pour toute question, inscription ou commentaire, vous pouvez nous contacter :<\/p>\n<ul>\n<li><a href=\"mailto:tra&#105;&#110;&#105;ng&#64;bo&#111;t&#108;i&#110;&#46;c&#111;&#109;\">&#116;ra&#105;ni&#110;g&#64;boo&#116;&#108;i&#110;&#46;&#99;&#111;&#109;<\/a><\/li>\n<li>t\u00e9l\u00e9phone : +33 484 258 096<\/li>\n<\/ul>\n<h3>Plus de d\u00e9tails sur nos formations<\/h3>\n<ul>\n<li><a href=\"\/training\/faq\">Questions fr\u00e9quemment pos\u00e9es<\/a><\/li>\n<li><a href=\"\/training\/reasons\">Atouts des formations de Bootlin<\/a><\/li>\n<li><a href=\"\/training\/ratings\">\u00c9valuations et retours des participants \u00e0 nos sessions de formation<\/a><\/li>\n<li><a href=\"\/training\/trainers\">Profil des formateurs de Bootlin<\/a><\/li>\n<\/ul>\n","protected":false},"excerpt":{"rendered":"<p>Comprendre la stack audio compl\u00e8te d&rsquo;un syst\u00e8me Linux embarqu\u00e9: composants mat\u00e9riels, pilotes de p\u00e9riph\u00e9riques et sous-syst\u00e8mes dans le noyau Linux, interfaces et composants en user-space. D\u00e9tails sur la formation Dur\u00e9e : 2 jours \/ 16 heures (en pr\u00e9sentiel) &#8211; 4 demi-journ\u00e9es \/ 16 heures (en ligne) Programme : en pr\u00e9sentiel, en ligne Supports de formation &hellip; <a href=\"https:\/\/bootlin.com\/fr\/formation\/audio\/\" class=\"more-link\">Continuer la lecture<span class=\"screen-reader-text\"> de &laquo;&nbsp;Formation audio Linux embarqu\u00e9&nbsp;&raquo;<\/span><\/a><\/p>\n","protected":false},"author":3,"featured_media":0,"parent":7,"menu_order":0,"comment_status":"closed","ping_status":"closed","template":"","meta":{"footnotes":""},"class_list":["post-5758","page","type-page","status-publish","hentry"],"_links":{"self":[{"href":"https:\/\/bootlin.com\/fr\/wp-json\/wp\/v2\/pages\/5758","targetHints":{"allow":["GET"]}}],"collection":[{"href":"https:\/\/bootlin.com\/fr\/wp-json\/wp\/v2\/pages"}],"about":[{"href":"https:\/\/bootlin.com\/fr\/wp-json\/wp\/v2\/types\/page"}],"author":[{"embeddable":true,"href":"https:\/\/bootlin.com\/fr\/wp-json\/wp\/v2\/users\/3"}],"replies":[{"embeddable":true,"href":"https:\/\/bootlin.com\/fr\/wp-json\/wp\/v2\/comments?post=5758"}],"version-history":[{"count":41,"href":"https:\/\/bootlin.com\/fr\/wp-json\/wp\/v2\/pages\/5758\/revisions"}],"predecessor-version":[{"id":6835,"href":"https:\/\/bootlin.com\/fr\/wp-json\/wp\/v2\/pages\/5758\/revisions\/6835"}],"up":[{"embeddable":true,"href":"https:\/\/bootlin.com\/fr\/wp-json\/wp\/v2\/pages\/7"}],"wp:attachment":[{"href":"https:\/\/bootlin.com\/fr\/wp-json\/wp\/v2\/media?parent=5758"}],"curies":[{"name":"wp","href":"https:\/\/api.w.org\/{rel}","templated":true}]}}