{"id":5618,"date":"2022-12-28T14:58:08","date_gmt":"2022-12-28T13:58:08","guid":{"rendered":"https:\/\/bootlin.com\/fr\/?page_id=5618"},"modified":"2026-04-17T22:31:35","modified_gmt":"2026-04-17T21:31:35","slug":"publique-en-ligne","status":"publish","type":"page","link":"https:\/\/bootlin.com\/fr\/formation\/publique-en-ligne\/","title":{"rendered":"Sessions publiques en ligne"},"content":{"rendered":"<p><img decoding=\"async\" src=\"https:\/\/bootlin.com\/graphics\/flaticon-public-online.png\" alt=\"Icon from www.flaticon.com\" width=\"250\" class=\"alignright\" style=\"padding: 1em;\" \/>Un <a href=\"\/training\/trainers\/\">formateur de Bootlin<\/a> anime en ligne par visio-conf\u00e9rence une formation publique pour un ensemble de participants provenant de soci\u00e9t\u00e9s diff\u00e9rentes, sur plusieurs demi-journ\u00e9es.<\/p>\n<p>Durant ces formations en ligne, nos formateurs alternent entre pr\u00e9sentations et d\u00e9monstrations pratiques. Les participants ont alors le choix entre:<\/p>\n<ol>\n<li>suivre les d\u00e9monstrations r\u00e9alis\u00e9es en direct par le formateur, qui suit \u00e9tape par \u00e9tape les travaux pratiques pr\u00e9vus dans nos formations. Cette option \u00e9vite aux participants de devoir acqu\u00e9rir le mat\u00e9riel n\u00e9cessaire \u00e0 la r\u00e9alisation des travaux pratiques. Les participants peuvent poser des questions \u00e0 tout moment pour obtenir des pr\u00e9cisions sur les d\u00e9monstrations.<\/li>\n<li>suivre les d\u00e9monstrations r\u00e9alis\u00e9es en direct par le formateur puis reproduire par eux-m\u00eames les travaux pratiques en dehors des heures de formation. Dans ce cas, les participants devront acqu\u00e9rir le mat\u00e9riel n\u00e9cessaire \u00e0 la r\u00e9alisation de la formation, qui n&rsquo;est pas inclus dans l&rsquo;offre de prix de Bootlin. Les participants peuvent b\u00e9n\u00e9ficier du support du formateur en dehors des heures de formation par messagerie instantan\u00e9e<\/li>\n<\/ol>\n<p>Nous limitons le nombre de participants \u00e0 un maximum de 12 par session de formation, afin de maintenir un bon niveau d&rsquo;interactivit\u00e9 entre les participants et le formateur.<\/p>\n<p>Nos formations en ligne sont d\u00e9coup\u00e9es sur des demi-journ\u00e9es de 4 heures afin de :<\/p>\n<ul>\n<li>maintenir une concentration et une attention satisfaisante sur toute la dur\u00e9e de la formation<\/li>\n<li>permettre aux participants de poursuivre leurs activit\u00e9s habituelles \u00e0 mi-temps<\/li>\n<li>permettre aux participants de finaliser leurs travaux pratiques, si ils ont choisi de les r\u00e9aliser par eux-m\u00eames, mais aussi de revoir les supports de formation<\/li>\n<li>s&rsquo;adapter aux contraintes de d\u00e9calage horaire entre le formateur et les participants<\/li>\n<\/ul>\n<p>Si vous avez un nombre important de participants \u00e0 former (\u00e0 partir de 7-8 participants environ), nos sessions <a href=\"\/fr\/formation\/privee-presentiel\/\">priv\u00e9es sur site<\/a> ou <a href=\"\/fr\/formation\/privee-en-ligne\/\">priv\u00e9es en ligne<\/a> offrent plus de flexibilit\u00e9, une tarification plus int\u00e9ressante, et la possibilit\u00e9 de choisir la langue utilis\u00e9e pour la formation.<\/p>\n<h3>Dates disponibles<\/h3>\n<h3>Dates des sessions publiques en ligne<\/h3>\n<p><small><\/p>\n<table class=\"content\">\n<tr>\n<th style=\"width: 15%\">Type<\/th>\n<th style=\"width: 15%\">Dates<\/th>\n<th style=\"width: 17%\">Horaires<\/th>\n<th style=\"width: 8%\">Dur\u00e9e<\/th>\n<th style=\"width: 8%\">Langue<\/th>\n<th style=\"width: 12%\">Formateur<br \/>pr\u00e9vu<\/th>\n<th style=\"width: 15%\">Co\u00fbt et inscription<\/th>\n<\/tr>\n<tr>\n<td>\n    <a href=\"\/fr\/formation\/linux-embarque\">D\u00e9veloppement Linux embarqu\u00e9<\/a> (<a href=\"\/doc\/training\/embedded-linux\/embedded-linux-online-fr-agenda.pdf\">agenda<\/a>)      <\/td>\n<td>\n    29, 30 juin, 2, 3, 6, 7, 9 juillet 2026<br \/> + session extra le 10 juillet 2026 si n\u00e9cessaire  <\/td>\n<td>\n   <a href=\"https:\/\/www.timeanddate.com\/worldclock\/fixedtime.html?msg=Bootlin+Embedded+Linux+system+development+course&#038;iso=20260629T1000&#038;p1=195\">10:00 &#8211; 14:00<\/a> (Paris, UTC+2)\n  <\/td>\n<td>\n    28 h\n  <\/td>\n<td>\nAnglais  <\/td>\n<td>\n    <a href=\"\/company\/staff\/richard-genoud\">Richard Genoud<\/a>\n  <\/td>\n<td>\n    R\u00e9duit: 999 EUR<sup>*<\/sup><br \/>\n    Normal: 1099 EUR<sup>*<\/sup><br \/>\n    <span style=\"display:block; text-align:center; margin:0 auto; margin-top: 10px; border: 1px solid #007acc; border-radius: 5px; background: white; color: black; padding: 3px;\"><a href=\"https:\/\/shop.bootlin.com\/en\/event\/195\">Inscription<\/a><\/span>\n  <\/td>\n<\/tr>\n<tr>\n<td>\n    <a href=\"\/fr\/formation\/linux-embarque\">D\u00e9veloppement Linux embarqu\u00e9<\/a> (<a href=\"\/doc\/training\/embedded-linux\/embedded-linux-online-fr-agenda.pdf\">agenda<\/a>)    <br \/><b>COMPLET<\/b>  <\/td>\n<td>\n    2, 3, 5, 6, 9, 10, 12 novembre 2026<br \/> + session extra le 13 novembre 2026 si n\u00e9cessaire  <\/td>\n<td>\n   <a href=\"https:\/\/www.timeanddate.com\/worldclock\/fixedtime.html?msg=Bootlin+Embedded+Linux+system+development+course&#038;iso=20261102T1400&#038;p1=195\">14:00 &#8211; 14:00<\/a> (Paris, UTC+1)\n  <\/td>\n<td>\n    28 h\n  <\/td>\n<td>\nAnglais  <\/td>\n<td>\n    <a href=\"\/company\/staff\/thomas-petazzoni\">Thomas Petazzoni<\/a>\n  <\/td>\n<td>\n    R\u00e9duit: 999 EUR<sup>*<\/sup><br \/>\n    Normal: 1099 EUR<sup>*<\/sup><br \/>\n    <span style=\"display:block; text-align:center; margin:0 auto; margin-top: 10px; border: 1px solid #007acc; border-radius: 5px; background: white; color: black; padding: 3px;\"><a href=\"https:\/\/shop.bootlin.com\/en\/event\/188\">Inscription<\/a><\/span>\n  <\/td>\n<\/tr>\n<tr>\n<td>\n    <a href=\"\/fr\/formation\/noyau-linux\">D\u00e9veloppement de pilotes de p\u00e9riph\u00e9riques noyau Linux<\/a> (<a href=\"\/doc\/training\/linux-kernel\/linux-kernel-online-fr-agenda.pdf\">agenda<\/a>)      <\/td>\n<td>\n    22, 23, 25, 26, 29, 30 juin, 2 juillet 2026<br \/> + session extra le 3 juillet 2026 si n\u00e9cessaire  <\/td>\n<td>\n   <a href=\"https:\/\/www.timeanddate.com\/worldclock\/fixedtime.html?msg=Bootlin+Linux+kernel+driver+development+course&#038;iso=20260622T1400&#038;p1=195\">14:00 &#8211; 18:00<\/a> (Paris, UTC+2)\n  <\/td>\n<td>\n    28 h\n  <\/td>\n<td>\nAnglais  <\/td>\n<td>\n    <a href=\"\/company\/staff\/gregory-clement\">Gr\u00e9gory Cl\u00e9ment<\/a>\n  <\/td>\n<td>\n    R\u00e9duit: 999 EUR<sup>*<\/sup><br \/>\n    Normal: 1099 EUR<sup>*<\/sup><br \/>\n    <span style=\"display:block; text-align:center; margin:0 auto; margin-top: 10px; border: 1px solid #007acc; border-radius: 5px; background: white; color: black; padding: 3px;\"><a href=\"https:\/\/shop.bootlin.com\/en\/event\/197\">Inscription<\/a><\/span>\n  <\/td>\n<\/tr>\n<tr>\n<td>\n    <a href=\"\/fr\/formation\/buildroot\">D\u00e9veloppement Linux embarqu\u00e9 avec Buildroot<\/a> (<a href=\"\/doc\/training\/buildroot\/buildroot-online-fr-agenda.pdf\">agenda<\/a>)      <\/td>\n<td>\n    7, 8, 9, 10, 11 d\u00e9cembre 2026  <\/td>\n<td>\n   <a href=\"https:\/\/www.timeanddate.com\/worldclock\/fixedtime.html?msg=Bootlin+Buildroot+System+Development+course&#038;iso=20261207T1400&#038;p1=195\">14:00 &#8211; 18:00<\/a> (Paris, UTC+1)\n  <\/td>\n<td>\n    20 h\n  <\/td>\n<td>\nAnglais  <\/td>\n<td>\n    <a href=\"\/company\/staff\/thomas-petazzoni\">Thomas Petazzoni<\/a>\n  <\/td>\n<td>\n    R\u00e9duit: 599 EUR<sup>*<\/sup><br \/>\n    Normal: 699 EUR<sup>*<\/sup><br \/>\n    <span style=\"display:block; text-align:center; margin:0 auto; margin-top: 10px; border: 1px solid #007acc; border-radius: 5px; background: white; color: black; padding: 3px;\"><a href=\"https:\/\/shop.bootlin.com\/en\/event\/170\">Inscription<\/a><\/span>\n  <\/td>\n<\/tr>\n<tr>\n<td>\n    <a href=\"\/fr\/formation\/yocto\">D\u00e9veloppement Linux embarqu\u00e9 avec Yocto Project et OpenEmbedded<\/a> (<a href=\"\/doc\/training\/yocto\/yocto-online-fr-agenda.pdf\">agenda<\/a>)    <br \/><b>COMPLET<\/b>  <\/td>\n<td>\n    20, 21, 22, 23 avril 2026<br \/> + session extra le 24 avril 2026 si n\u00e9cessaire  <\/td>\n<td>\n   <a href=\"https:\/\/www.timeanddate.com\/worldclock\/fixedtime.html?msg=Bootlin+Yocto+Project+and+OpenEmbedded+System+Development+course&#038;iso=20260420T1400&#038;p1=195\">14:00 &#8211; 18:00<\/a> (Paris, UTC+2)\n  <\/td>\n<td>\n    16 h\n  <\/td>\n<td>\nAnglais  <\/td>\n<td>\n    <a href=\"\/company\/staff\/joaomarcos-costa\">Jo\u00e3o Marcos Costa<\/a>\n  <\/td>\n<td>\n    R\u00e9duit: 699 EUR<sup>*<\/sup><br \/>\n    Normal: 799 EUR<sup>*<\/sup><br \/>\n    <span style=\"display:block; text-align:center; margin:0 auto; margin-top: 10px; border: 1px solid #007acc; border-radius: 5px; background: white; color: black; padding: 3px;\"><a href=\"https:\/\/shop.bootlin.com\/en\/event\/186\">Inscription<\/a><\/span>\n  <\/td>\n<\/tr>\n<tr>\n<td>\n    <a href=\"\/fr\/formation\/yocto\">D\u00e9veloppement Linux embarqu\u00e9 avec Yocto Project et OpenEmbedded<\/a> (<a href=\"\/doc\/training\/yocto\/yocto-online-fr-agenda.pdf\">agenda<\/a>)      <\/td>\n<td>\n    22, 23, 24, 25 juin 2026<br \/> + session extra le 26 juin 2026 si n\u00e9cessaire  <\/td>\n<td>\n   <a href=\"https:\/\/www.timeanddate.com\/worldclock\/fixedtime.html?msg=Bootlin+Yocto+Project+and+OpenEmbedded+System+Development+course&#038;iso=20260622T1500&#038;p1=195\">15:00 &#8211; 19:00<\/a> (Paris, UTC+2)\n  <\/td>\n<td>\n    16 h\n  <\/td>\n<td>\nAnglais  <\/td>\n<td>\n    <a href=\"\/company\/staff\/antonin-godard\">Antonin Godard<\/a>\n  <\/td>\n<td>\n    R\u00e9duit: 699 EUR<sup>*<\/sup><br \/>\n    Normal: 799 EUR<sup>*<\/sup><br \/>\n    <span style=\"display:block; text-align:center; margin:0 auto; margin-top: 10px; border: 1px solid #007acc; border-radius: 5px; background: white; color: black; padding: 3px;\"><a href=\"https:\/\/shop.bootlin.com\/en\/event\/196\">Inscription<\/a><\/span>\n  <\/td>\n<\/tr>\n<tr>\n<td>\n    <a href=\"\/fr\/formation\/preempt-rt\">Temps-r\u00e9el sous Linux avec PREEMPT_RT<\/a> (<a href=\"\/doc\/training\/preempt-rt\/preempt-rt-online-fr-agenda.pdf\">agenda<\/a>)      <\/td>\n<td>\n    20, 21, 22 octobre 2026  <\/td>\n<td>\n   <a href=\"https:\/\/www.timeanddate.com\/worldclock\/fixedtime.html?msg=Bootlin+Real-Time+Linux+with+PREEMPT_RT+course&#038;iso=20261020T1400&#038;p1=195\">14:00 &#8211; 18:00<\/a> (Paris, UTC+2)\n  <\/td>\n<td>\n    12 h\n  <\/td>\n<td>\nAnglais  <\/td>\n<td>\n    <a href=\"\/company\/staff\/maxime-chevallier\">Maxime Chevallier<\/a>\n  <\/td>\n<td>\n    R\u00e9duit: 499 EUR<sup>*<\/sup><br \/>\n    Normal: 549 EUR<sup>*<\/sup><br \/>\n    <span style=\"display:block; text-align:center; margin:0 auto; margin-top: 10px; border: 1px solid #007acc; border-radius: 5px; background: white; color: black; padding: 3px;\"><a href=\"https:\/\/shop.bootlin.com\/en\/event\/191\">Inscription<\/a><\/span>\n  <\/td>\n<\/tr>\n<tr>\n<td>\n    <a href=\"\/fr\/formation\/debugging\">Debugging, profiling, tracing et analyse de performance sous Linux<\/a> (<a href=\"\/doc\/training\/debugging\/debugging-online-fr-agenda.pdf\">agenda<\/a>)      <\/td>\n<td>\n    20, 21, 22, 23 avril 2026<br \/> + session extra le 24 avril 2026 si n\u00e9cessaire  <\/td>\n<td>\n   <a href=\"https:\/\/www.timeanddate.com\/worldclock\/fixedtime.html?msg=Bootlin+Linux+debugging,+profiling,+tracing+and+performance+analysis+course&#038;iso=20260420T1400&#038;p1=195\">14:00 &#8211; 18:00<\/a> (Paris, UTC+2)\n  <\/td>\n<td>\n    16 h\n  <\/td>\n<td>\nAnglais  <\/td>\n<td>\n    <a href=\"\/company\/staff\/luca-ceresoli\">Luca Ceresoli<\/a>\n  <\/td>\n<td>\n    R\u00e9duit: 699 EUR<sup>*<\/sup><br \/>\n    Normal: 799 EUR<sup>*<\/sup><br \/>\n    <span style=\"display:block; text-align:center; margin:0 auto; margin-top: 10px; border: 1px solid #007acc; border-radius: 5px; background: white; color: black; padding: 3px;\"><a href=\"https:\/\/shop.bootlin.com\/en\/event\/185\">Inscription<\/a><\/span>\n  <\/td>\n<\/tr>\n<tr>\n<td>\n    <a href=\"\/fr\/formation\/networking\">R\u00e9seau sous Linux embarqu\u00e9<\/a> (<a href=\"\/doc\/training\/networking\/networking-online-fr-agenda.pdf\">agenda<\/a>)      <\/td>\n<td>\n    20, 21, 22, 23, 24 juillet 2026  <\/td>\n<td>\n   <a href=\"https:\/\/www.timeanddate.com\/worldclock\/fixedtime.html?msg=Bootlin+Embedded+Linux+networking+course&#038;iso=20260720T1400&#038;p1=195\">14:00 &#8211; 18:00<\/a> (Paris, UTC+2)\n  <\/td>\n<td>\n    20 h\n  <\/td>\n<td>\nAnglais  <\/td>\n<td>\n    <a href=\"\/company\/staff\/maxime-chevallier\">Maxime Chevallier<\/a>\n  <\/td>\n<td>\n    R\u00e9duit: 899 EUR<sup>*<\/sup><br \/>\n    Normal: 999 EUR<sup>*<\/sup><br \/>\n    <span style=\"display:block; text-align:center; margin:0 auto; margin-top: 10px; border: 1px solid #007acc; border-radius: 5px; background: white; color: black; padding: 3px;\"><a href=\"https:\/\/shop.bootlin.com\/en\/event\/198\">Inscription<\/a><\/span>\n  <\/td>\n<\/tr>\n<tr>\n<td>\n    <a href=\"\/fr\/formation\/securite\">S\u00e9curit\u00e9 des syst\u00e8mes Linux embarqu\u00e9s<\/a> (<a href=\"\/doc\/training\/security\/security-online-fr-agenda.pdf\">agenda<\/a>)      <\/td>\n<td>\n    29, 30 juin, 1, 2 juillet 2026<br \/> + session extra le 3 juillet 2026 si n\u00e9cessaire  <\/td>\n<td>\n   <a href=\"https:\/\/www.timeanddate.com\/worldclock\/fixedtime.html?msg=Bootlin+Embedded+Linux+security+course&#038;iso=20260629T1400&#038;p1=195\">14:00 &#8211; 18:00<\/a> (Paris, UTC+2)\n  <\/td>\n<td>\n    16 h\n  <\/td>\n<td>\nAnglais  <\/td>\n<td>\n    <a href=\"\/company\/staff\/mathieu-dubois-briand\">Mathieu Dubois-Briand<\/a>\n  <\/td>\n<td>\n    R\u00e9duit: 899 EUR<sup>*<\/sup><br \/>\n    Normal: 999 EUR<sup>*<\/sup><br \/>\n    <span style=\"display:block; text-align:center; margin:0 auto; margin-top: 10px; border: 1px solid #007acc; border-radius: 5px; background: white; color: black; padding: 3px;\"><a href=\"https:\/\/shop.bootlin.com\/en\/event\/193\">Inscription<\/a><\/span>\n  <\/td>\n<\/tr>\n<tr>\n<td>\n    <a href=\"\/fr\/formation\/securite\">S\u00e9curit\u00e9 des syst\u00e8mes Linux embarqu\u00e9s<\/a> (<a href=\"\/doc\/training\/security\/security-online-fr-agenda.pdf\">agenda<\/a>)      <\/td>\n<td>\n    6, 7, 8, 9 juillet 2026<br \/> + session extra le 10 juillet 2026 si n\u00e9cessaire  <\/td>\n<td>\n   <a href=\"https:\/\/www.timeanddate.com\/worldclock\/fixedtime.html?msg=Bootlin+Embedded+Linux+security+course&#038;iso=20260706T1400&#038;p1=195\">14:00 &#8211; 18:00<\/a> (Paris, UTC+2)\n  <\/td>\n<td>\n    16 h\n  <\/td>\n<td>\nAnglais  <\/td>\n<td>\n    <a href=\"\/company\/staff\/olivier-benjamin\">Olivier Benjamin<\/a>\n  <\/td>\n<td>\n    R\u00e9duit: 899 EUR<sup>*<\/sup><br \/>\n    Normal: 999 EUR<sup>*<\/sup><br \/>\n    <span style=\"display:block; text-align:center; margin:0 auto; margin-top: 10px; border: 1px solid #007acc; border-radius: 5px; background: white; color: black; padding: 3px;\"><a href=\"https:\/\/shop.bootlin.com\/en\/event\/194\">Inscription<\/a><\/span>\n  <\/td>\n<\/tr>\n<tr>\n<td>\n    <a href=\"\/fr\/formation\/audio\">Audio Linux embarqu\u00e9<\/a> (<a href=\"\/doc\/training\/audio\/audio-online-fr-agenda.pdf\">agenda<\/a>)      <\/td>\n<td>\n    21, 22, 24, 25 septembre 2026  <\/td>\n<td>\n   <a href=\"https:\/\/www.timeanddate.com\/worldclock\/fixedtime.html?msg=Bootlin+Audio+with+embedded+Linux+course&#038;iso=20260921T1400&#038;p1=195\">14:00 &#8211; 18:00<\/a> (Paris, UTC+2)\n  <\/td>\n<td>\n    16 h\n  <\/td>\n<td>\nAnglais  <\/td>\n<td>\n    <a href=\"\/company\/staff\/alexandre-belloni\">Alexandre Belloni<\/a>\n  <\/td>\n<td>\n    R\u00e9duit: 599 EUR<sup>*<\/sup><br \/>\n    Normal: 699 EUR<sup>*<\/sup><br \/>\n    <span style=\"display:block; text-align:center; margin:0 auto; margin-top: 10px; border: 1px solid #007acc; border-radius: 5px; background: white; color: black; padding: 3px;\"><a href=\"https:\/\/shop.bootlin.com\/en\/event\/190\">Inscription<\/a><\/span>\n  <\/td>\n<\/tr>\n<td colspan=\"7\">\n<i>Des sessions suppl\u00e9mentaires \u00e0 des dates ult\u00e9rieures seront annonc\u00e9es progressivement. Nous annon\u00e7ons en g\u00e9n\u00e9ral de nouvelles sessions lorsque les sessions existantes sont compl\u00e8tes ou pass\u00e9es.<\/i>\n<\/td>\n<\/table>\n<p><\/small><\/p>\n<p><small><sup>*<\/sup>Le prix affich\u00e9 est hors TVA. Notre site de vente en ligne applique la TVA pour toute inscription, sauf pour les entreprises hors France sous r\u00e9serve qu&rsquo;elles fournissent des informations de facturation valides (num\u00e9ro de TVA en UE, identifiant de soci\u00e9t\u00e9 hors UE). Les entreprises en France ainsi que les particuliers partout dans le monde doivent payer la TVA.<\/small><\/p>\n<p>Le tarif r\u00e9duit est appliqu\u00e9 selon les conditions suivantes:<\/p>\n<ul>\n<li>R\u00e9servation au minimum 1 mois avant le d\u00e9but de la session de formation<\/li>\n<li>R\u00e9servation et paiement en ligne par carte de cr\u00e9dit sur notre site de vente en ligne<\/li>\n<li>Limite \u00e0 6 places au tarif r\u00e9duit par session de formation<\/li>\n<\/ul>\n<p>Si vous n&rsquo;avez pas la possibilit\u00e9 de vous inscrire via notre site de vente en ligne, n&rsquo;h\u00e9sitez pas \u00e0 <a href=\"mailto:training@bootlin.com\">nous contacter<\/a>, nous pourrons vous proposer une convention de formation et d&rsquo;autres solutions de paiement.<\/p>\n<p>Les inscriptions restent ouvertes sur notre site de vente en ligne jusqu&rsquo;au d\u00e9but de la session, sous r\u00e9serve des places disponibles.<\/p>\n<h3>D\u00e9tails d&rsquo;organisation<\/h3>\n<p>Les participants auront besoin d&rsquo;un ordinateur \u00e9quip\u00e9 d&rsquo;une connexion Internet, d&rsquo;une webcam et d&rsquo;un micro-casque. Les formations sont donn\u00e9es au travers des plateformes <a href=\"https:\/\/fr.wikipedia.org\/wiki\/Jitsi\">Jitsi Meet<\/a> ou <a href=\"https:\/\/fr.wikipedia.org\/wiki\/Google_Meet\">Google Meet<\/a>.<\/p>\n<p>Les participants qui souhaitent r\u00e9aliser les travaux pratiques par eux-m\u00eames devront se procurer le mat\u00e9riel et les accessoires n\u00e9cessaires, sp\u00e9cifiques \u00e0 chaque formation. Tous les d\u00e9tails seront fournis aux participants dans le cadre de l&rsquo;organisation de la formation.<\/p>\n<h3>Financement<\/h3>\n<p>Bootlin dispose de la <a href=\"\/graphics\/certificat-qualiopi.pdf\">certification Qualiopi<\/a>.<\/p>\n<p>N&rsquo;h\u00e9sitez pas \u00e0 contacter votre OPCO pour les possibilit\u00e9s de financement ou \u00e0 <a href=\"\/fr\/societe\/contact\/\">nous contacter<\/a> pour plus de d\u00e9tails.<\/p>\n<h3>Questions et contact<\/h3>\n<p>Pour toute question, vous pouvez nous contacter par e-mail <a href=\"mailto:tr&#97;in&#105;n&#103;&#64;&#98;&#111;o&#116;l&#105;&#110;&#46;co&#109;\">t&#114;&#97;in&#105;n&#103;&#64;bo&#111;t&#108;in&#46;&#99;o&#109;<\/a> ou par t\u00e9l\u00e9phone au +33 484 258 096.<\/p>\n<p><i>Retour vers <a href=\"\/fr\/formation\/\">la description de nos formations<\/a>.<\/i><\/p>\n","protected":false},"excerpt":{"rendered":"<p>Un formateur de Bootlin anime en ligne par visio-conf\u00e9rence une formation publique pour un ensemble de participants provenant de soci\u00e9t\u00e9s diff\u00e9rentes, sur plusieurs demi-journ\u00e9es. Durant ces formations en ligne, nos formateurs alternent entre pr\u00e9sentations et d\u00e9monstrations pratiques. Les participants ont alors le choix entre: suivre les d\u00e9monstrations r\u00e9alis\u00e9es en direct par le formateur, qui suit &hellip; <a href=\"https:\/\/bootlin.com\/fr\/formation\/publique-en-ligne\/\" class=\"more-link\">Continuer la lecture<span class=\"screen-reader-text\"> de &laquo;&nbsp;Sessions publiques en ligne&nbsp;&raquo;<\/span><\/a><\/p>\n","protected":false},"author":3,"featured_media":0,"parent":7,"menu_order":0,"comment_status":"closed","ping_status":"closed","template":"","meta":{"footnotes":""},"class_list":["post-5618","page","type-page","status-publish","hentry"],"_links":{"self":[{"href":"https:\/\/bootlin.com\/fr\/wp-json\/wp\/v2\/pages\/5618","targetHints":{"allow":["GET"]}}],"collection":[{"href":"https:\/\/bootlin.com\/fr\/wp-json\/wp\/v2\/pages"}],"about":[{"href":"https:\/\/bootlin.com\/fr\/wp-json\/wp\/v2\/types\/page"}],"author":[{"embeddable":true,"href":"https:\/\/bootlin.com\/fr\/wp-json\/wp\/v2\/users\/3"}],"replies":[{"embeddable":true,"href":"https:\/\/bootlin.com\/fr\/wp-json\/wp\/v2\/comments?post=5618"}],"version-history":[{"count":411,"href":"https:\/\/bootlin.com\/fr\/wp-json\/wp\/v2\/pages\/5618\/revisions"}],"predecessor-version":[{"id":6875,"href":"https:\/\/bootlin.com\/fr\/wp-json\/wp\/v2\/pages\/5618\/revisions\/6875"}],"up":[{"embeddable":true,"href":"https:\/\/bootlin.com\/fr\/wp-json\/wp\/v2\/pages\/7"}],"wp:attachment":[{"href":"https:\/\/bootlin.com\/fr\/wp-json\/wp\/v2\/media?parent=5618"}],"curies":[{"name":"wp","href":"https:\/\/api.w.org\/{rel}","templated":true}]}}