{"id":5616,"date":"2022-12-28T14:57:35","date_gmt":"2022-12-28T13:57:35","guid":{"rendered":"https:\/\/bootlin.com\/fr\/?page_id=5616"},"modified":"2025-06-25T16:33:44","modified_gmt":"2025-06-25T15:33:44","slug":"privee-en-ligne","status":"publish","type":"page","link":"https:\/\/bootlin.com\/fr\/formation\/privee-en-ligne\/","title":{"rendered":"Sessions priv\u00e9es en ligne"},"content":{"rendered":"<p><img decoding=\"async\" src=\"https:\/\/bootlin.com\/graphics\/flaticon-private-online.png\" alt=\"Icon from www.flaticon.com\" width=\"250\" class=\"alignright\" style=\"padding: 1em;\" \/>Un <a href=\"\/training\/trainers\/\">formateur de Bootlin<\/a> anime en ligne par visio-conf\u00e9rence une formation priv\u00e9e pour votre \u00e9quipe, sur plusieurs demi-journ\u00e9es.<\/p>\n<p>Durant ces formations en ligne, nos formateurs alternent entre pr\u00e9sentations et d\u00e9monstrations pratiques. Les participants ont alors le choix entre:<\/p>\n<ol>\n<li>suivre les d\u00e9monstrations r\u00e9alis\u00e9es en direct par le formateur, qui suit \u00e9tape par \u00e9tape les travaux pratiques pr\u00e9vus dans nos formations. Cette option \u00e9vite aux participants de devoir acqu\u00e9rir le mat\u00e9riel n\u00e9cessaire \u00e0 la r\u00e9alisation des travaux pratiques. Les participants peuvent poser des questions \u00e0 tout moment pour obtenir des pr\u00e9cisions sur les d\u00e9monstrations.<\/li>\n<li>suivre les d\u00e9monstrations r\u00e9alis\u00e9es en direct par le formateur puis reproduire par eux-m\u00eames les travaux pratiques en dehors des heures de formation. Dans ce cas, les participants devront acqu\u00e9rir le mat\u00e9riel n\u00e9cessaire \u00e0 la r\u00e9alisation de la formation, qui n&rsquo;est pas inclus dans l&rsquo;offre de prix de Bootlin. Les participants peuvent b\u00e9n\u00e9ficier du support du formateur en dehors des heures de formation par messagerie instantan\u00e9e<\/li>\n<\/ol>\n<p>Nos frais sont les m\u00eames quel que soit le nombre de personnes \u00e0 former, avec 16 personnes maximum par session de formation. Aucun nombre minimum de participants.<\/p>\n<p>Nos formations en ligne sont d\u00e9coup\u00e9es sur des demi-journ\u00e9es de 4 heures afin de :<\/p>\n<ul>\n<li>maintenir une concentration et une attention satisfaisante sur toute la dur\u00e9e de la formation<\/li>\n<li>permettre aux participants de poursuivre leurs activit\u00e9s habituelles \u00e0 mi-temps<\/li>\n<li>permettre aux participants de finaliser leurs travaux pratiques, si ils ont choisi de les r\u00e9aliser par eux-m\u00eames<\/li>\n<li>s&rsquo;adapter aux contraintes de d\u00e9calage horaire entre le formateur et les participants<\/li>\n<\/ul>\n<p>Nos formations priv\u00e9es en ligne peuvent constituer une alternative avantageuse \u00e0 <a href=\"\/fr\/formation\/publique-en-ligne\/\">nos sessions publiques en ligne<\/a> :<\/p>\n<ul>\n<li>Des dates et des dur\u00e9es journali\u00e8res flexibles, correspondant aux disponibilit\u00e9s de vos \u00e9quipes.<\/li>\n<li>Confidentialit\u00e9 : libert\u00e9 de poser des questions en rapport avec les projets et la strat\u00e9gie de votre entreprise.<\/li>\n<li>Tarification plus int\u00e9ressante pour un groupe de taille sup\u00e9rieure \u00e0 7-8 participants.<\/li>\n<li>Langue: possibilit\u00e9 d&rsquo;avoir une session en fran\u00e7ais plut\u00f4t qu&rsquo;en anglais.<\/li>\n<\/ul>\n<h3>D\u00e9tails d&rsquo;organisation<\/h3>\n<p>Les participants auront besoin d&rsquo;un ordinateur \u00e9quip\u00e9 d&rsquo;une connexion Internet, d&rsquo;une webcam et d&rsquo;un micro-casque. Les formations sont donn\u00e9es au travers des plateformes <a href=\"https:\/\/fr.wikipedia.org\/wiki\/Jitsi\">Jitsi Meet<\/a> ou <a href=\"https:\/\/fr.wikipedia.org\/wiki\/Google_Meet\">Google Meet<\/a>.<\/p>\n<p>Les participants qui souhaitent r\u00e9aliser les travaux pratiques par eux-m\u00eames devront se procurer le mat\u00e9riel et les accessoires n\u00e9cessaires, sp\u00e9cifiques \u00e0 chaque formation. Tous les d\u00e9tails seront fournis aux participants dans le cadre de l&rsquo;organisation de la formation.<\/p>\n<h3>Financement<\/h3>\n<p>Bootlin dispose de la <a href=\"\/graphics\/certificat-qualiopi.pdf\">certification Qualiopi<\/a>.<\/p>\n<p>N&rsquo;h\u00e9sitez pas \u00e0 contacter votre OPCO pour les possibilit\u00e9s de financement ou \u00e0 <a href=\"\/fr\/societe\/contact\/\">nous contacter<\/a> pour plus de d\u00e9tails.<\/p>\n<h3>Comment commander une session priv\u00e9e en ligne<\/h3>\n<p>Pour inscrire un groupe et demander un devis, veuillez contacter <a href=\"mailto:&#116;&#114;a&#105;n&#105;&#110;g&#64;&#98;ootlin&#46;&#99;om\">t&#114;a&#105;ning&#64;bootli&#110;&#46;co&#109;<\/a> et nous indiquer:<\/p>\n<ul>\n<li>La ou les sessions de formation qui vous int\u00e9ressent (voir <a href=\"\/fr\/formation\/\">la liste compl\u00e8te<\/a>)<\/li>\n<li>Vos pr\u00e9f\u00e9rences de dates<\/li>\n<li>Le nombre de personnes \u00e0 former<\/li>\n<li>Toutes vos questions<\/li>\n<\/ul>\n<p>Vous pouvez \u00e9galement nous appeler au +33 484 258 096.<\/p>\n<p><i>Retour vers <a href=\"\/fr\/formation\/\">la description de nos formations<\/a>.<\/i><\/p>\n","protected":false},"excerpt":{"rendered":"<p>Un formateur de Bootlin anime en ligne par visio-conf\u00e9rence une formation priv\u00e9e pour votre \u00e9quipe, sur plusieurs demi-journ\u00e9es. Durant ces formations en ligne, nos formateurs alternent entre pr\u00e9sentations et d\u00e9monstrations pratiques. Les participants ont alors le choix entre: suivre les d\u00e9monstrations r\u00e9alis\u00e9es en direct par le formateur, qui suit \u00e9tape par \u00e9tape les travaux pratiques &hellip; <a href=\"https:\/\/bootlin.com\/fr\/formation\/privee-en-ligne\/\" class=\"more-link\">Continuer la lecture<span class=\"screen-reader-text\"> de &laquo;&nbsp;Sessions priv\u00e9es en ligne&nbsp;&raquo;<\/span><\/a><\/p>\n","protected":false},"author":3,"featured_media":0,"parent":7,"menu_order":0,"comment_status":"closed","ping_status":"closed","template":"","meta":{"footnotes":""},"class_list":["post-5616","page","type-page","status-publish","hentry"],"_links":{"self":[{"href":"https:\/\/bootlin.com\/fr\/wp-json\/wp\/v2\/pages\/5616","targetHints":{"allow":["GET"]}}],"collection":[{"href":"https:\/\/bootlin.com\/fr\/wp-json\/wp\/v2\/pages"}],"about":[{"href":"https:\/\/bootlin.com\/fr\/wp-json\/wp\/v2\/types\/page"}],"author":[{"embeddable":true,"href":"https:\/\/bootlin.com\/fr\/wp-json\/wp\/v2\/users\/3"}],"replies":[{"embeddable":true,"href":"https:\/\/bootlin.com\/fr\/wp-json\/wp\/v2\/comments?post=5616"}],"version-history":[{"count":7,"href":"https:\/\/bootlin.com\/fr\/wp-json\/wp\/v2\/pages\/5616\/revisions"}],"predecessor-version":[{"id":6471,"href":"https:\/\/bootlin.com\/fr\/wp-json\/wp\/v2\/pages\/5616\/revisions\/6471"}],"up":[{"embeddable":true,"href":"https:\/\/bootlin.com\/fr\/wp-json\/wp\/v2\/pages\/7"}],"wp:attachment":[{"href":"https:\/\/bootlin.com\/fr\/wp-json\/wp\/v2\/media?parent=5616"}],"curies":[{"name":"wp","href":"https:\/\/api.w.org\/{rel}","templated":true}]}}