{"id":5136,"date":"2021-10-26T15:23:49","date_gmt":"2021-10-26T14:23:49","guid":{"rendered":"https:\/\/bootlin.com\/fr\/?page_id=5136"},"modified":"2026-04-11T08:40:53","modified_gmt":"2026-04-11T07:40:53","slug":"preempt-rt","status":"publish","type":"page","link":"https:\/\/bootlin.com\/fr\/formation\/preempt-rt\/","title":{"rendered":"Formation Temps-r\u00e9el sous Linux avec PREEMPT_RT"},"content":{"rendered":"<p class=\"summary\">Apprendre \u00e0 construire, ex\u00e9cuter et d\u00e9bugger des syst\u00e8mes Linux temps-r\u00e9el avec <i>PREEMPT_RT<\/i><\/p>\n<h3>D\u00e9tails sur la formation<\/h3>\n<p><img decoding=\"async\" src=\"https:\/\/bootlin.com\/graphics\/flaticon-realtime-training.png\" alt=\"Icon from www.flaticon.com\" width=\"250\" class=\"alignright\" style=\"padding-left: 1em;\" \/><\/p>\n<ul>\n<li><b>Dur\u00e9e<\/b> : 2 jours \/ 16 heures (sur site) &#8211; 3 demi-journ\u00e9es \/ 12 heures (en ligne)<\/li>\n<li><b>Programme<\/b> : <a href=\"\/doc\/training\/preempt-rt\/preempt-rt-fr-agenda.pdf\">sur site<\/a> &#8211; <a href=\"\/doc\/training\/preempt-rt\/preempt-rt-online-fr-agenda.pdf\">en ligne<\/a><\/li>\n<li><b>Supports de formation<\/b> : <a href=\"\/doc\/training\/preempt-rt\/preempt-rt-slides.pdf\">transparents<\/a>, <a href=\"\/doc\/training\/preempt-rt\/preempt-rt-stm32mp1-labs.pdf\">travaux pratiques<\/a>, <a href=\"\/doc\/training\/preempt-rt\/preempt-rt-stm32mp1-labs.tar.xz\">donn\u00e9es de travaux pratiques<\/a><\/li>\n<li><b>Langue des documents<\/b> : anglais<\/li>\n<li><b>Langues orales possibles :<\/b> anglais et fran\u00e7ais.\n<\/li>\n<\/ul>\n<h3>Types de sessions<\/h3>\n<ul>\n<li><a href=\"\/fr\/formation\/privee-presentiel\/\">Session priv\u00e9e en pr\u00e9sentiel<\/a>, sur demande<\/li>\n<li><a href=\"\/fr\/formation\/privee-en-ligne\/\">Session priv\u00e9e en ligne<\/a>, sur demande<\/li>\n<li><a href=\"\/fr\/formation\/publique-en-ligne\/\">Session publique en ligne<\/a>, dates ci-dessous<\/li>\n<\/ul>\n<h3>Dates des sessions publiques en ligne<\/h3>\n<h3>Dates des sessions publiques en ligne<\/h3>\n<p><small><\/p>\n<table class=\"content\">\n<tr>\n<th style=\"width: 15%\">Type<\/th>\n<th style=\"width: 15%\">Dates<\/th>\n<th style=\"width: 17%\">Horaires<\/th>\n<th style=\"width: 8%\">Dur\u00e9e<\/th>\n<th style=\"width: 8%\">Langue<\/th>\n<th style=\"width: 12%\">Formateur<br \/>pr\u00e9vu<\/th>\n<th style=\"width: 15%\">Co\u00fbt et inscription<\/th>\n<\/tr>\n<tr>\n<td>\n    <a href=\"\/fr\/formation\/preempt-rt\">Temps-r\u00e9el sous Linux avec PREEMPT_RT<\/a> (<a href=\"\/doc\/training\/preempt-rt\/preempt-rt-online-fr-agenda.pdf\">agenda<\/a>)      <\/td>\n<td>\n    20, 21, 22 octobre 2026  <\/td>\n<td>\n   <a href=\"https:\/\/www.timeanddate.com\/worldclock\/fixedtime.html?msg=Bootlin+Real-Time+Linux+with+PREEMPT_RT+course&#038;iso=20261020T1400&#038;p1=195\">14:00 &#8211; 18:00<\/a> (Paris, UTC+2)\n  <\/td>\n<td>\n    12 h\n  <\/td>\n<td>\nAnglais  <\/td>\n<td>\n    <a href=\"\/company\/staff\/maxime-chevallier\">Maxime Chevallier<\/a>\n  <\/td>\n<td>\n    R\u00e9duit: 499 EUR<sup>*<\/sup><br \/>\n    Normal: 549 EUR<sup>*<\/sup><br \/>\n    <span style=\"display:block; text-align:center; margin:0 auto; margin-top: 10px; border: 1px solid #007acc; border-radius: 5px; background: white; color: black; padding: 3px;\"><a href=\"https:\/\/shop.bootlin.com\/en\/event\/191\">Inscription<\/a><\/span>\n  <\/td>\n<\/tr>\n<td colspan=\"7\">\n<i>Des sessions suppl\u00e9mentaires \u00e0 des dates ult\u00e9rieures seront annonc\u00e9es progressivement. Nous annon\u00e7ons en g\u00e9n\u00e9ral de nouvelles sessions lorsque les sessions existantes sont compl\u00e8tes ou pass\u00e9es.<\/i>\n<\/td>\n<\/table>\n<p><\/small><\/p>\n<p><small><sup>*<\/sup>Le prix affich\u00e9 est hors TVA. Notre site de vente en ligne applique la TVA pour toute inscription, sauf pour les entreprises hors France sous r\u00e9serve qu&rsquo;elles fournissent des informations de facturation valides (num\u00e9ro de TVA en UE, identifiant de soci\u00e9t\u00e9 hors UE). Les entreprises en France ainsi que les particuliers partout dans le monde doivent payer la TVA.<\/small><\/p>\n<p>Le tarif r\u00e9duit est appliqu\u00e9 selon les conditions suivantes:<\/p>\n<ul>\n<li>R\u00e9servation au minimum 1 mois avant le d\u00e9but de la session de formation<\/li>\n<li>R\u00e9servation et paiement en ligne par carte de cr\u00e9dit sur notre site de vente en ligne<\/li>\n<li>Limite \u00e0 6 places au tarif r\u00e9duit par session de formation<\/li>\n<\/ul>\n<p>Si vous n&rsquo;avez pas la possibilit\u00e9 de vous inscrire via notre site de vente en ligne, n&rsquo;h\u00e9sitez pas \u00e0 <a href=\"mailto:training@bootlin.com\">nous contacter<\/a>, nous pourrons vous proposer une convention de formation et d&rsquo;autres solutions de paiement.<\/p>\n<p>Les inscriptions restent ouvertes sur notre site de vente en ligne jusqu&rsquo;au d\u00e9but de la session, sous r\u00e9serve des places disponibles.<\/p>\n<h3>Public vis\u00e9<\/h3>\n<p><a href=\"\/graphics\/onsite-training.jpg\"><img decoding=\"async\" class=\"alignright\" src=\"\/graphics\/onsite-training.jpg\" style=\"width: 300px\" alt=\"View of Bootlin on-site training\"\/><\/a>Cette formation s&rsquo;adresse aux entreprises et ing\u00e9nieurs qui doivent mettre en oeuvre et benchmarker des applications temps-r\u00e9el sur un syst\u00e8me Linux embarqu\u00e9.<\/p>\n<h3>Objectifs op\u00e9rationnels<\/h3>\n<ul>\n<li>\u00catre capable de comprendre et de ma\u00eetriser les caract\u00e9ristiques d&rsquo;un syst\u00e8me d&rsquo;exploitation temps-r\u00e9el<\/li>\n<li>\u00catre capable de t\u00e9l\u00e9charger, compiler et utiliser le patch <i>PREEMPT_RT<\/i><\/li>\n<li>\u00catre capable d&rsquo;identifier et de benchmarker la plateforme mat\u00e9rielle en terme de caract\u00e9ristiques temps-r\u00e9el<\/li>\n<li>\u00catre capable de configurer le noyau Linux pour un comportement d\u00e9terministe<\/li>\n<li>\u00catre capable de d\u00e9velopper, de tracer et de d\u00e9bugger des applications user-space temps-r\u00e9el.<\/li>\n<\/ul>\n<p>Voir <a href=\"\/doc\/training\/preempt-rt\/preempt-rt-online-fr-agenda.pdf\">l&rsquo;agenda d\u00e9taill\u00e9<\/a>. \u00c0 la fin de cette formation, vous aurez une solide compr\u00e9hension du support temps-r\u00e9el sous Linux avec <i>PREEMPT_RT<\/i>, et de comment d\u00e9velopper et d\u00e9bugger des applications temps-r\u00e9el sous Linux.<\/p>\n<h3>Supports de cours<\/h3>\n<p>Tous les <a href=\"\/doc\/training\/preempt-rt\">supports de cours<\/a> utilis\u00e9s lors de cette formation sont int\u00e9gralement et gratuitement disponibles sur notre site, vous permettant de valider avec pr\u00e9cision l&rsquo;ad\u00e9quation de la formation \u00e0 vos besoins.<\/p>\n<h3>Travaux pratiques<\/h3>\n<p><img decoding=\"async\" src=\"\/graphics\/discovery-board-dk1.jpg\" style=\"float: right; margin:1em; margin-right:0; width: 300px;\" alt=\"STM32MP157C-DK1 Discovery board\"\/>Dans nos formations en pr\u00e9sentiel, chaque partie th\u00e9orique est suivie d&rsquo;une mise en \u0153uvre pratique r\u00e9alis\u00e9e par le participant. Ces travaux pratiques repr\u00e9sentent 50% du temps de la formation. Chaque participant disposera d&rsquo;une carte \u00e9lectronique \u00e0 base de processeur ARM STM32MP157 Discovery (<a href=\"https:\/\/www.st.com\/en\/evaluation-tools\/stm32mp157a-dk1.html\">STM32MP157A-DK1<\/a>, <a href=\"https:\/\/www.st.com\/en\/evaluation-tools\/stm32mp157d-dk1.html\">STM32MP157D-DK1<\/a>, <a href=\"https:\/\/www.st.com\/en\/evaluation-tools\/stm32mp157c-dk2.html\">STM32MP157C-DK2<\/a>, <a href=\"https:\/\/www.st.com\/en\/evaluation-tools\/stm32mp157f-dk2.html\">STM32MP157F-DK2<\/a>). Vous vous en servirez pour mettre en oeuvre un noyau Linux avec <i>PREEMPT_RT<\/i>, d\u00e9velopper des applications temps-r\u00e9el, benchmarker le syst\u00e8me et analyser les latences temps-r\u00e9el.<\/p>\n<p>Dans nos formations en ligne, les travaux pratiques sont r\u00e9alis\u00e9s comme des d\u00e9monstrations en direct par le formateur. Les participants peuvent poser des questions \u00e0 tout instant. Optionnellement, les participants qui ont \u00e0 leur disposition les accessoires mat\u00e9riels peuvent reproduire les travaux pratiques par eux-m\u00eames.<\/p>\n<p>Notez que notre formation est ind\u00e9pendante du mat\u00e9riel et qu\u2019elle reste donc pertinente m\u00eame si la plateforme cible de votre prochain projet n\u2019est pas exactement celle utilis\u00e9e pour les travaux pratiques.<\/p>\n<h3>Pr\u00e9-requis<\/h3>\n<ul>\n<li><b>Exp\u00e9rience minimale en d\u00e9veloppement Linux embarqu\u00e9<\/b>: les participants doivent avoir une compr\u00e9hension minimale de l&rsquo;architecture d&rsquo;un syst\u00e8me Linux embarqu\u00e9: r\u00f4le du noyau Linux par rapport \u00e0 l&rsquo;espace utilisateur, d\u00e9veloppement d&rsquo;applications espace utilisateur en C. Suivre la formation <a href=\"https:\/\/bootlin.com\/fr\/formation\/linux-embarque\/\">Linux embarqu\u00e9<\/a> de Bootlin permet de remplir ce pr\u00e9-requis.<\/li>\n<li><b>Niveau minimal requis en anglais: B1<\/b>, d&rsquo;apr\u00e8s le <a href=\"https:\/\/www.coe.int\/en\/web\/common-european-framework-reference-languages\">Common European Framework of References for Languages<\/a> pour nos sessions anim\u00e9es en anglais. Voir la <a href=\"https:\/\/bootlin.com\/pub\/training\/cefr-grid.pdf\">grille CEFR<\/a> pour une auto-\u00e9valuation.<\/li>\n<\/ul>\n<h3>\u00c9quipement n\u00e9cessaire<\/h3>\n<ul>\n<li>Pour les sessions en ligne, d\u00e9di\u00e9es ou publiques:\n<ul>\n<li>Ordinateur avec le syst\u00e8me d&rsquo;exploitation de votre choix, avec un navigateur Chrome ou Chromium pour la vid\u00e9o-conf\u00e9rence.<\/li>\n<li>Webcam et casque audio avec microphone<\/li>\n<li>Connexion haut d\u00e9bit \u00e0 Internet<\/li>\n<li>Optionnellement: les accessoires mat\u00e9riels pour les travaux pratiques, si vous souhaitez reproduire ces travaux pratiques par vous-m\u00eame. Notez bien que cela n&rsquo;est pas obligatoire: vous pouvez suivre la formation sans ces accessoires mat\u00e9riels, car le formateur va r\u00e9aliser tous les travaux pratiques sous la forme de d\u00e9monstrations en direct.<\/li>\n<\/ul>\n<\/li>\n<li>Pour les sessions d\u00e9di\u00e9es en pr\u00e9sentiel:\n<ul>\n<li>Salle de formation<\/li>\n<li>Vid\u00e9o-projecteur<\/li>\n<li>Un ordinateur PC r\u00e9cent sur chaque bureau (pour 1 ou 2 personnes), install\u00e9 avec Linux. Voir le programme de la formation pour les d\u00e9tails.<\/li>\n<li>Acc\u00e8s \u00e0 Internet haut d\u00e9bit et non filtr\u00e9<\/li>\n<li>Bootlin fournit pour la dur\u00e9e de la formation tous les accessoires mat\u00e9riels n\u00e9cessaires pour les travaux pratiques.<\/li>\n<\/ul>\n<\/li>\n<li>Pour les sessions publiques en pr\u00e9sentiel, Bootlin fournit l&rsquo;ensemble de l&rsquo;\u00e9quipement n\u00e9cessaire.<\/li>\n<\/ul>\n<h3>Retours de nos clients<\/h3>\n<p><em>Maxime a \u00e9t\u00e9 tr\u00e8s perspicace et aidant. J\u2019ai appr\u00e9ci\u00e9 son encouragement \u00e0 poser des questions directement et sa mani\u00e8re de les traiter imm\u00e9diatement, de mani\u00e8re spontan\u00e9e.<\/em><\/p>\n<p align=\"right\">Participant \u00e0 la formation, octobre 2024<\/p>\n<p><em>Maxime \u00e9tait un excellent communicant et a fait un travail remarquable en pr\u00e9sentant les outils et options de configuration que nous avons lorsque nous travaillons avec Linux temps-r\u00e9el.<\/em><\/p>\n<p align=\"right\">Participant \u00e0 la formation, f\u00e9vrier 2024<\/p>\n<p><em>La formation \u00e9tait bien organis\u00e9e et bien focalis\u00e9e sur le sujet. Le formateur \u00e9tait tr\u00e8s comp\u00e9tent sur le sujet et a montr\u00e9 de nombreux exemples pratiques. Cette formation a \u00e9t\u00e9 une exp\u00e9rience 100% positive me concernant.<\/em>(traduit de l&rsquo;anglais)<\/p>\n<p align=\"right\">Premier client ayant command\u00e9 la formation<\/p>\n<ul>\n<li>En 2023, 93,9% des participants \u00e9taient tr\u00e8s satisfaits de la formation, lui attribuant une note \u00e9gale ou sup\u00e9rieure \u00e0 8 sur 10 pour l\u2019\u00e9valuation globale de notre formation.<\/li>\n<li>En 2023, 100% des participants ont obtenu leur certificat de formation en ayant plus de 50 % de r\u00e9ponses correctes \u00e0 notre quiz final.<\/li>\n<\/ul>\n<p>Au passage, vous pouvez \u00e9galement consulter <a href=\"\/training\/ratings\">les \u00e9valuations<\/a> des participants aux pr\u00e9c\u00e9dentes sessions. Comme pour les supports de formation, nous sommes transparents et nous publions <b>toutes<\/b> les \u00e9valuations que nous r\u00e9coltons, et pas seulement les meilleures.<\/p>\n<h3>Participants en situation de handicap<\/h3>\n<p>Les participants en situation de handicap qui ont des besoins sp\u00e9cifiques sont invit\u00e9s \u00e0 <a href=\"\/fr\/societe\/contact\/\">nous contacter<\/a> afin de discuter des adaptations n\u00e9cessaires \u00e0 la formation.<\/p>\n<h3>Contact<\/h3>\n<p>Pour toute question, inscription ou commentaire, vous pouvez nous contacter :<\/p>\n<ul>\n<li><a href=\"mailto:trai&#110;i&#110;&#103;&#64;bo&#111;&#116;l&#105;n&#46;co&#109;\">t&#114;&#97;&#105;&#110;&#105;n&#103;&#64;bo&#111;tli&#110;.com<\/a><\/li>\n<li>t\u00e9l\u00e9phone : +33 484 258 096<\/li>\n<\/ul>\n<h3>Plus de d\u00e9tails sur nos formations<\/h3>\n<ul>\n<li><a href=\"\/training\/faq\">Questions fr\u00e9quemment pos\u00e9es<\/a><\/li>\n<li><a href=\"\/training\/reasons\">Atouts des formations de Bootlin<\/a><\/li>\n<li><a href=\"\/training\/ratings\">\u00c9valuations et retours des participants \u00e0 nos sessions de formation<\/a><\/li>\n<li><a href=\"\/training\/trainers\">Profil des formateurs de Bootlin<\/a><\/li>\n<\/ul>\n","protected":false},"excerpt":{"rendered":"<p>Apprendre \u00e0 construire, ex\u00e9cuter et d\u00e9bugger des syst\u00e8mes Linux temps-r\u00e9el avec PREEMPT_RT D\u00e9tails sur la formation Dur\u00e9e : 2 jours \/ 16 heures (sur site) &#8211; 3 demi-journ\u00e9es \/ 12 heures (en ligne) Programme : sur site &#8211; en ligne Supports de formation : transparents, travaux pratiques, donn\u00e9es de travaux pratiques Langue des documents : &hellip; <a href=\"https:\/\/bootlin.com\/fr\/formation\/preempt-rt\/\" class=\"more-link\">Continuer la lecture<span class=\"screen-reader-text\"> de &laquo;&nbsp;Formation Temps-r\u00e9el sous Linux avec PREEMPT_RT&nbsp;&raquo;<\/span><\/a><\/p>\n","protected":false},"author":3,"featured_media":0,"parent":7,"menu_order":0,"comment_status":"closed","ping_status":"closed","template":"","meta":{"footnotes":""},"class_list":["post-5136","page","type-page","status-publish","hentry"],"_links":{"self":[{"href":"https:\/\/bootlin.com\/fr\/wp-json\/wp\/v2\/pages\/5136","targetHints":{"allow":["GET"]}}],"collection":[{"href":"https:\/\/bootlin.com\/fr\/wp-json\/wp\/v2\/pages"}],"about":[{"href":"https:\/\/bootlin.com\/fr\/wp-json\/wp\/v2\/types\/page"}],"author":[{"embeddable":true,"href":"https:\/\/bootlin.com\/fr\/wp-json\/wp\/v2\/users\/3"}],"replies":[{"embeddable":true,"href":"https:\/\/bootlin.com\/fr\/wp-json\/wp\/v2\/comments?post=5136"}],"version-history":[{"count":76,"href":"https:\/\/bootlin.com\/fr\/wp-json\/wp\/v2\/pages\/5136\/revisions"}],"predecessor-version":[{"id":6839,"href":"https:\/\/bootlin.com\/fr\/wp-json\/wp\/v2\/pages\/5136\/revisions\/6839"}],"up":[{"embeddable":true,"href":"https:\/\/bootlin.com\/fr\/wp-json\/wp\/v2\/pages\/7"}],"wp:attachment":[{"href":"https:\/\/bootlin.com\/fr\/wp-json\/wp\/v2\/media?parent=5136"}],"curies":[{"name":"wp","href":"https:\/\/api.w.org\/{rel}","templated":true}]}}