{"id":48,"date":"2009-02-09T17:52:38","date_gmt":"2009-02-09T16:52:38","guid":{"rendered":"http:\/\/free-electrons.com:8086\/fr\/?page_id=48"},"modified":"2024-10-31T10:59:36","modified_gmt":"2024-10-31T09:59:36","slug":"legal","status":"publish","type":"page","link":"https:\/\/bootlin.com\/fr\/societe\/legal\/","title":{"rendered":"Informations l\u00e9gales"},"content":{"rendered":"<p>\nNom de la soci\u00e9t\u00e9: Bootlin<br \/>\nStructure juridique: Soci\u00e9t\u00e9 par Actions Simplifi\u00e9e (SAS)<br \/>\nG\u00e9rants: Thomas Petazzoni et Alexandre Belloni<br \/>\nCapital: 50 000 \u20ac<br \/>\nRCS Lyon No 483 248 399<br \/>\nNo SIRET: 48324839900105<br \/>\nCode APE (NAF): 6202A<br \/>\nNum\u00e9ro de TVA intra-communautaire: FR87 483 248 399<br \/>\nNum\u00e9ro Dun &#038; Bradstreet (DUNS): 280024014<\/p>\n<p>Bootlin est agr\u00e9\u00e9e <a href=\"https:\/\/www.service-public.fr\/professionnels-entreprises\/vosdroits\/F23533\">Cr\u00e9dit Imp\u00f4t Recherche<\/a>, permettant \u00e0 nos clients d&rsquo;inclure dans leur CIR les prestations de Bootlin couvrant des activit\u00e9s de R&#038;D.<\/p>\n<p>Formation professionnelle: enregistr\u00e9 sous le num\u00e9ro 84 69 18275 69. Cet enregistrement ne vaut pas agr\u00e9ment de l\u2019Etat.<\/p>\n<p>Conform\u00e9ment \u00e0 ses obligations l\u00e9gales, Bootlin d\u00e9pose ses bilans \u00e0 l&rsquo;issue de chaque exercice fiscal. Ceux-ci sont publics.<\/p>\n<p>Voici o\u00f9 vous pourrez trouver des d\u00e9tails sur Bootlin:<\/p>\n<ul>\n<li><a href=\"http:\/\/www.societe.com\/societe\/free-electrons-483248399.html\">societe.com<\/a> (lien direct)<\/li>\n<li><a href=\"http:\/\/infogreffe.fr\">infogreffe.fr<\/a>: bilans (gratuits) et autres documents.<\/li>\n<li><a href=\"http:\/\/dnb.com\/\">Dun &#038; Bradstreet<\/a>: num\u00e9ro DUNS : 280024014<\/li>\n<\/ul>\n","protected":false},"excerpt":{"rendered":"<p>Nom de la soci\u00e9t\u00e9: Bootlin Structure juridique: Soci\u00e9t\u00e9 par Actions Simplifi\u00e9e (SAS) G\u00e9rants: Thomas Petazzoni et Alexandre Belloni Capital: 50 000 \u20ac RCS Lyon No 483 248 399 No SIRET: 48324839900105 Code APE (NAF): 6202A Num\u00e9ro de TVA intra-communautaire: FR87 483 248 399 Num\u00e9ro Dun &#038; Bradstreet (DUNS): 280024014 Bootlin est agr\u00e9\u00e9e Cr\u00e9dit Imp\u00f4t Recherche, &hellip; <a href=\"https:\/\/bootlin.com\/fr\/societe\/legal\/\" class=\"more-link\">Continuer la lecture<span class=\"screen-reader-text\"> de &laquo;&nbsp;Informations l\u00e9gales&nbsp;&raquo;<\/span><\/a><\/p>\n","protected":false},"author":2,"featured_media":0,"parent":21,"menu_order":6,"comment_status":"closed","ping_status":"closed","template":"","meta":{"footnotes":""},"class_list":["post-48","page","type-page","status-publish","hentry"],"_links":{"self":[{"href":"https:\/\/bootlin.com\/fr\/wp-json\/wp\/v2\/pages\/48","targetHints":{"allow":["GET"]}}],"collection":[{"href":"https:\/\/bootlin.com\/fr\/wp-json\/wp\/v2\/pages"}],"about":[{"href":"https:\/\/bootlin.com\/fr\/wp-json\/wp\/v2\/types\/page"}],"author":[{"embeddable":true,"href":"https:\/\/bootlin.com\/fr\/wp-json\/wp\/v2\/users\/2"}],"replies":[{"embeddable":true,"href":"https:\/\/bootlin.com\/fr\/wp-json\/wp\/v2\/comments?post=48"}],"version-history":[{"count":33,"href":"https:\/\/bootlin.com\/fr\/wp-json\/wp\/v2\/pages\/48\/revisions"}],"predecessor-version":[{"id":6187,"href":"https:\/\/bootlin.com\/fr\/wp-json\/wp\/v2\/pages\/48\/revisions\/6187"}],"up":[{"embeddable":true,"href":"https:\/\/bootlin.com\/fr\/wp-json\/wp\/v2\/pages\/21"}],"wp:attachment":[{"href":"https:\/\/bootlin.com\/fr\/wp-json\/wp\/v2\/media?parent=48"}],"curies":[{"name":"wp","href":"https:\/\/api.w.org\/{rel}","templated":true}]}}