{"id":445,"date":"2009-11-02T18:36:16","date_gmt":"2009-11-02T17:36:16","guid":{"rendered":"http:\/\/free-electrons.com\/fr\/?page_id=445"},"modified":"2026-04-14T15:31:02","modified_gmt":"2026-04-14T14:31:02","slug":"noyau-linux","status":"publish","type":"page","link":"https:\/\/bootlin.com\/fr\/formation\/noyau-linux\/","title":{"rendered":"Formation d\u00e9veloppement de pilotes de p\u00e9riph\u00e9riques noyau Linux"},"content":{"rendered":"<p class=\"summary\">Familiarisez-vous avec le d\u00e9veloppement de pilotes de p\u00e9riph\u00e9riques pour le noyau Linux<\/p>\n<h3>D\u00e9tails sur la formation<\/h3>\n<p><img decoding=\"async\" src=\"https:\/\/bootlin.com\/graphics\/flaticon-kernel-training.png\" alt=\"Icon from www.flaticon.com\" width=\"250\" class=\"alignright\" style=\"padding-left: 1em;\" \/><\/p>\n<ul>\n<li><b>Dur\u00e9e<\/b> : 5 jours \/ 40 heures (en pr\u00e9sentiel) &#8211; 7 demi-journ\u00e9es \/ 28 heures (en ligne)<\/li>\n<li><b>Programme<\/b> : <a href=\"\/doc\/training\/linux-kernel\/linux-kernel-fr-agenda.pdf\">en pr\u00e9sentiel<\/a>, <a href=\"\/doc\/training\/linux-kernel\/linux-kernel-online-fr-agenda.pdf\">en ligne<\/a><\/li>\n<li><b>Supports de formation<\/b>\n<ul>\n<li><a href=\"\/doc\/training\/linux-kernel\/linux-kernel-slides.pdf\">Transparents<\/a><\/li>\n<li>Travaux pratiques sur <a href=\"\/doc\/training\/linux-kernel\/linux-kernel-bbb-labs.pdf\">TI BeagleBone Black<\/a>, <a href=\"\/doc\/training\/linux-kernel\/linux-kernel-beagleplay-labs.pdf\">TI BeaglePlay<\/a> ou <a href=\"\/doc\/training\/linux-kernel\/linux-kernel-imx93-frdm-labs.pdf\">NXP i.MX93 FRDM<\/a><\/li>\n<li>Donn\u00e9es de travaux pratiques pour <a href=\"\/doc\/training\/linux-kernel\/linux-kernel-bbb-labs.tar.xz\">TI BeagleBone Black<\/a>, <a href=\"\/doc\/training\/linux-kernel\/linux-kernel-beagleplay-labs.tar.xz\">TI BeaglePlay<\/a> ou <a href=\"\/doc\/training\/linux-kernel\/linux-kernel-imx93-frdm-labs.tar.xz\">NXP i.MX93 FRDM<\/a><\/li>\n<\/ul>\n<\/li>\n<li><b>Langue des documents<\/b> : anglais<\/li>\n<li><b>Langues orales possibles :<\/b> anglais et fran\u00e7ais.\n<\/li>\n<\/ul>\n<h3>Types de sessions<\/h3>\n<ul>\n<li><a href=\"\/fr\/formation\/privee-presentiel\/\">Session priv\u00e9e en pr\u00e9sentiel<\/a>, sur demande<\/li>\n<li><a href=\"\/fr\/formation\/privee-en-ligne\/\">Session priv\u00e9e en ligne<\/a>, sur demande<\/li>\n<li><a href=\"\/fr\/formation\/publique-en-ligne\/\">Session publique en ligne<\/a>, dates ci-dessous<\/li>\n<\/ul>\n<h3>Dates des sessions publiques en ligne<\/h3>\n<h3>Dates des sessions publiques en ligne<\/h3>\n<p><small><\/p>\n<table class=\"content\">\n<tr>\n<th style=\"width: 15%\">Type<\/th>\n<th style=\"width: 15%\">Dates<\/th>\n<th style=\"width: 17%\">Horaires<\/th>\n<th style=\"width: 8%\">Dur\u00e9e<\/th>\n<th style=\"width: 8%\">Langue<\/th>\n<th style=\"width: 12%\">Formateur<br \/>pr\u00e9vu<\/th>\n<th style=\"width: 15%\">Co\u00fbt et inscription<\/th>\n<\/tr>\n<tr>\n<td>\n    <a href=\"\/fr\/formation\/noyau-linux\">D\u00e9veloppement de pilotes de p\u00e9riph\u00e9riques noyau Linux<\/a> (<a href=\"\/doc\/training\/linux-kernel\/linux-kernel-online-fr-agenda.pdf\">agenda<\/a>)      <\/td>\n<td>\n    22, 23, 25, 26, 29, 30 juin, 2 juillet 2026<br \/> + session extra le 3 juillet 2026 si n\u00e9cessaire  <\/td>\n<td>\n   <a href=\"https:\/\/www.timeanddate.com\/worldclock\/fixedtime.html?msg=Bootlin+Linux+kernel+driver+development+course&#038;iso=20260622T1400&#038;p1=195\">14:00 &#8211; 18:00<\/a> (Paris, UTC+2)\n  <\/td>\n<td>\n    28 h\n  <\/td>\n<td>\nAnglais  <\/td>\n<td>\n    <a href=\"\/company\/staff\/gregory-clement\">Gr\u00e9gory Cl\u00e9ment<\/a>\n  <\/td>\n<td>\n    R\u00e9duit: 999 EUR<sup>*<\/sup><br \/>\n    Normal: 1099 EUR<sup>*<\/sup><br \/>\n    <span style=\"display:block; text-align:center; margin:0 auto; margin-top: 10px; border: 1px solid #007acc; border-radius: 5px; background: white; color: black; padding: 3px;\"><a href=\"https:\/\/shop.bootlin.com\/en\/event\/197\">Inscription<\/a><\/span>\n  <\/td>\n<\/tr>\n<td colspan=\"7\">\n<i>Des sessions suppl\u00e9mentaires \u00e0 des dates ult\u00e9rieures seront annonc\u00e9es progressivement. Nous annon\u00e7ons en g\u00e9n\u00e9ral de nouvelles sessions lorsque les sessions existantes sont compl\u00e8tes ou pass\u00e9es.<\/i>\n<\/td>\n<\/table>\n<p><\/small><\/p>\n<p><small><sup>*<\/sup>Le prix affich\u00e9 est hors TVA. Notre site de vente en ligne applique la TVA pour toute inscription, sauf pour les entreprises hors France sous r\u00e9serve qu&rsquo;elles fournissent des informations de facturation valides (num\u00e9ro de TVA en UE, identifiant de soci\u00e9t\u00e9 hors UE). Les entreprises en France ainsi que les particuliers partout dans le monde doivent payer la TVA.<\/small><\/p>\n<p>Le tarif r\u00e9duit est appliqu\u00e9 selon les conditions suivantes:<\/p>\n<ul>\n<li>R\u00e9servation au minimum 1 mois avant le d\u00e9but de la session de formation<\/li>\n<li>R\u00e9servation et paiement en ligne par carte de cr\u00e9dit sur notre site de vente en ligne<\/li>\n<li>Limite \u00e0 6 places au tarif r\u00e9duit par session de formation<\/li>\n<\/ul>\n<p>Si vous n&rsquo;avez pas la possibilit\u00e9 de vous inscrire via notre site de vente en ligne, n&rsquo;h\u00e9sitez pas \u00e0 <a href=\"mailto:training@bootlin.com\">nous contacter<\/a>, nous pourrons vous proposer une convention de formation et d&rsquo;autres solutions de paiement.<\/p>\n<p>Les inscriptions restent ouvertes sur notre site de vente en ligne jusqu&rsquo;au d\u00e9but de la session, sous r\u00e9serve des places disponibles.<\/p>\n<h3>Public vis\u00e9<\/h3>\n<p><a href=\"\/graphics\/onsite-training.jpg\"><img decoding=\"async\" class=\"alignright\" src=\"\/graphics\/onsite-training.jpg\" style=\"width: 300px\" alt=\"Poste de travail\"\/><\/a>Cette formation est con\u00e7ue pour les ing\u00e9nieurs qui souhaitent d\u00e9velopper ou am\u00e9liorer des pilotes de p\u00e9riph\u00e9riques dans le noyau Linux, pour des projets sur plateforme embarqu\u00e9 ou sur plateforme PC traditionnelle. En cinq jours, au travers de cours th\u00e9oriques et de travaux pratiques, la formation introduit les bases essentielles du d\u00e9veloppement noyau : architecture du noyau, les principales APIs, int\u00e9gration du pilote de p\u00e9riph\u00e9rique avec le reste du noyau et avec les applications.<\/p>\n<h3>Objectifs op\u00e9rationnels<\/h3>\n<ul>\n<li>\u00catre capable de configurer, compiler et installer le noyau Linux sur un syst\u00e8me embarqu\u00e9.<\/li>\n<li>\u00catre capable de comprendre l&rsquo;architecture g\u00e9n\u00e9rale du noyau Linux, et comment les applications user-space Linux interagissent avec le noyau Linux.<\/li>\n<li>\u00catre capable de d\u00e9velopper des pilotes de p\u00e9riph\u00e9riques simples mais complets dans le noyau Linux, au travers du d\u00e9veloppement \u00e0 partir de z\u00e9ro de deux drivers, pour deux p\u00e9riph\u00e9riques diff\u00e9rents, qui illustrent les principaux concepts de la formation.<\/li>\n<li>\u00catre capable de naviguer dans les diff\u00e9rents m\u00e9canismes du noyau Linux pour les pilotes de p\u00e9riph\u00e9riques: Device Tree, device model, infrastructures de bus.<\/li>\n<li>\u00catre capable de d\u00e9velopper des pilotes de p\u00e9riph\u00e9riques qui communiquent avec des p\u00e9riph\u00e9riques mat\u00e9riels.<\/li>\n<li>\u00catre capable de d\u00e9velopper des pilotes de p\u00e9riph\u00e9riques qui exposent les fonctionnalit\u00e9s du mat\u00e9riel aux applications Linux user-space: p\u00e9riph\u00e9riques caract\u00e8res, sous-syst\u00e8mes du noyau Linux pour les p\u00e9riph\u00e9riques.<\/li>\n<li>\u00catre capable d&rsquo;utiliser les principaux m\u00e9canismes du noyau Linux pour le d\u00e9veloppement de pilotes de p\u00e9riph\u00e9riques: gestion m\u00e9moire, verouillage, gestion des interruptions, mise en sommeil et r\u00e9veil de threads.<\/li>\n<li>\u00catre capable de d\u00e9bugger des probl\u00e8mes dans le noyau Linux, en utilisant diff\u00e9rents outils et m\u00e9canismes de debug.<\/li>\n<\/ul>\n<h3>Supports de cours<\/h3>\n<p>Tous les supports de cours utilis\u00e9s lors de cette formation sont <a href=\"\/doc\/training\/linux-kernel\/\">int\u00e9gralement et gratuitement disponibles sur notre site<\/a>, vous permettant de valider avec pr\u00e9cision l&rsquo;ad\u00e9quation de la formation \u00e0 vos besoins.<\/p>\n<h3>Travaux pratiques<\/h3>\n<p><img decoding=\"async\" src=\"\/graphics\/beagleboneblack-landscape.jpg\" style=\"float: right; margin:1em; margin-right:0; width: 200px; clear: both;\" alt=\"TI BeagleBone Black\"\/><img decoding=\"async\" src=\"\/graphics\/beagleplay.jpg\" style=\"float: right; margin:1em; margin-right:0; width: 200px; clear: both;\" alt=\"TI BeaglePlay\"\/><img decoding=\"async\" src=\"\/graphics\/imx93-frdm.jpg\" style=\"float: right; margin:1em; margin-right:0; width: 200px; clear: both;\" alt=\"NXP i.MX93 FRDM\"\/>Dans nos formations en pr\u00e9sentiel, chaque partie th\u00e9orique est suivie d&rsquo;une mise en \u0153uvre pratique r\u00e9alis\u00e9e par le participant. Ces travaux pratiques repr\u00e9sentent 50% \u00e0 60% du temps de la formation. Chaque participant disposera d&rsquo;une carte \u00e9lectronique \u00e0 base de processeur ARM, au choix parmi:<\/p>\n<ul>\n<li><a href=\"https:\/\/www.beagleboard.org\/boards\/beaglebone-black\">TI BeagleBone Black<\/a><\/li>\n<li><a href=\"https:\/\/www.beagleboard.org\/boards\/beagleplay\">TI BeaglePlay<\/a><\/li>\n<li><a href=\"https:\/\/www.nxp.com\/design\/design-center\/software\/development-software\/mcuxpresso-software-and-tools-\/frdm-i-mx-93-development-board:FRDM-IMX93\">NXP i.MX93 FRDM<\/a><\/li>\n<\/ul>\n<p>Vous vous familiariserez avec les m\u00e9canismes et les interfaces standard fournis par le noyau Linux, \u00e0 travers l&rsquo;impl\u00e9mentation de pilotes pour un p\u00e9riph\u00e9rique I2C (<a href=\"https:\/\/en.wikipedia.org\/wiki\/Wii_Remote#Nunchuk\">Nintendo Wii Nunchuk<\/a> dans nos travaux pratiques) ainsi que pour les ports s\u00e9rie du processeur ARM. Cet apprentissage vous aidera \u00e0 impl\u00e9menter des pilotes pour tous types de p\u00e9riph\u00e9riques.<\/p>\n<p>Dans nos formations en ligne, les travaux pratiques sont r\u00e9alis\u00e9s comme des d\u00e9monstrations en direct par le formateur. Les participants peuvent poser des questions \u00e0 tout instant. Optionnellement, les participants qui ont \u00e0 leur disposition les accessoires mat\u00e9riels peuvent reproduire les travaux pratiques par eux-m\u00eames.<\/p>\n<p>Notez que notre formation est ind\u00e9pendante du mat\u00e9riel et qu\u2019elle reste donc pertinente m\u00eame si la plateforme cible de votre prochain projet n\u2019est pas exactement celle utilis\u00e9e pour les travaux pratiques.<\/p>\n<h3>Pr\u00e9-requis<\/h3>\n<ul>\n<li><b>Exp\u00e9rience solide en programmation avec le langage C<\/b>: les participants doivent ma\u00eetriser l&rsquo;utilisation de types de donn\u00e9es et structures complexes, des pointeurs, pointeurs sur fonction et du pr\u00e9-processeur C.<\/li>\n<li><b>Connaissance et pratique des commandes UNIX ou GNU\/Linux<\/b>: les participants doivent \u00eatre \u00e0 l&rsquo;aise avec l&rsquo;utilisation de la ligne de commande Linux. Les participants manquant d&rsquo;exp\u00e9rience sur ce sujet doivent se former par eux-m\u00eames, par exemple en utilisant nos supports de formation disponible \u00e0 l&rsquo;adresse <a href=\"https:\/\/bootlin.com\/blog\/command-line\/\">https:\/\/bootlin.com\/blog\/command-line\/<\/a>.<\/li>\n<li><b>Exp\u00e9rience minimale en d\u00e9veloppement Linux embarqu\u00e9<\/b>: les participants doivent avoir une compr\u00e9hension minimale de l&rsquo;architecture d&rsquo;un syst\u00e8me Linux embarqu\u00e9: r\u00f4le du noyau Linux par rapport \u00e0 l&rsquo;espace utilisateur, d\u00e9veloppement d&rsquo;applications espace utilisateur en C. Suivre la formation <a href=\"https:\/\/bootlin.com\/fr\/formation\/linux-embarque\/\">Linux embarqu\u00e9<\/a> de Bootlin permet de remplir ce pr\u00e9-requis.<\/li>\n<li><b>Niveau minimal requis en anglais: B1<\/b>, d&rsquo;apr\u00e8s le <a href=\"https:\/\/www.coe.int\/en\/web\/common-european-framework-reference-languages\">Common European Framework of References for Languages<\/a> pour nos sessions anim\u00e9es en anglais. Voir la <a href=\"https:\/\/bootlin.com\/pub\/training\/cefr-grid.pdf\">grille CEFR<\/a> pour une auto-\u00e9valuation.<\/li>\n<\/ul>\n<h3>\u00c9quipement n\u00e9cessaire<\/h3>\n<ul>\n<li>Pour les sessions en ligne, d\u00e9di\u00e9es ou publiques:\n<ul>\n<li>Ordinateur avec le syst\u00e8me d&rsquo;exploitation de votre choix, avec un navigateur Chrome ou Chromium pour la vid\u00e9o-conf\u00e9rence.<\/li>\n<li>Webcam et casque audio avec microphone<\/li>\n<li>Connexion haut d\u00e9bit \u00e0 Internet<\/li>\n<li>Optionnellement: les accessoires mat\u00e9riels pour les travaux pratiques, si vous souhaitez reproduire ces travaux pratiques par vous-m\u00eame. Notez bien que cela n&rsquo;est pas obligatoire: vous pouvez suivre la formation sans ces accessoires mat\u00e9riels, car le formateur va r\u00e9aliser tous les travaux pratiques sous la forme de d\u00e9monstrations en direct.<\/li>\n<\/ul>\n<\/li>\n<li>Pour les sessions d\u00e9di\u00e9es en pr\u00e9sentiel:\n<ul>\n<li>Salle de formation<\/li>\n<li>Vid\u00e9o-projecteur<\/li>\n<li>Un ordinateur PC r\u00e9cent sur chaque bureau (pour 1 ou 2 personnes), install\u00e9 avec Linux. Voir le programme de la formation pour les d\u00e9tails.<\/li>\n<li>Acc\u00e8s \u00e0 Internet haut d\u00e9bit et non filtr\u00e9<\/li>\n<li>Bootlin fournit pour la dur\u00e9e de la formation tous les accessoires mat\u00e9riels n\u00e9cessaires pour les travaux pratiques.<\/li>\n<\/ul>\n<\/li>\n<li>Pour les sessions publiques en pr\u00e9sentiel, Bootlin fournit l&rsquo;ensemble de l&rsquo;\u00e9quipement n\u00e9cessaire.<\/li>\n<\/ul>\n<h3>Retours de nos clients<\/h3>\n<p><em><br \/>\nC&rsquo;\u00e9tait un excellent cours par Miqu\u00e8l Raynal \ud83e\udd13\ud83d\udc68\u200d\ud83c\udfeb\ud83d\udc4d. Je l&rsquo;ai beaucoup appr\u00e9ci\u00e9 et j&rsquo;en ai beaucoup appris. Assez amusant, juste apr\u00e8s le cours, j&rsquo;ai d\u00fb faire quelques modifications du Device Tree \ud83d\udee0\ufe0f et je me suis souvenu de tous les conseils et astuces qu&rsquo;il a mentionn\u00e9s.<br \/>\n<\/em><\/p>\n<p align=\"right\">Ahmed Elsalahy, sur <a href=\"https:\/\/www.linkedin.com\/feed\/update\/urn:li:activity:7206235802643693569\/\">LinkedIn<\/a><\/p>\n<p><em><br \/>\nJe voudrais remercier Maxime Chevallier et Bootlin pour leur excellent cours sur le d\u00e9veloppement de pilotes du noyau Linux. Nous avons pass\u00e9 deux excellentes semaines \u00e0 apprendre des concepts tr\u00e8s int\u00e9ressants et utiles. Je recommande vivement aux d\u00e9veloppeurs souhaitant am\u00e9liorer leurs comp\u00e9tences et leurs connaissances du noyau Linux d&rsquo;assister \u00e0 leurs cours.<br \/>\n<\/em><\/p>\n<p align=\"right\">Patrik Nordvall &#8211; Saab, <a href=\"https:\/\/www.linkedin.com\/feed\/update\/urn:li:activity:7166721887467769856\/\">lien<\/a><\/p>\n<p><em><br \/>\nLa formation a \u00e9t\u00e9 tr\u00e8s utile pour monter en comp\u00e9tence et avoir une exp\u00e9rience pratique dans le d\u00e9veloppement sur le noyau Linux en g\u00e9n\u00e9ral et dans le d\u00e9veloppement de pilotes de p\u00e9riph\u00e9riques pour Linux en particulier. Nous avons trouv\u00e9 le formateur tr\u00e8s comp\u00e9tent et toujours pr\u00eat \u00e0 nous aider quand nous \u00e9tions plong\u00e9s dans les travaux pratiques et quand nous posions des questions sp\u00e9cifiques au sujet de probl\u00e8mes que nous rencontrons dans nos t\u00e2ches de d\u00e9veloppement.<br \/>\n<\/em> (traduit de l&rsquo;anglais)<\/p>\n<p align=\"right\">Steen Hegelund &#8211; Microchip Technology Inc<\/p>\n<p><em><br \/>\nLes ing\u00e9nieurs de Bootlin ont prouv\u00e9 \u00e0 plusieurs reprises que leur expertise en formation Linux est in\u00e9gal\u00e9e. Les formations existentes \u00e9taient non seulement inestimables pour former notre personnel, mais ils \u00e9taient \u00e9galement pr\u00eats \u00e0 adapter et \u00e0 introduire de nouvelles formations, taill\u00e9es sur mesure pour nos besoins.<br \/>\n<\/em> (traduit de l&rsquo;anglais)<\/p>\n<p align=\"right\">Nikola Jeli\u0107 &#8211; Zuehlke Engineering<\/p>\n<ul>\n<li>En 2023, 93,9% des participants \u00e9taient tr\u00e8s satisfaits de la formation, lui attribuant une note \u00e9gale ou sup\u00e9rieure \u00e0 8 sur 10 pour l\u2019\u00e9valuation globale de notre formation.<\/li>\n<li>En 2023, 97,7% des participants ont obtenu leur certificat de formation en ayant plus de 50 % de r\u00e9ponses correctes \u00e0 notre quiz final.<\/li>\n<\/ul>\n<p>Au passage, vous pouvez \u00e9galement consulter <a href=\"\/training\/ratings\">les \u00e9valuations<\/a> des participants aux pr\u00e9c\u00e9dentes sessions. Comme pour les supports de formation, nous sommes transparents et nous publions <b>toutes<\/b> les \u00e9valuations que nous r\u00e9coltons, et pas seulement les meilleures.<\/p>\n<h3>Participants en situation de handicap<\/h3>\n<p>Les participants en situation de handicap qui ont des besoins sp\u00e9cifiques sont invit\u00e9s \u00e0 <a href=\"\/fr\/societe\/contact\/\">nous contacter<\/a> afin de discuter des adaptations n\u00e9cessaires \u00e0 la formation.<\/p>\n<h3>Contact<\/h3>\n<p>Pour toute question, inscription ou commentaire, vous pouvez nous contacter :<\/p>\n<ul>\n<li><a href=\"mailto:&#116;&#114;&#97;&#105;n&#105;n&#103;&#64;b&#111;o&#116;l&#105;n&#46;&#99;om\">&#116;&#114;aining&#64;b&#111;otlin.c&#111;m<\/a><\/li>\n<li>t\u00e9l\u00e9phone : +33 484 258 096<\/li>\n<\/ul>\n<h3>Plus de d\u00e9tails sur nos formations<\/h3>\n<ul>\n<li><a href=\"\/training\/faq\">Questions fr\u00e9quemment pos\u00e9es<\/a><\/li>\n<li><a href=\"\/training\/reasons\">Atouts des formations de Bootlin<\/a><\/li>\n<li><a href=\"\/training\/ratings\">\u00c9valuations et retours des participants \u00e0 nos sessions de formation<\/a><\/li>\n<li><a href=\"\/training\/trainers\">Profil des formateurs de Bootlin<\/a><\/li>\n<\/ul>\n","protected":false},"excerpt":{"rendered":"<p>Familiarisez-vous avec le d\u00e9veloppement de pilotes de p\u00e9riph\u00e9riques pour le noyau Linux D\u00e9tails sur la formation Dur\u00e9e : 5 jours \/ 40 heures (en pr\u00e9sentiel) &#8211; 7 demi-journ\u00e9es \/ 28 heures (en ligne) Programme : en pr\u00e9sentiel, en ligne Supports de formation Transparents Travaux pratiques sur TI BeagleBone Black, TI BeaglePlay ou NXP i.MX93 FRDM &hellip; <a href=\"https:\/\/bootlin.com\/fr\/formation\/noyau-linux\/\" class=\"more-link\">Continuer la lecture<span class=\"screen-reader-text\"> de &laquo;&nbsp;Formation d\u00e9veloppement de pilotes de p\u00e9riph\u00e9riques noyau Linux&nbsp;&raquo;<\/span><\/a><\/p>\n","protected":false},"author":3,"featured_media":0,"parent":7,"menu_order":0,"comment_status":"closed","ping_status":"closed","template":"","meta":{"footnotes":""},"class_list":["post-445","page","type-page","status-publish","hentry"],"_links":{"self":[{"href":"https:\/\/bootlin.com\/fr\/wp-json\/wp\/v2\/pages\/445","targetHints":{"allow":["GET"]}}],"collection":[{"href":"https:\/\/bootlin.com\/fr\/wp-json\/wp\/v2\/pages"}],"about":[{"href":"https:\/\/bootlin.com\/fr\/wp-json\/wp\/v2\/types\/page"}],"author":[{"embeddable":true,"href":"https:\/\/bootlin.com\/fr\/wp-json\/wp\/v2\/users\/3"}],"replies":[{"embeddable":true,"href":"https:\/\/bootlin.com\/fr\/wp-json\/wp\/v2\/comments?post=445"}],"version-history":[{"count":370,"href":"https:\/\/bootlin.com\/fr\/wp-json\/wp\/v2\/pages\/445\/revisions"}],"predecessor-version":[{"id":6868,"href":"https:\/\/bootlin.com\/fr\/wp-json\/wp\/v2\/pages\/445\/revisions\/6868"}],"up":[{"embeddable":true,"href":"https:\/\/bootlin.com\/fr\/wp-json\/wp\/v2\/pages\/7"}],"wp:attachment":[{"href":"https:\/\/bootlin.com\/fr\/wp-json\/wp\/v2\/media?parent=445"}],"curies":[{"name":"wp","href":"https:\/\/api.w.org\/{rel}","templated":true}]}}