{"id":38,"date":"2009-02-09T16:04:26","date_gmt":"2009-02-09T15:04:26","guid":{"rendered":"http:\/\/free-electrons.com:8086\/fr\/?page_id=38"},"modified":"2024-10-31T10:55:45","modified_gmt":"2024-10-31T09:55:45","slug":"contact","status":"publish","type":"page","link":"https:\/\/bootlin.com\/fr\/societe\/contact\/","title":{"rendered":"Contact"},"content":{"rendered":"<p class=\"summary\">Comment nous contacter<\/p>\n<dl>\n<dt>Informations sur nos services d&rsquo;ing\u00e9nierie et de conseil<\/dt>\n<dd><a href=\"mailto:&#105;&#110;&#102;&#111;&#64;bo&#111;&#116;&#108;in.&#99;o&#109;\">in&#102;o&#64;b&#111;&#111;&#116;&#108;i&#110;&#46;&#99;&#111;m<\/a><\/dd>\n<dt>Information sur nos formations et inscription<\/dt>\n<dd><a href=\"mailto:tr&#97;&#105;&#110;&#105;n&#103;&#64;boo&#116;lin&#46;&#99;&#111;m\">t&#114;&#97;&#105;ni&#110;&#103;&#64;boo&#116;&#108;&#105;n&#46;&#99;&#111;&#109;<\/a><\/dd>\n<dt>Candidatures &#8211; Pour travailler pour ou avec Bootlin<\/dt>\n<dd><a href=\"mailto:j&#111;bs&#64;&#98;o&#111;&#116;l&#105;&#110;&#46;c&#111;&#109;\">jo&#98;s&#64;b&#111;otl&#105;n&#46;&#99;om<\/a><\/dd>\n<dt>Commentaires sur nos documentations<\/dt>\n<dd><a href=\"mailto:feed&#98;&#97;&#99;k&#64;bo&#111;tl&#105;&#110;.&#99;&#111;m\">&#102;&#101;&#101;dba&#99;k&#64;&#98;o&#111;&#116;l&#105;&#110;.&#99;&#111;m<\/a><\/dd>\n<dt>Commentaires sur le site bootlin.com<\/dt>\n<dd><a href=\"mailto:&#119;e&#98;ma&#115;&#116;&#101;&#114;&#64;&#98;oot&#108;in.c&#111;m\">&#119;ebm&#97;&#115;&#116;&#101;&#114;&#64;&#98;&#111;ot&#108;&#105;n.&#99;om<\/a><\/dd>\n<dt>Si\u00e8ge social<\/dt>\n<dd>Bootlin<br \/>\n9 Avenue des Saules<br \/>\n69600 Oullins-Pierre-B\u00e9nite<br \/>\nFrance<br \/>\n<a href=\"https:\/\/www.openstreetmap.org\/?mlat=45.714103&#038;mlon=4.819944#map=19\/45.714103\/4.819944\">Plan<\/a><\/dd>\n<dt>\u00c9tablissement de Toulouse<\/dt>\n<dd>Bootlin<br \/>\nB\u00e2timent Aristote<br \/>\n25 boulevard Victor Hugo<br \/>\n31770 Colomiers<br \/>\nFrance<br \/>\n<a href=\"https:\/\/www.openstreetmap.org\/?mlat=43.61379&#038;mlon=1.30761#map=18\/43.61379\/1.30761\">Map<\/a><\/dd>\n<dd>Bien que n&rsquo;ayant actuellement que des bureaux en France, nous sommes pr\u00eats \u00e0 travailler avec des soci\u00e9t\u00e9s partout dans le monde.<\/dd>\n<dt>T\u00e9l\u00e9phone<\/dt>\n<dd><b>Formation<\/b>: +33 484 258 096<br \/>\n<b>Ing\u00e9nierie et conseil<\/b>: nous vous demandons d&rsquo;envoyer une description de vos besoins \u00e0 <a href=\"mailto:i&#110;&#102;&#111;&#64;bo&#111;&#116;&#108;&#105;&#110;.&#99;&#111;&#109;\">inf&#111;&#64;bo&#111;&#116;&#108;in&#46;c&#111;&#109;<\/a>.<br \/>\n<b>Direction et administration<\/b>: +33 484 258 096\n<\/dl>\n","protected":false},"excerpt":{"rendered":"<p>Comment nous contacter Informations sur nos services d&rsquo;ing\u00e9nierie et de conseil Information sur nos formations et inscription Candidatures &#8211; Pour travailler pour ou avec Bootlin Commentaires sur nos documentations Commentaires sur le site bootlin.com Si\u00e8ge social Bootlin 9 Avenue des Saules 69600 Oullins-Pierre-B\u00e9nite France Plan \u00c9tablissement de Toulouse Bootlin B\u00e2timent Aristote 25 boulevard Victor Hugo &hellip; <a href=\"https:\/\/bootlin.com\/fr\/societe\/contact\/\" class=\"more-link\">Continuer la lecture<span class=\"screen-reader-text\"> de &laquo;&nbsp;Contact&nbsp;&raquo;<\/span><\/a><\/p>\n","protected":false},"author":2,"featured_media":0,"parent":21,"menu_order":0,"comment_status":"closed","ping_status":"closed","template":"","meta":{"footnotes":""},"class_list":["post-38","page","type-page","status-publish","hentry"],"_links":{"self":[{"href":"https:\/\/bootlin.com\/fr\/wp-json\/wp\/v2\/pages\/38","targetHints":{"allow":["GET"]}}],"collection":[{"href":"https:\/\/bootlin.com\/fr\/wp-json\/wp\/v2\/pages"}],"about":[{"href":"https:\/\/bootlin.com\/fr\/wp-json\/wp\/v2\/types\/page"}],"author":[{"embeddable":true,"href":"https:\/\/bootlin.com\/fr\/wp-json\/wp\/v2\/users\/2"}],"replies":[{"embeddable":true,"href":"https:\/\/bootlin.com\/fr\/wp-json\/wp\/v2\/comments?post=38"}],"version-history":[{"count":47,"href":"https:\/\/bootlin.com\/fr\/wp-json\/wp\/v2\/pages\/38\/revisions"}],"predecessor-version":[{"id":6186,"href":"https:\/\/bootlin.com\/fr\/wp-json\/wp\/v2\/pages\/38\/revisions\/6186"}],"up":[{"embeddable":true,"href":"https:\/\/bootlin.com\/fr\/wp-json\/wp\/v2\/pages\/21"}],"wp:attachment":[{"href":"https:\/\/bootlin.com\/fr\/wp-json\/wp\/v2\/media?parent=38"}],"curies":[{"name":"wp","href":"https:\/\/api.w.org\/{rel}","templated":true}]}}