{"id":34,"date":"2009-02-08T16:02:27","date_gmt":"2009-02-08T15:02:27","guid":{"rendered":"http:\/\/free-electrons.com:8086\/fr\/?page_id=34"},"modified":"2019-12-10T10:31:39","modified_gmt":"2019-12-10T09:31:39","slug":"apropos","status":"publish","type":"page","link":"https:\/\/bootlin.com\/fr\/societe\/apropos\/","title":{"rendered":"Pr\u00e9sentation de Bootlin"},"content":{"rendered":"<p>Bootlin est une soci\u00e9t\u00e9 d&rsquo;ing\u00e9nierie sp\u00e9cialis\u00e9e en Linux embarqu\u00e9 et plus g\u00e9n\u00e9ralement en logiciel libre et open-source pour syst\u00e8mes embarqu\u00e9s.<\/p>\n<p>Nous offrons notre large exp\u00e9rience de d\u00e9veloppement Linux embarqu\u00e9 au travers de nos <a href=\"\/fr\/ingenierie\/\">services d&rsquo;ing\u00e9nierie<\/a>. Nous pouvons vous aider \u00e0 introduire Linux dans vos produits et projets embarqu\u00e9s, au travers de services comme l&rsquo;adaptation de bootloader et du noyau Linux, du d\u00e9veloppement de pilotes de p\u00e9riph\u00e9riques, de l&rsquo;int\u00e9gration de briques open-source et de construction de syst\u00e8me. Nous pouvons aussi vous aider \u00e0 optimiser la performance de votre syst\u00e8me (temps de d\u00e9marrage, r\u00e9seau, stockage et puissance de traitement).<\/p>\n<p>Nous offrons des <a href=\"\/fr\/formation\/\">services de formation<\/a>, sur Linux embarqu\u00e9, sur le noyau Linux et le d\u00e9veloppement de pilotes de mat\u00e9riel et sur le d\u00e9veloppement syst\u00e8me avec Yocto Project \/ OpenEmbedded ou avec Buildroot.<\/p>\n<p>Depuis nos d\u00e9buts en 2004, nous sommes fortement impliqu\u00e9s dans la communaut\u00e9 du Logiciel Libre, en publiant tous nos <a href=\"\/docs\/\">supports de formation<\/a> sous une licence de documentation libre et en contribuant \u00e0 des projets de Logiciels Libres du domaine de l&#8217;embarqu\u00e9 (noyau Linux, Buildroot, Yocto Project, etc.).<\/p>\n<p>Bootlin est bas\u00e9e en France, mais offre ses services dans le monde entier.<\/p>\n<p>N&rsquo;h\u00e9sitez pas \u00e0 <a href=\"\/fr\/societe\/contact\">\u00e0 nous faire part des objectifs de votre projet<\/a>.<\/p>\n","protected":false},"excerpt":{"rendered":"<p>Bootlin est une soci\u00e9t\u00e9 d&rsquo;ing\u00e9nierie sp\u00e9cialis\u00e9e en Linux embarqu\u00e9 et plus g\u00e9n\u00e9ralement en logiciel libre et open-source pour syst\u00e8mes embarqu\u00e9s. Nous offrons notre large exp\u00e9rience de d\u00e9veloppement Linux embarqu\u00e9 au travers de nos services d&rsquo;ing\u00e9nierie. Nous pouvons vous aider \u00e0 introduire Linux dans vos produits et projets embarqu\u00e9s, au travers de services comme l&rsquo;adaptation de &hellip; <a href=\"https:\/\/bootlin.com\/fr\/societe\/apropos\/\" class=\"more-link\">Continuer la lecture<span class=\"screen-reader-text\"> de &laquo;&nbsp;Pr\u00e9sentation de Bootlin&nbsp;&raquo;<\/span><\/a><\/p>\n","protected":false},"author":2,"featured_media":0,"parent":21,"menu_order":0,"comment_status":"closed","ping_status":"closed","template":"","meta":{"footnotes":""},"class_list":["post-34","page","type-page","status-publish","hentry"],"_links":{"self":[{"href":"https:\/\/bootlin.com\/fr\/wp-json\/wp\/v2\/pages\/34","targetHints":{"allow":["GET"]}}],"collection":[{"href":"https:\/\/bootlin.com\/fr\/wp-json\/wp\/v2\/pages"}],"about":[{"href":"https:\/\/bootlin.com\/fr\/wp-json\/wp\/v2\/types\/page"}],"author":[{"embeddable":true,"href":"https:\/\/bootlin.com\/fr\/wp-json\/wp\/v2\/users\/2"}],"replies":[{"embeddable":true,"href":"https:\/\/bootlin.com\/fr\/wp-json\/wp\/v2\/comments?post=34"}],"version-history":[{"count":38,"href":"https:\/\/bootlin.com\/fr\/wp-json\/wp\/v2\/pages\/34\/revisions"}],"predecessor-version":[{"id":4128,"href":"https:\/\/bootlin.com\/fr\/wp-json\/wp\/v2\/pages\/34\/revisions\/4128"}],"up":[{"embeddable":true,"href":"https:\/\/bootlin.com\/fr\/wp-json\/wp\/v2\/pages\/21"}],"wp:attachment":[{"href":"https:\/\/bootlin.com\/fr\/wp-json\/wp\/v2\/media?parent=34"}],"curies":[{"name":"wp","href":"https:\/\/api.w.org\/{rel}","templated":true}]}}