{"id":3101,"date":"2015-12-11T15:51:06","date_gmt":"2015-12-11T14:51:06","guid":{"rendered":"http:\/\/free-electrons.com\/fr\/?page_id=3101"},"modified":"2015-12-11T16:14:37","modified_gmt":"2015-12-11T15:14:37","slug":"support-technique-et-conseil","status":"publish","type":"page","link":"https:\/\/bootlin.com\/fr\/ingenierie\/support-technique-et-conseil\/","title":{"rendered":"Support technique et conseil"},"content":{"rendered":"<p>Notre \u00e9quipe d&rsquo;ing\u00e9nieurs est en mesure d&rsquo;aider et d&rsquo;accompagner nos clients dans leurs d\u00e9veloppements Linux embarqu\u00e9. Nous pouvons aider en:<\/p>\n<ul>\n<li>Conseillant nos clients dans leurs choix de composants mat\u00e9riels, afin de prendre des d\u00e9cisions qui seront compatibles avec l&rsquo;utilisation d&rsquo;un syst\u00e8me Linux embarqu\u00e9.<\/li>\n<li>Guidant nos clients dans la conception de l&rsquo;architecture de leur syst\u00e8me Linux embarqu\u00e9.<\/li>\n<li>Accompagnant les ing\u00e9nieurs r\u00e9alisant le d\u00e9veloppement du syst\u00e8me Linux embarqu\u00e9: d\u00e9veloppement bootloader et noyau Linux, int\u00e9gration syst\u00e8me, etc.<\/li>\n<li>Aidant \u00e0 l&rsquo;investigation et \u00e0 la r\u00e9solution de probl\u00e8mes sp\u00e9cifiques: temps de d\u00e9marrage, gestion de l&rsquo;\u00e9nergie, performance, temps r\u00e9el.<\/li>\n<\/ul>\n<p>Cette offre est disponible aussi bien pour des actions sp\u00e9cifiques de court terme, que pour de l&rsquo;assistance et de l&rsquo;accompagnement \u00e0 plus long terme.<\/p>\n<p>Pour plus d&rsquo;informations, contacter <a href=\"mailto:&#105;n&#102;&#111;&#64;bo&#111;t&#108;i&#110;&#46;&#99;o&#109;\">i&#110;&#102;&#111;&#64;b&#111;ot&#108;i&#110;&#46;c&#111;m<\/a>.<\/p>\n","protected":false},"excerpt":{"rendered":"<p>Notre \u00e9quipe d&rsquo;ing\u00e9nieurs est en mesure d&rsquo;aider et d&rsquo;accompagner nos clients dans leurs d\u00e9veloppements Linux embarqu\u00e9. Nous pouvons aider en: Conseillant nos clients dans leurs choix de composants mat\u00e9riels, afin de prendre des d\u00e9cisions qui seront compatibles avec l&rsquo;utilisation d&rsquo;un syst\u00e8me Linux embarqu\u00e9. Guidant nos clients dans la conception de l&rsquo;architecture de leur syst\u00e8me Linux &hellip; <a href=\"https:\/\/bootlin.com\/fr\/ingenierie\/support-technique-et-conseil\/\" class=\"more-link\">Continuer la lecture<span class=\"screen-reader-text\"> de &laquo;&nbsp;Support technique et conseil&nbsp;&raquo;<\/span><\/a><\/p>\n","protected":false},"author":3,"featured_media":0,"parent":3,"menu_order":0,"comment_status":"closed","ping_status":"closed","template":"","meta":{"footnotes":""},"class_list":["post-3101","page","type-page","status-publish","hentry"],"_links":{"self":[{"href":"https:\/\/bootlin.com\/fr\/wp-json\/wp\/v2\/pages\/3101","targetHints":{"allow":["GET"]}}],"collection":[{"href":"https:\/\/bootlin.com\/fr\/wp-json\/wp\/v2\/pages"}],"about":[{"href":"https:\/\/bootlin.com\/fr\/wp-json\/wp\/v2\/types\/page"}],"author":[{"embeddable":true,"href":"https:\/\/bootlin.com\/fr\/wp-json\/wp\/v2\/users\/3"}],"replies":[{"embeddable":true,"href":"https:\/\/bootlin.com\/fr\/wp-json\/wp\/v2\/comments?post=3101"}],"version-history":[{"count":4,"href":"https:\/\/bootlin.com\/fr\/wp-json\/wp\/v2\/pages\/3101\/revisions"}],"predecessor-version":[{"id":3112,"href":"https:\/\/bootlin.com\/fr\/wp-json\/wp\/v2\/pages\/3101\/revisions\/3112"}],"up":[{"embeddable":true,"href":"https:\/\/bootlin.com\/fr\/wp-json\/wp\/v2\/pages\/3"}],"wp:attachment":[{"href":"https:\/\/bootlin.com\/fr\/wp-json\/wp\/v2\/media?parent=3101"}],"curies":[{"name":"wp","href":"https:\/\/api.w.org\/{rel}","templated":true}]}}