{"id":3099,"date":"2015-12-11T15:50:22","date_gmt":"2015-12-11T14:50:22","guid":{"rendered":"http:\/\/free-electrons.com\/fr\/?page_id=3099"},"modified":"2018-02-01T06:03:57","modified_gmt":"2018-02-01T05:03:57","slug":"contribution","status":"publish","type":"page","link":"https:\/\/bootlin.com\/fr\/ingenierie\/contribution\/","title":{"rendered":"Contribution noyau Linux, bootloader"},"content":{"rendered":"<h2>Les avantages de contribuer<\/h2>\n<p>Contribuer implique proposer et inclure dans le projet open-source officiel les am\u00e9liorations et les modifications r\u00e9alis\u00e9es pour le rendre compatible avec un p\u00e9riph\u00e9rique ou une plateforme mat\u00e9rielle particuli\u00e8re. Il est aussi possible de contribuer tout autre am\u00e9liorations: correction de bug, al\u00e9lioration des performances et ajout de fonctionnalit\u00e9s.<\/p>\n<p>Contribuer est tr\u00e8s avantageux:<\/p>\n<ul>\n<li>R\u00e9duction des co\u00fbts de maintenance<\/li>\n<li>Mises \u00e0 jour facilit\u00e9es<\/li>\n<li>Am\u00e9lioration de la qualit\u00e9s du code gr\u00e2ce aux revues et commentaires des experts du projet open-source<\/li>\n<li>Garantie d&rsquo;utiliser les derni\u00e8res interfaces et m\u00e9canismes standard dans le respect des bonnes pratiques<\/li>\n<li>Les p\u00e9riph\u00e9riques et les plateformes support\u00e9s par les versions officielles du noyau Linux sont plus attractifs pour le client final<\/li>\n<\/ul>\n<h2>Notre expertise de contribution<\/h2>\n<p>Bootlin a plusieurs ann\u00e9es d&rsquo;exp\u00e9rience de contribution active de nouveaux drivers, fonctionnalit\u00e9s et corrections de bugs \u00e0 des projets open-source tels que le noyau Linux, U-Boot, Barebox, Buildroot ou Yocto Project. Nos ing\u00e9nieurs ont contribu\u00e9 des milliers de patches dans le noyau Linux officiel pour ajouter des fonctionnalit\u00e9s diverses et plusieurs d&rsquo;entre eux sont des mainteneurs d&rsquo;architecture ou de sous syst\u00e8mes du noyau Linux. Gr\u00e2ce \u00e0 cette participation \u00e0 la communaut\u00e9 et a plusieurs conf\u00e9rences, nos ing\u00e9nieurs sont en contact permanent avec des membres cl\u00e9s de la communaut\u00e9 Linux.<\/p>\n<p>Nous sommes capables d&rsquo;aider les fabricants de processeurs, de cartes \u00e9lectronique ou des syst\u00e8mes \u00e0 am\u00e9liorer la prise en charge de leur mat\u00e9riel dans le noyau Linux et d&rsquo;autre projet open-source. Ils pourront ensuite s&rsquo;occuper de proposer les modifications correspondantes aux communaut\u00e9s open-source afin d&rsquo;en obtenir l&rsquo;inclusion dans le projet officiel.<\/p>\n<p>Au cours des ann\u00e9es, gr\u00e2ce \u00e0 la collaboration avec des fabricants de mat\u00e9riel, nous avons ajout\u00e9 ou am\u00e9lior\u00e9 dans le noyau Linux:<\/p>\n<ul>\n<li>la prise en charge de plusieurs processeurs Marvell EBU ARM, notamment Armada 370, Armada XP, Armada 38x et Armada 39x<\/li>\n<li>la prise en charge des processeurs Atmel ARM ainsi que leurs p\u00e9riph\u00e9riques<\/li>\n<li>la prise en charge des processeurs Allwinner ARM<\/li>\n<li>la prise en charge des processeurs Marvell Berlin<\/li>\n<li>la prise en charge de plusieurs cartes utilisant des processeurs Marvell, Atmel, Allwinner ou Feescale<\/li>\n<li>Divers drivers de p\u00e9riph\u00e9riques<\/li>\n<\/ul>\n<h2>Contact<\/h2>\n<p>Pour plus d&rsquo;information, contactez <a href=\"mailto:i&#110;&#102;&#111;&#64;b&#111;o&#116;&#108;&#105;n.&#99;&#111;&#109;\">in&#102;o&#64;b&#111;&#111;&#116;&#108;&#105;&#110;&#46;&#99;o&#109;<\/a>.<\/p>\n","protected":false},"excerpt":{"rendered":"<p>Les avantages de contribuer Contribuer implique proposer et inclure dans le projet open-source officiel les am\u00e9liorations et les modifications r\u00e9alis\u00e9es pour le rendre compatible avec un p\u00e9riph\u00e9rique ou une plateforme mat\u00e9rielle particuli\u00e8re. Il est aussi possible de contribuer tout autre am\u00e9liorations: correction de bug, al\u00e9lioration des performances et ajout de fonctionnalit\u00e9s. Contribuer est tr\u00e8s avantageux: &hellip; <a href=\"https:\/\/bootlin.com\/fr\/ingenierie\/contribution\/\" class=\"more-link\">Continuer la lecture<span class=\"screen-reader-text\"> de &laquo;&nbsp;Contribution noyau Linux, bootloader&nbsp;&raquo;<\/span><\/a><\/p>\n","protected":false},"author":3,"featured_media":0,"parent":3,"menu_order":0,"comment_status":"closed","ping_status":"closed","template":"","meta":{"footnotes":""},"class_list":["post-3099","page","type-page","status-publish","hentry"],"_links":{"self":[{"href":"https:\/\/bootlin.com\/fr\/wp-json\/wp\/v2\/pages\/3099","targetHints":{"allow":["GET"]}}],"collection":[{"href":"https:\/\/bootlin.com\/fr\/wp-json\/wp\/v2\/pages"}],"about":[{"href":"https:\/\/bootlin.com\/fr\/wp-json\/wp\/v2\/types\/page"}],"author":[{"embeddable":true,"href":"https:\/\/bootlin.com\/fr\/wp-json\/wp\/v2\/users\/3"}],"replies":[{"embeddable":true,"href":"https:\/\/bootlin.com\/fr\/wp-json\/wp\/v2\/comments?post=3099"}],"version-history":[{"count":5,"href":"https:\/\/bootlin.com\/fr\/wp-json\/wp\/v2\/pages\/3099\/revisions"}],"predecessor-version":[{"id":3681,"href":"https:\/\/bootlin.com\/fr\/wp-json\/wp\/v2\/pages\/3099\/revisions\/3681"}],"up":[{"embeddable":true,"href":"https:\/\/bootlin.com\/fr\/wp-json\/wp\/v2\/pages\/3"}],"wp:attachment":[{"href":"https:\/\/bootlin.com\/fr\/wp-json\/wp\/v2\/media?parent=3099"}],"curies":[{"name":"wp","href":"https:\/\/api.w.org\/{rel}","templated":true}]}}