{"id":2802,"date":"2015-05-31T20:25:16","date_gmt":"2015-05-31T19:25:16","guid":{"rendered":"http:\/\/free-electrons.com\/fr\/?page_id=2802"},"modified":"2026-04-11T08:40:45","modified_gmt":"2026-04-11T07:40:45","slug":"buildroot","status":"publish","type":"page","link":"https:\/\/bootlin.com\/fr\/formation\/buildroot\/","title":{"rendered":"Formation d\u00e9veloppement Linux embarqu\u00e9 avec Buildroot"},"content":{"rendered":"<p class=\"summary\">Apprendre \u00e0 g\u00e9n\u00e9rer et \u00e0 faire fonctionner des syst\u00e8mes Linux embarqu\u00e9s avec Buildroot.<\/p>\n<h3>D\u00e9tails sur la formation<\/h3>\n<p><img decoding=\"async\" src=\"https:\/\/bootlin.com\/graphics\/flaticon-buildroot-training.png\" alt=\"Icon from www.flaticon.com\" width=\"250\" class=\"alignright\" style=\"padding-left: 1em;\" \/><\/p>\n<ul>\n<li><b>Dur\u00e9e<\/b> : 3 jours \/ 24 heures (en pr\u00e9sentiel) &#8211; 5 demi-journ\u00e9es \/ 20 heures (en ligne)<\/li>\n<li><b>Programme<\/b> : <a href=\"\/doc\/training\/buildroot\/buildroot-fr-agenda.pdf\">en pr\u00e9sentiel<\/a> &#8211; <a href=\"\/doc\/training\/buildroot\/buildroot-online-fr-agenda.pdf\">en ligne<\/a><\/li>\n<li><b>Supports de formation<\/b>:\n<ul>\n<li><a href=\"\/doc\/training\/buildroot\/buildroot-slides.pdf\">transparents<\/a><\/li>\n<li>travaux pratiques: <a href=\"\/doc\/training\/buildroot\/buildroot-bbb-labs.pdf\">pour BeagleBone Black<\/a>, <a href=\"https:\/\/bootlin.com\/doc\/training\/buildroot\/buildroot-stm32mp1-labs.pdf\">pour STM32MP157 Discovery Kit 1 ou 2<\/a><\/li>\n<li>donn\u00e9es de travaux pratiques: <a href=\"\/doc\/training\/buildroot\/buildroot-bbb-labs.tar.xz\">pour BeagleBone Black<\/a>, <a href=\"https:\/\/bootlin.com\/doc\/training\/buildroot\/buildroot-stm32mp1-labs.tar.xz\">pour STM32MP157 Discovery Kit 1 ou 2<\/a><\/li>\n<\/ul>\n<\/li>\n<li><b>Langue des documents<\/b> : anglais<\/li>\n<li><b>Langues orales possibles :<\/b> anglais et fran\u00e7ais.\n<\/li>\n<\/ul>\n<h3>Types de sessions<\/h3>\n<ul>\n<li><a href=\"\/fr\/formation\/privee-presentiel\/\">Session priv\u00e9e en pr\u00e9sentiel<\/a>, sur demande<\/li>\n<li><a href=\"\/fr\/formation\/privee-en-ligne\/\">Session priv\u00e9e en ligne<\/a>, sur demande<\/li>\n<li><a href=\"\/fr\/formation\/publique-en-ligne\/\">Session publique en ligne<\/a>, dates ci-dessous<\/li>\n<\/ul>\n<h3>Dates des sessions publiques en ligne<\/h3>\n<h3>Dates des sessions publiques en ligne<\/h3>\n<p><small><\/p>\n<table class=\"content\">\n<tr>\n<th style=\"width: 15%\">Type<\/th>\n<th style=\"width: 15%\">Dates<\/th>\n<th style=\"width: 17%\">Horaires<\/th>\n<th style=\"width: 8%\">Dur\u00e9e<\/th>\n<th style=\"width: 8%\">Langue<\/th>\n<th style=\"width: 12%\">Formateur<br \/>pr\u00e9vu<\/th>\n<th style=\"width: 15%\">Co\u00fbt et inscription<\/th>\n<\/tr>\n<tr>\n<td>\n    <a href=\"\/fr\/formation\/buildroot\">D\u00e9veloppement Linux embarqu\u00e9 avec Buildroot<\/a> (<a href=\"\/doc\/training\/buildroot\/buildroot-online-fr-agenda.pdf\">agenda<\/a>)      <\/td>\n<td>\n    7, 8, 9, 10, 11 d\u00e9cembre 2026  <\/td>\n<td>\n   <a href=\"https:\/\/www.timeanddate.com\/worldclock\/fixedtime.html?msg=Bootlin+Buildroot+System+Development+course&#038;iso=20261207T1400&#038;p1=195\">14:00 &#8211; 18:00<\/a> (Paris, UTC+1)\n  <\/td>\n<td>\n    20 h\n  <\/td>\n<td>\nAnglais  <\/td>\n<td>\n    <a href=\"\/company\/staff\/thomas-petazzoni\">Thomas Petazzoni<\/a>\n  <\/td>\n<td>\n    R\u00e9duit: 599 EUR<sup>*<\/sup><br \/>\n    Normal: 699 EUR<sup>*<\/sup><br \/>\n    <span style=\"display:block; text-align:center; margin:0 auto; margin-top: 10px; border: 1px solid #007acc; border-radius: 5px; background: white; color: black; padding: 3px;\"><a href=\"https:\/\/shop.bootlin.com\/en\/event\/170\">Inscription<\/a><\/span>\n  <\/td>\n<\/tr>\n<td colspan=\"7\">\n<i>Des sessions suppl\u00e9mentaires \u00e0 des dates ult\u00e9rieures seront annonc\u00e9es progressivement. Nous annon\u00e7ons en g\u00e9n\u00e9ral de nouvelles sessions lorsque les sessions existantes sont compl\u00e8tes ou pass\u00e9es.<\/i>\n<\/td>\n<\/table>\n<p><\/small><\/p>\n<p><small><sup>*<\/sup>Le prix affich\u00e9 est hors TVA. Notre site de vente en ligne applique la TVA pour toute inscription, sauf pour les entreprises hors France sous r\u00e9serve qu&rsquo;elles fournissent des informations de facturation valides (num\u00e9ro de TVA en UE, identifiant de soci\u00e9t\u00e9 hors UE). Les entreprises en France ainsi que les particuliers partout dans le monde doivent payer la TVA.<\/small><\/p>\n<p>Le tarif r\u00e9duit est appliqu\u00e9 selon les conditions suivantes:<\/p>\n<ul>\n<li>R\u00e9servation au minimum 1 mois avant le d\u00e9but de la session de formation<\/li>\n<li>R\u00e9servation et paiement en ligne par carte de cr\u00e9dit sur notre site de vente en ligne<\/li>\n<li>Limite \u00e0 6 places au tarif r\u00e9duit par session de formation<\/li>\n<\/ul>\n<p>Si vous n&rsquo;avez pas la possibilit\u00e9 de vous inscrire via notre site de vente en ligne, n&rsquo;h\u00e9sitez pas \u00e0 <a href=\"mailto:training@bootlin.com\">nous contacter<\/a>, nous pourrons vous proposer une convention de formation et d&rsquo;autres solutions de paiement.<\/p>\n<p>Les inscriptions restent ouvertes sur notre site de vente en ligne jusqu&rsquo;au d\u00e9but de la session, sous r\u00e9serve des places disponibles.<\/p>\n<h3>Public vis\u00e9<\/h3>\n<p><a href=\"\/graphics\/onsite-training.jpg\"><img decoding=\"async\" class=\"alignright\" src=\"\/graphics\/onsite-training.jpg\" style=\"width: 300px\" alt=\"View of Bootlin on-site training\"\/><\/a>Cette formation s&rsquo;adresse aux ing\u00e9nieurs ayant d\u00e9j\u00e0 une exp\u00e9rience en Linux embarqu\u00e9 et souhaitant utiliser le syst\u00e8me de build Buildroot pour automatiser la construction de leur syst\u00e8me Linux embarqu\u00e9. Ils pourront ainsi rendre ce processus plus simple, plus automatis\u00e9, et b\u00e9n\u00e9ficier des milliers de paquets pr\u00e9-existants dans Buildroot, et de cr\u00e9er des syst\u00e8mes Linux embarqu\u00e9 parfaitement adapt\u00e9s aux produits qu&rsquo;ils d\u00e9veloppent.<\/p>\n<h3>Objectifs op\u00e9rationnels<\/h3>\n<ul>\n<li>\u00catre capable de comprendre le principe d&rsquo;un build system Linux embarqu\u00e9, et comparer Buildroot aux autres outils offrant des fonctionnalit\u00e9s similaires.<\/li>\n<li>\u00catre capable de cr\u00e9er un syst\u00e8me Linux embarqu\u00e9 simple avec Buildroot: cr\u00e9er une configuration, lancer la compilation, installer le r\u00e9sultat sur une plateforme embarqu\u00e9e.<\/li>\n<li>\u00catre capable d&rsquo;ajuster la configuration de Buildroot pour construire un syst\u00e8me Linux embarqu\u00e9 adapt\u00e9 \u00e0 des besoins sp\u00e9cifiques: choix de la cha\u00eene de compilation crois\u00e9e, gestion de la configuration du noyau Linux, personnalisation du syst\u00e8me de fichiers racine.<\/li>\n<li>\u00catre capable de cr\u00e9er de nouveaux paquets dans Buildroot pour int\u00e9grer des applications et biblioth\u00e8ques suppl\u00e9mentaires dans le syst\u00e8me Linux embarqu\u00e9.<\/li>\n<li>\u00catre capable d&rsquo;utiliser les outils propos\u00e9s par Buildroot pour g\u00e9rer et analyser le build: suivi des vuln\u00e9rabilit\u00e9s, comformit\u00e9 aux licences open-source, etc.<\/li>\n<li>\u00catre capable de d\u00e9velopper et d\u00e9bugger des applications user-space Linux dans un contexte o\u00f9 Buildroot est utilis\u00e9.<\/li>\n<li>\u00catre capable d&rsquo;interagir avec la communaut\u00e9 open-source du projet Buildroot et de comprendre le fonctionnement interne de Buildroot.<\/li>\n<\/ul>\n<p>Voir <a href=\"\/doc\/training\/buildroot\/buildroot-fr-agenda.pdf\">le programme d\u00e9taill\u00e9<\/a>.<\/p>\n<h3>L&rsquo;expertise de Bootlin sur Buildroot<\/h3>\n<p>Bootlin est un contributeur majeur au projet Buildroot, avec <a href=\"https:\/\/git.buildroot.net\/buildroot\/log\/?qt=author&#038;q=bootlin.com\">plus de 5400 patches int\u00e9gr\u00e9s<\/a> (relev\u00e9 de mars 2021), en comptant <a href=\"https:\/\/git.buildroot.net\/buildroot\/log\/?qt=author&#038;q=ee-electrons.com\">ceux int\u00e9gr\u00e9s sous son ancien nom<\/a>. Notre ing\u00e9nieur <a href=\"\/company\/staff\/thomas-petazzoni\/\">Thomas Petazzoni<\/a> a contribu\u00e9 <a href=\"https:\/\/git.buildroot.net\/buildroot\/log\/?qt=author&#038;q=thomas.petazzoni\">pr\u00e8s de 5000 patches<\/a>. Il a acquis une connaissance approfondie de Buildroot et de son fonctionnement interne, \u00e9tant l&rsquo;un des principaux auteurs des infrastructures au coeur de Buildroot. Il est un acteur important de la communaut\u00e9 Buildroot : organisation des Buildroot Developers Days, support aupr\u00e8s des utilisateurs sur la liste de discussion et par IRC. Enfin, Thomas est un des 4 co-maintainers du projet Buildroot: il est charg\u00e9 de la relecture, la validation et l&rsquo;int\u00e9gration des contributions propos\u00e9es par la communaut\u00e9 open-source \u00e0 Buildroot.<\/p>\n<p>Par ailleurs, Bootlin utilise Buildroot sur un nombre important de projets aupr\u00e8s de ses clients, nous donnant une tr\u00e8s bonne perspective sur l&rsquo;utilisation de Buildroot dans des projets industriels concrets. Ce retour d&rsquo;exp\u00e9rience a \u00e9t\u00e9 le moteur de certaines de nos contributions \u00e0 Buildroot au cours de ces derni\u00e8res ann\u00e9es.<\/p>\n<p>C&rsquo;est cette expertise sur Buildroot, acquise par nos contributions et nos projets clients, que Bootlin propose dans cette formation.<\/p>\n<h3>Supports de formation<\/h3>\n<p>Tous les <a href=\"\/doc\/training\/buildroot\/\">supports de formation<\/a> utilis\u00e9s sont disponibles librement sur notre site, vous permettant de valider avec pr\u00e9cision l&rsquo;ad\u00e9quation de la formation \u00e0 vos besoins.<\/p>\n<h3>Travaux pratiques<\/h3>\n<p><img decoding=\"async\" src=\"\/graphics\/discovery-board-dk1.jpg\" style=\"float: right; margin:1em; margin-right:0; width: 200px; clear: both;\" alt=\"STM32MP157 DiscoveryKit 1\"\/><img decoding=\"async\" src=\"\/graphics\/beagleboneblack-landscape.jpg\" style=\"float: right; margin:1em; margin-right:0; width: 200px; clear: both;\" alt=\"TI BeagleBone Black\"\/>Dans nos formations en pr\u00e9sentiel, chaque partie th\u00e9orique est suivie d&rsquo;une mise en \u0153uvre pratique r\u00e9alis\u00e9e par le participant. Ces travaux pratiques repr\u00e9sentent 50% \u00e0 60% du temps de la formation.<\/p>\n<p>Les participants peuvent choisir parmi plusieurs cartes:<\/p>\n<ul>\n<li>STM32MP157 Discovery Kit (au choix <a href=\"https:\/\/www.st.com\/en\/evaluation-tools\/stm32mp157a-dk1.html\">STM32MP157A-DK1<\/a>, <a href=\"https:\/\/www.st.com\/en\/evaluation-tools\/stm32mp157d-dk1.html\">STM32MP157D-DK1<\/a>, <a href=\"https:\/\/www.st.com\/en\/evaluation-tools\/stm32mp157c-dk2.html\">STM32MP157C-DK2<\/a>, <a href=\"https:\/\/www.st.com\/en\/evaluation-tools\/stm32mp157f-dk2.html\">STM32MP157F-DK2<\/a>)<\/li>\n<li><a href=\"https:\/\/beagleboard.org\/black-wireless\">BeagleBoneBlack Wireless<\/a>, \u00e9quip\u00e9e du processeur ARM TI AM335x<\/li>\n<\/ul>\n<p>Vous utiliserez la carte \u00e9lectronique pour d\u00e9marrer et tester les images de syst\u00e8mes de fichiers que vous aurez g\u00e9n\u00e9r\u00e9s avec Buildroot, et pour ex\u00e9cuter et lancer les applications compil\u00e9es avec Buildroot. Cette exp\u00e9rience sera utile quelque soit le type de plateforme mat\u00e9rielle utilis\u00e9e ult\u00e9rieurement.<\/p>\n<p>Dans nos formations en ligne, les travaux pratiques sont r\u00e9alis\u00e9s comme des d\u00e9monstrations en direct par le formateur. Les participants peuvent poser des questions \u00e0 tout instant. Optionnellement, les participants qui ont \u00e0 leur disposition les accessoires mat\u00e9riels peuvent reproduire les travaux pratiques par eux-m\u00eames.<\/p>\n<p>Notez que notre formation est ind\u00e9pendante du mat\u00e9riel et qu\u2019elle reste donc pertinente m\u00eame si la plateforme cible de votre prochain projet n\u2019est pas exactement celle utilis\u00e9e pour les travaux pratiques.<\/p>\n<h3>Pr\u00e9-requis<\/h3>\n<ul>\n<li><b>Connaissance et pratique des commandes UNIX ou GNU\/Linux<\/b>: les participants doivent \u00eatre \u00e0 l&rsquo;aise avec l&rsquo;utilisation de la ligne de commande Linux. Les participants manquant d&rsquo;exp\u00e9rience sur ce sujet doivent se former par eux-m\u00eames, par exemple en utilisant nos supports de formation disponible \u00e0 l&rsquo;adresse <a href=\"https:\/\/bootlin.com\/blog\/command-line\/\">https:\/\/bootlin.com\/blog\/command-line\/<\/a>.<\/li>\n<li><b>Exp\u00e9rience minimale en d\u00e9veloppement Linux embarqu\u00e9<\/b>: les participants doivent avoir une compr\u00e9hension minimale de l&rsquo;architecture d&rsquo;un syst\u00e8me Linux embarqu\u00e9: r\u00f4le du noyau Linux par rapport \u00e0 l&rsquo;espace utilisateur, d\u00e9veloppement d&rsquo;applications espace utilisateur en C. Suivre la formation <a href=\"https:\/\/bootlin.com\/fr\/formation\/linux-embarque\/\">Linux embarqu\u00e9<\/a> de Bootlin permet de remplir ce pr\u00e9-requis.<\/li>\n<li><b>Niveau minimal requis en anglais: B1<\/b>, d&rsquo;apr\u00e8s le <a href=\"https:\/\/www.coe.int\/en\/web\/common-european-framework-reference-languages\">Common European Framework of References for Languages<\/a> pour nos sessions anim\u00e9es en anglais. Voir la <a href=\"https:\/\/bootlin.com\/pub\/training\/cefr-grid.pdf\">grille CEFR<\/a> pour une auto-\u00e9valuation.<\/li>\n<\/ul>\n<h3>\u00c9quipement n\u00e9cessaire<\/h3>\n<ul>\n<li>Pour les sessions en ligne, d\u00e9di\u00e9es ou publiques:\n<ul>\n<li>Ordinateur avec le syst\u00e8me d&rsquo;exploitation de votre choix, avec un navigateur Chrome ou Chromium pour la vid\u00e9o-conf\u00e9rence.<\/li>\n<li>Webcam et casque audio avec microphone<\/li>\n<li>Connexion haut d\u00e9bit \u00e0 Internet<\/li>\n<li>Optionnellement: les accessoires mat\u00e9riels pour les travaux pratiques, si vous souhaitez reproduire ces travaux pratiques par vous-m\u00eame. Notez bien que cela n&rsquo;est pas obligatoire: vous pouvez suivre la formation sans ces accessoires mat\u00e9riels, car le formateur va r\u00e9aliser tous les travaux pratiques sous la forme de d\u00e9monstrations en direct.<\/li>\n<\/ul>\n<\/li>\n<li>Pour les sessions d\u00e9di\u00e9es en pr\u00e9sentiel:\n<ul>\n<li>Salle de formation<\/li>\n<li>Vid\u00e9o-projecteur<\/li>\n<li>Un ordinateur PC r\u00e9cent sur chaque bureau (pour 1 ou 2 personnes), install\u00e9 avec Linux. Voir le programme de la formation pour les d\u00e9tails.<\/li>\n<li>Acc\u00e8s \u00e0 Internet haut d\u00e9bit et non filtr\u00e9<\/li>\n<li>Bootlin fournit pour la dur\u00e9e de la formation tous les accessoires mat\u00e9riels n\u00e9cessaires pour les travaux pratiques.<\/li>\n<\/ul>\n<\/li>\n<li>Pour les sessions publiques en pr\u00e9sentiel, Bootlin fournit l&rsquo;ensemble de l&rsquo;\u00e9quipement n\u00e9cessaire.<\/li>\n<\/ul>\n<h3>Retours de nos clients<\/h3>\n<p><em><br \/>\nIl est clair que le format de la formation est parfaitement \u00e9prouv\u00e9, car il est difficile de trouver quelque chose \u00e0 am\u00e9liorer. \u00c9norm\u00e9ment d&rsquo;informations condens\u00e9es sur une seule semaine, et pourtant j&rsquo;en ai retenu la tr\u00e8s grande majorit\u00e9. Excellent.<br \/>\n<\/em><\/p>\n<p align=\"right\">Participant \u00e0 une formation Buildroot, f\u00e9vrier 2022, traduit de l&rsquo;anglais<\/p>\n<p><em><br \/>\nCette formation couvre tous les d\u00e9tails n\u00e9cessaires pour bien d\u00e9marrer avec Buildroot, de fa\u00e7on efficace. Les slides sont excellents, et coupl\u00e9s avec la tr\u00e8s grande connaissance de Thomas de Linux embarqu\u00e9, cela donne une formation que l&rsquo;on recommenderait tout \u00e0 fait \u00e0 d&rsquo;autres personnes.<br \/>\n<\/em><\/p>\n<p align=\"right\">Participant \u00e0 une formation Buildroot, f\u00e9vrier 2022, traduit de l&rsquo;anglais<\/p>\n<p><em><br \/>\nLes parties th\u00e9oriques \u00e9taient extr\u00eamement interactives, et pas du tout \u00ab\u00a0la mort par Power Point\u00a0\u00bb. Le formateur revenait en permanence sur le code et les fichiers pour montrer des exemples avec des cas d&rsquo;utilisation r\u00e9els.<br \/>\n<\/em><\/p>\n<p align=\"right\">Participant \u00e0 une formation Buildroot, f\u00e9vrier 2022, traduit de l&rsquo;anglais<\/p>\n<p><em><br \/>\nThomas est tr\u00e8s bon pour capter l&rsquo;attention et disponible pour r\u00e9pondre \u00e0 toutes les questions. Il ne fait pas que lire les slides, il fournit en permanence des exemples concrets dans le code, et montre comment les concepts sont appliqu\u00e9s. F\u00e9licitations.<br \/>\n<\/em><\/p>\n<p align=\"right\">Participant \u00e0 une formation Buildroot, f\u00e9vrier 2022, traduit de l&rsquo;anglais<\/p>\n<ul>\n<li>En 2023, 95,7% des participants \u00e9taient tr\u00e8s satisfaits de la formation, lui attribuant une note \u00e9gale ou sup\u00e9rieure \u00e0 8 sur 10 pour l&rsquo;\u00e9valuation globale de notre formation.<\/li>\n<li>En 2023, 100% des participants ont obtenu leur certificat de formation en ayant plus de 50% de r\u00e9ponses correctes \u00e0 notre quiz final.<\/li>\n<\/ul>\n<p>Au passage, vous pouvez \u00e9galement consulter <a href=\"\/training\/ratings\">les \u00e9valuations<\/a> des participants aux pr\u00e9c\u00e9dentes sessions. Comme pour les supports de formation, nous sommes transparents et nous publions <b>toutes<\/b> les \u00e9valuations que nous r\u00e9coltons, et pas seulement les meilleures.<\/p>\n<h3>Participants en situation de handicap<\/h3>\n<p>Les participants en situation de handicap qui ont des besoins sp\u00e9cifiques sont invit\u00e9s \u00e0 <a href=\"\/fr\/societe\/contact\/\">nous contacter<\/a> afin de discuter des adaptations n\u00e9cessaires \u00e0 la formation.<\/p>\n<h3>Contact<\/h3>\n<p>Pour toute question, inscription ou commentaire, vous pouvez nous contacter :<\/p>\n<ul>\n<li><a href=\"mailto:t&#114;a&#105;&#110;&#105;&#110;&#103;&#64;b&#111;o&#116;&#108;in.&#99;o&#109;\">tr&#97;inin&#103;&#64;&#98;oo&#116;&#108;&#105;n.com<\/a><\/li>\n<li>t\u00e9l\u00e9phone : +33 484 258 096<\/li>\n<\/ul>\n<h3>Plus de d\u00e9tails sur nos formations<\/h3>\n<ul>\n<li><a href=\"\/training\/faq\">Questions fr\u00e9quemment pos\u00e9es<\/a><\/li>\n<li><a href=\"\/training\/reasons\">Atouts des formations de Bootlin<\/a><\/li>\n<li><a href=\"\/training\/ratings\">\u00c9valuations et retours des participants \u00e0 nos sessions de formation<\/a><\/li>\n<li><a href=\"\/training\/trainers\">Profil des formateurs de Bootlin<\/a><\/li>\n<\/ul>\n","protected":false},"excerpt":{"rendered":"<p>Apprendre \u00e0 g\u00e9n\u00e9rer et \u00e0 faire fonctionner des syst\u00e8mes Linux embarqu\u00e9s avec Buildroot. D\u00e9tails sur la formation Dur\u00e9e : 3 jours \/ 24 heures (en pr\u00e9sentiel) &#8211; 5 demi-journ\u00e9es \/ 20 heures (en ligne) Programme : en pr\u00e9sentiel &#8211; en ligne Supports de formation: transparents travaux pratiques: pour BeagleBone Black, pour STM32MP157 Discovery Kit 1 &hellip; <a href=\"https:\/\/bootlin.com\/fr\/formation\/buildroot\/\" class=\"more-link\">Continuer la lecture<span class=\"screen-reader-text\"> de &laquo;&nbsp;Formation d\u00e9veloppement Linux embarqu\u00e9 avec Buildroot&nbsp;&raquo;<\/span><\/a><\/p>\n","protected":false},"author":3,"featured_media":0,"parent":7,"menu_order":0,"comment_status":"open","ping_status":"closed","template":"","meta":{"footnotes":""},"class_list":["post-2802","page","type-page","status-publish","hentry"],"_links":{"self":[{"href":"https:\/\/bootlin.com\/fr\/wp-json\/wp\/v2\/pages\/2802","targetHints":{"allow":["GET"]}}],"collection":[{"href":"https:\/\/bootlin.com\/fr\/wp-json\/wp\/v2\/pages"}],"about":[{"href":"https:\/\/bootlin.com\/fr\/wp-json\/wp\/v2\/types\/page"}],"author":[{"embeddable":true,"href":"https:\/\/bootlin.com\/fr\/wp-json\/wp\/v2\/users\/3"}],"replies":[{"embeddable":true,"href":"https:\/\/bootlin.com\/fr\/wp-json\/wp\/v2\/comments?post=2802"}],"version-history":[{"count":158,"href":"https:\/\/bootlin.com\/fr\/wp-json\/wp\/v2\/pages\/2802\/revisions"}],"predecessor-version":[{"id":6812,"href":"https:\/\/bootlin.com\/fr\/wp-json\/wp\/v2\/pages\/2802\/revisions\/6812"}],"up":[{"embeddable":true,"href":"https:\/\/bootlin.com\/fr\/wp-json\/wp\/v2\/pages\/7"}],"wp:attachment":[{"href":"https:\/\/bootlin.com\/fr\/wp-json\/wp\/v2\/media?parent=2802"}],"curies":[{"name":"wp","href":"https:\/\/api.w.org\/{rel}","templated":true}]}}