{"id":223,"date":"2009-05-22T22:30:57","date_gmt":"2009-05-22T21:30:57","guid":{"rendered":"http:\/\/free-electrons.com\/fr\/?page_id=223"},"modified":"2026-03-23T16:30:55","modified_gmt":"2026-03-23T15:30:55","slug":"linux-embarque","status":"publish","type":"page","link":"https:\/\/bootlin.com\/fr\/formation\/linux-embarque\/","title":{"rendered":"Formation Linux embarqu\u00e9"},"content":{"rendered":"<p class=\"summary\">Apprendre \u00e0 d\u00e9velopper un syst\u00e8me Linux embarqu\u00e9<\/p>\n<h3>D\u00e9tails sur la formation<\/h3>\n<p><img decoding=\"async\" src=\"https:\/\/bootlin.com\/graphics\/flaticon-embedded-linux-training.png\" alt=\"Icon from www.flaticon.com\" width=\"250\" class=\"alignright\" style=\"padding-left: 1em;\" \/><\/p>\n<ul>\n<li><b>Dur\u00e9e<\/b> : 5 jours \/ 40 heures (en pr\u00e9sentiel) &#8211; 7 demi-journ\u00e9es \/ 28 heures (en ligne)<\/li>\n<li><b>Programme<\/b> : <a href=\"\/doc\/training\/embedded-linux\/embedded-linux-fr-agenda.pdf\">en pr\u00e9sentiel<\/a> &#8211; <a href=\"\/doc\/training\/embedded-linux\/embedded-linux-online-fr-agenda.pdf\">en ligne<\/a><\/li>\n<li><b>Supports de formation<\/b>\n<ul>\n<li><a href=\"\/doc\/training\/embedded-linux\/embedded-linux-slides.pdf\">Transparents<\/a><\/li>\n<li>Travaux pratiques <a href=\"\/doc\/training\/embedded-linux\/embedded-linux-stm32mp1-labs.pdf\">sur STM32MP1 Discovery<\/a>, <a href=\"\/doc\/training\/embedded-linux\/embedded-linux-bbb-labs.pdf\">sur BeagleBone Black<\/a>, <a href=\"\/doc\/training\/embedded-linux\/embedded-linux-beagleplay-labs.pdf\">sur BeaglePlay<\/a> ou <a href=\"\/doc\/training\/embedded-linux\/embedded-linux-imx93-frdm-labs.pdf\">sur NXP i.MX93 FRDM<\/a><\/li>\n<li>Donn\u00e9es de travaux pratiques <a href=\"\/doc\/training\/embedded-linux\/embedded-linux-stm32mp1-labs.tar.xz\">pour STM32MP1 Discovery<\/a>, <a href=\"\/doc\/training\/embedded-linux\/embedded-linux-bbb-labs.tar.xz\">pour BeagleBone Black<\/a>, <a href=\"\/doc\/training\/embedded-linux\/embedded-linux-beagleplay-labs.tar.xz\">pour BeaglePlay<\/a> ou <a href=\"\/doc\/training\/embedded-linux\/embedded-linux-imx93-frdm-labs.tar.xz\">pour NXP i.MX93 FRDM<\/a><\/li>\n<\/ul>\n<\/li>\n<li><b>Langue des documents<\/b> : anglais<\/li>\n<li><b>Langues orales possibles :<\/b> anglais, fran\u00e7ais, italien ou portugais<\/li>\n<\/ul>\n<h3>Types de sessions<\/h3>\n<ul>\n<li><a href=\"\/fr\/formation\/privee-presentiel\/\">Session priv\u00e9e en pr\u00e9sentiel<\/a>, sur demande<\/li>\n<li><a href=\"\/fr\/formation\/privee-en-ligne\/\">Session priv\u00e9e en ligne<\/a>, sur demande<\/li>\n<li><a href=\"\/fr\/formation\/publique-en-ligne\/\">Session publique en ligne<\/a>, dates ci-dessous<\/li>\n<\/ul>\n<h3>Dates des sessions publiques en ligne<\/h3>\n<h3>Dates des sessions publiques en ligne<\/h3>\n<p><small><\/p>\n<table class=\"content\">\n<tr>\n<th style=\"width: 15%\">Type<\/th>\n<th style=\"width: 15%\">Dates<\/th>\n<th style=\"width: 17%\">Horaires<\/th>\n<th style=\"width: 8%\">Dur\u00e9e<\/th>\n<th style=\"width: 8%\">Langue<\/th>\n<th style=\"width: 12%\">Formateur<br \/>pr\u00e9vu<\/th>\n<th style=\"width: 15%\">Co\u00fbt et inscription<\/th>\n<\/tr>\n<tr>\n<td>\n    <a href=\"\/fr\/formation\/linux-embarque\">D\u00e9veloppement Linux embarqu\u00e9<\/a> (<a href=\"\/doc\/training\/embedded-linux\/embedded-linux-online-fr-agenda.pdf\">agenda<\/a>)    <br \/><b>COMPLET<\/b>  <\/td>\n<td>\n    13, 14, 16, 17, 20, 21, 23 avril 2026<br \/> + session extra le 24 avril 2026 si n\u00e9cessaire  <\/td>\n<td>\n   <a href=\"https:\/\/www.timeanddate.com\/worldclock\/fixedtime.html?msg=Bootlin+Embedded+Linux+system+development+course&#038;iso=20260413T1400&#038;p1=195\">14:00 &#8211; 18:00<\/a> (Paris, UTC+2)\n  <\/td>\n<td>\n    28 h\n  <\/td>\n<td>\nAnglais  <\/td>\n<td>\n    <a href=\"\/company\/staff\/bastien-curutchet\">Bastien Curutchet<\/a>\n  <\/td>\n<td>\n    R\u00e9duit: 999 EUR<sup>*<\/sup><br \/>\n    Normal: 1099 EUR<sup>*<\/sup><br \/>\n    <span style=\"display:block; text-align:center; margin:0 auto; margin-top: 10px; border: 1px solid #007acc; border-radius: 5px; background: white; color: black; padding: 3px;\"><a href=\"https:\/\/shop.bootlin.com\/en\/event\/187\">Inscription<\/a><\/span>\n  <\/td>\n<\/tr>\n<tr>\n<td>\n    <a href=\"\/fr\/formation\/linux-embarque\">D\u00e9veloppement Linux embarqu\u00e9<\/a> (<a href=\"\/doc\/training\/embedded-linux\/embedded-linux-online-fr-agenda.pdf\">agenda<\/a>)      <\/td>\n<td>\n    13, 14, 16, 17, 20, 21, 23 avril 2026<br \/> + session extra le 24 avril 2026 si n\u00e9cessaire  <\/td>\n<td>\n   <a href=\"https:\/\/www.timeanddate.com\/worldclock\/fixedtime.html?msg=Bootlin+Embedded+Linux+system+development+course&#038;iso=20260413T1400&#038;p1=195\">14:00 &#8211; 18:00<\/a> (Paris, UTC+2)\n  <\/td>\n<td>\n    28 h\n  <\/td>\n<td>\nAnglais  <\/td>\n<td>\n    <a href=\"\/company\/staff\/romain-gantois\">Romain Gantois<\/a>\n  <\/td>\n<td>\n    R\u00e9duit: 999 EUR<sup>*<\/sup><br \/>\n    Normal: 1099 EUR<sup>*<\/sup><br \/>\n    <span style=\"display:block; text-align:center; margin:0 auto; margin-top: 10px; border: 1px solid #007acc; border-radius: 5px; background: white; color: black; padding: 3px;\"><a href=\"https:\/\/shop.bootlin.com\/en\/event\/189\">Inscription<\/a><\/span>\n  <\/td>\n<\/tr>\n<tr>\n<td>\n    <a href=\"\/fr\/formation\/linux-embarque\">D\u00e9veloppement Linux embarqu\u00e9<\/a> (<a href=\"\/doc\/training\/embedded-linux\/embedded-linux-online-fr-agenda.pdf\">agenda<\/a>)      <\/td>\n<td>\n    2, 3, 5, 6, 9, 10, 12 novembre 2026<br \/> + session extra le 13 novembre 2026 si n\u00e9cessaire  <\/td>\n<td>\n   <a href=\"https:\/\/www.timeanddate.com\/worldclock\/fixedtime.html?msg=Bootlin+Embedded+Linux+system+development+course&#038;iso=20261102T1400&#038;p1=195\">14:00 &#8211; 14:00<\/a> (Paris, UTC+1)\n  <\/td>\n<td>\n    28 h\n  <\/td>\n<td>\nAnglais  <\/td>\n<td>\n    <a href=\"\/company\/staff\/thomas-petazzoni\">Thomas Petazzoni<\/a>\n  <\/td>\n<td>\n    R\u00e9duit: 999 EUR<sup>*<\/sup><br \/>\n    Normal: 1099 EUR<sup>*<\/sup><br \/>\n    <span style=\"display:block; text-align:center; margin:0 auto; margin-top: 10px; border: 1px solid #007acc; border-radius: 5px; background: white; color: black; padding: 3px;\"><a href=\"https:\/\/shop.bootlin.com\/en\/event\/188\">Inscription<\/a><\/span>\n  <\/td>\n<\/tr>\n<td colspan=\"7\">\n<i>Des sessions suppl\u00e9mentaires \u00e0 des dates ult\u00e9rieures seront annonc\u00e9es progressivement. Nous annon\u00e7ons en g\u00e9n\u00e9ral de nouvelles sessions lorsque les sessions existantes sont compl\u00e8tes ou pass\u00e9es.<\/i>\n<\/td>\n<\/table>\n<p><\/small><\/p>\n<p><small><sup>*<\/sup>Le prix affich\u00e9 est hors TVA. Notre site de vente en ligne applique la TVA pour toute inscription, sauf pour les entreprises hors France sous r\u00e9serve qu&rsquo;elles fournissent des informations de facturation valides (num\u00e9ro de TVA en UE, identifiant de soci\u00e9t\u00e9 hors UE). Les entreprises en France ainsi que les particuliers partout dans le monde doivent payer la TVA.<\/small><\/p>\n<p>Le tarif r\u00e9duit est appliqu\u00e9 selon les conditions suivantes:<\/p>\n<ul>\n<li>R\u00e9servation au minimum 1 mois avant le d\u00e9but de la session de formation<\/li>\n<li>R\u00e9servation et paiement en ligne par carte de cr\u00e9dit sur notre site de vente en ligne<\/li>\n<li>Limite \u00e0 6 places au tarif r\u00e9duit par session de formation<\/li>\n<\/ul>\n<p>Si vous n&rsquo;avez pas la possibilit\u00e9 de vous inscrire via notre site de vente en ligne, n&rsquo;h\u00e9sitez pas \u00e0 <a href=\"mailto:training@bootlin.com\">nous contacter<\/a>, nous pourrons vous proposer une convention de formation et d&rsquo;autres solutions de paiement.<\/p>\n<p>Les inscriptions restent ouvertes sur notre site de vente en ligne jusqu&rsquo;au d\u00e9but de la session, sous r\u00e9serve des places disponibles.<\/p>\n<h3>Public vis\u00e9<\/h3>\n<p><a href=\"\/graphics\/onsite-training.jpg\"><img decoding=\"async\" class=\"alignright\" src=\"\/graphics\/onsite-training.jpg\" style=\"width: 300px\" alt=\"Poste de travail\"\/><\/a>Cette formation est con\u00e7ue pour les ing\u00e9nieurs qui souhaitent utiliser le syst\u00e8me Linux dans de nouveaux projets embarqu\u00e9s. En cinq jours, au travers de cours th\u00e9oriques et de travaux pratiques, elle vous familiarise avec l&rsquo;architecture d\u2019un syst\u00e8me embarqu\u00e9 sous Linux, la construction d&rsquo;un tel syst\u00e8me, la fa\u00e7on de tirer parti de composants open-source pour acc\u00e9l\u00e9rer l&rsquo;ajout de fonctionnalit\u00e9s \u00e0 votre syst\u00e8me et r\u00e9duire les co\u00fbts de d\u00e9veloppement, puis d\u00e9taille comment d\u00e9velopper et mettre au point vos applications dans le syst\u00e8me embarqu\u00e9.<\/p>\n<p>\u00c0 l\u2019issue de cette formation, vous serez pr\u00eats \u00e0 d\u00e9marrer un projet utilisant Linux embarqu\u00e9, de la construction du syst\u00e8me au d\u00e9veloppement de vos applications.<\/p>\n<h3>Objectifs op\u00e9rationnels<\/h3>\n<ul>\n<li>\u00catre capable d&rsquo;appr\u00e9hender l&rsquo;architecture g\u00e9n\u00e9rale d&rsquo;un syst\u00e8me Linux embarqu\u00e9.<\/li>\n<li>\u00catre capable de s\u00e9lectionner, construire, mettre en oeuvre et utiliser une cha\u00eene de compilation crois\u00e9e.<\/li>\n<li>\u00catre capable de comprendre la s\u00e9quence d&rsquo;un d\u00e9marrage d&rsquo;un syst\u00e8me Linux embarqu\u00e9 et de mettre en oeuvre et d&rsquo;utiliser le chargeur de d\u00e9marrage U-Boot.<\/li>\n<li>\u00catre capable de s\u00e9lectionner une version du noyau Linux, de configurer, de compiler et d&rsquo;installer le noyau Linux sur un syst\u00e8me embarqu\u00e9.<\/li>\n<li>\u00catre capable de cr\u00e9er \u00e0 partir de z\u00e9ro un syst\u00e8me de fichiers racine Linux, en comprenant les diff\u00e9rents \u00e9l\u00e9ments qui le composent: r\u00e9pertoires, applications, biblioth\u00e8ques, fichiers de configuration.<\/li>\n<li>\u00catre capable de choisir et de mettre en oeuvre les principaux syst\u00e8mes de fichiers Linux pour p\u00e9riph\u00e9rique de stockage en mode bloc et flash, et de conna\u00eetre leurs principales caract\u00e9ristiques.<\/li>\n<li>\u00catre capable de s\u00e9lectionner, de cross-compiler et d&rsquo;int\u00e9grer des composants logiciels open-source (biblioth\u00e8ques, applications) dans un syst\u00e8me Linux embarqu\u00e9\n<li>\u00catre capable de comprendre les principaux aspects des licences open-source.<\/li>\n<li>\u00catre capable de mettre en oeuvre un syst\u00e8me de build Linux embarqu\u00e9, pour construire un syst\u00e8me complet pour une plateforme embarqu\u00e9e.<\/li>\n<li>\u00catre capable de d\u00e9velopper et d\u00e9bugger des applications sur un syst\u00e8me Linux embarqu\u00e9.<\/li>\n<\/ul>\n<h3>Supports de cours<\/h3>\n<p>Tous les <a href=\"\/doc\/training\/embedded-linux\">supports de cours<\/a> utilis\u00e9s lors de cette formation sont int\u00e9gralement et gratuitement disponibles sur notre site, vous permettant de valider avec pr\u00e9cision l&rsquo;ad\u00e9quation de la formation \u00e0 vos besoins.<\/p>\n<h3>Travaux pratiques<\/h3>\n<p><img decoding=\"async\" src=\"\/graphics\/discovery-board-dk1.jpg\" style=\"float: right; margin:1em; margin-right:0; width: 200px; clear: both;\" alt=\"STM32MP157 DiscoveryKit 1\"\/><img decoding=\"async\" src=\"\/graphics\/beagleboneblack-landscape.jpg\" style=\"float: right; margin:1em; margin-right:0; width: 200px; clear: both;\" alt=\"TI BeagleBone Black\"\/><img decoding=\"async\" src=\"\/graphics\/beagleplay.jpg\" style=\"float: right; margin:1em; margin-right:0; width: 200px; clear: both;\" alt=\"TI BeaglePlay\"\/><img decoding=\"async\" src=\"\/graphics\/imx93-frdm.jpg\" style=\"float: right; margin:1em; margin-right:0; width: 200px; clear: both;\" alt=\"NXP i.MX93 FRDM\"\/>Dans nos formations en pr\u00e9sentiel, chaque partie th\u00e9orique est suivie d&rsquo;une mise en \u0153uvre pratique r\u00e9alis\u00e9e par le participant. Ces travaux pratiques repr\u00e9sentent 50% \u00e0 60% du temps de la formation. Chaque participant disposera d&rsquo;une carte \u00e9lectronique ARM, sur laquelle progressivement mis en place un syst\u00e8me Linux embarqu\u00e9.<\/p>\n<p>Les participants peuvent choisir parmi plusieurs cartes:<\/p>\n<ul>\n<li>STM32MP157 Discovery Kit (au choix <a href=\"https:\/\/www.st.com\/en\/evaluation-tools\/stm32mp157a-dk1.html\">STM32MP157A-DK1<\/a>, <a href=\"https:\/\/www.st.com\/en\/evaluation-tools\/stm32mp157d-dk1.html\">STM32MP157D-DK1<\/a>, <a href=\"https:\/\/www.st.com\/en\/evaluation-tools\/stm32mp157c-dk2.html\">STM32MP157C-DK2<\/a>, <a href=\"https:\/\/www.st.com\/en\/evaluation-tools\/stm32mp157f-dk2.html\">STM32MP157F-DK2<\/a>)<\/li>\n<li><a href=\"https:\/\/beagleboard.org\/black-wireless\">BeagleBoneBlack Wireless<\/a>, \u00e9quip\u00e9e du processeur ARM TI AM335x<\/li>\n<li><a href=\"https:\/\/www.beagleboard.org\/boards\/beagleplay\">BeaglePlay<\/a>, \u00e9quip\u00e9e du processeur ARM64 TI AM625<\/li>\n<li><a href=\"https:\/\/www.nxp.com\/design\/design-center\/software\/development-software\/mcuxpresso-software-and-tools-\/frdm-i-mx-93-development-board:FRDM-IMX93\">NXP i.MX93 FRDM<\/a><\/li>\n<\/ul>\n<p>Dans nos formations en ligne, les travaux pratiques sont r\u00e9alis\u00e9s comme des d\u00e9monstrations en direct par le formateur, les participants n&rsquo;ont donc pas besoin de mat\u00e9riel particulier, mais peuvent poser des questions \u00e0 tout instant. Optionnellement, les participants qui ont \u00e0 leur disposition les accessoires mat\u00e9riels peuvent reproduire les travaux pratiques par eux-m\u00eames, en b\u00e9n\u00e9ficiant du support du formateur.<\/p>\n<p>Notez que notre formation est ind\u00e9pendante du mat\u00e9riel et qu\u2019elle reste donc pertinente m\u00eame si la plateforme cible de votre prochain projet n\u2019est pas exactement celle utilis\u00e9e pour les travaux pratiques.<\/p>\n<h3>Pr\u00e9-requis<\/h3>\n<ul>\n<li><b>Connaissance et pratique des commandes UNIX ou GNU\/Linux<\/b>: les participants doivent \u00eatre \u00e0 l&rsquo;aise avec l&rsquo;utilisation de la ligne de commande Linux. Les participants manquant d&rsquo;exp\u00e9rience sur ce sujet doivent se former par eux-m\u00eames, par exemple en utilisant nos supports de formation disponible \u00e0 l&rsquo;adresse <a href=\"https:\/\/bootlin.com\/blog\/command-line\/\">https:\/\/bootlin.com\/blog\/command-line\/<\/a>.<\/li>\n<li><b>Niveau minimal requis en anglais: B1<\/b>, d&rsquo;apr\u00e8s le <a href=\"https:\/\/www.coe.int\/en\/web\/common-european-framework-reference-languages\">Common European Framework of References for Languages<\/a> pour nos sessions anim\u00e9es en anglais. Voir la <a href=\"https:\/\/bootlin.com\/pub\/training\/cefr-grid.pdf\">grille CEFR<\/a> pour une auto-\u00e9valuation.<\/li>\n<\/ul>\n<h3>\u00c9quipement n\u00e9cessaire<\/h3>\n<ul>\n<li>Pour les sessions en ligne, d\u00e9di\u00e9es ou publiques:\n<ul>\n<li>Ordinateur avec le syst\u00e8me d&rsquo;exploitation de votre choix, avec un navigateur Chrome ou Chromium pour la vid\u00e9o-conf\u00e9rence.<\/li>\n<li>Webcam et casque audio avec microphone<\/li>\n<li>Connexion haut d\u00e9bit \u00e0 Internet<\/li>\n<li>Optionnellement: les accessoires mat\u00e9riels pour les travaux pratiques, si vous souhaitez reproduire ces travaux pratiques par vous-m\u00eame. Notez bien que cela n&rsquo;est pas obligatoire: vous pouvez suivre la formation sans ces accessoires mat\u00e9riels, car le formateur va r\u00e9aliser tous les travaux pratiques sous la forme de d\u00e9monstrations en direct.<\/li>\n<\/ul>\n<\/li>\n<li>Pour les sessions d\u00e9di\u00e9es en pr\u00e9sentiel:\n<ul>\n<li>Salle de formation<\/li>\n<li>Vid\u00e9o-projecteur<\/li>\n<li>Un ordinateur PC r\u00e9cent sur chaque bureau (pour 1 ou 2 personnes), install\u00e9 avec Linux. Voir le programme de la formation pour les d\u00e9tails.<\/li>\n<li>Acc\u00e8s \u00e0 Internet haut d\u00e9bit et non filtr\u00e9<\/li>\n<li>Bootlin fournit pour la dur\u00e9e de la formation tous les accessoires mat\u00e9riels n\u00e9cessaires pour les travaux pratiques.<\/li>\n<\/ul>\n<\/li>\n<li>Pour les sessions publiques en pr\u00e9sentiel, Bootlin fournit l&rsquo;ensemble de l&rsquo;\u00e9quipement n\u00e9cessaire.<\/li>\n<\/ul>\n<h3>Retours de nos clients<\/h3>\n<p><em><br \/>\nEn n&rsquo;ayant acquis que des connaissances en Linux embarqu\u00e9 sur le terrain, ce cours a pos\u00e9 des bases fantastiques. Je suis pass\u00e9 de deviner \u00ab\u00a0Je ne sais pas\u00a0\u00bb sur la plupart des questions du pr\u00e9-test, \u00e0 pouvoir r\u00e9ellement comprendre ce que les questions demandaient.<br \/>\n<\/em><\/p>\n<p align=\"right\">Ing\u00e9nieur en logiciel embarqu\u00e9 chez Texas Instruments, mars 2024<\/p>\n<p><em><br \/>\nC&rsquo;\u00e9tait une formation tr\u00e8s intensive de 2 semaines que je recommande vivement \u00e0 tous ceux int\u00e9ress\u00e9s par Linux et les syst\u00e8mes embarqu\u00e9s.<br \/>\n<\/em><\/p>\n<p align=\"right\"><a href=\"https:\/\/www.linkedin.com\/feed\/update\/urn:li:activity:7168988128735674368\/\">Prodromos Kampas<\/a>, Ing\u00e9nieur en logiciel embarqu\u00e9 chez EVBox, f\u00e9vrier 2024<\/p>\n<p><em><br \/>\nCette formation a combl\u00e9 les lacunes dans mon exp\u00e9rience ant\u00e9rieure en d\u00e9veloppement Linux embarqu\u00e9. Les pr\u00e9sentations orales m&rsquo;ont donn\u00e9 des tonnes d&rsquo;informations d\u00e9taill\u00e9es sur quels outils utiliser, sur quoi faire, sur comment le faire, et aussi sur ce qu&rsquo;il ne faut pas faire et pourquoi. Les travaux pratiques m&rsquo;ont donn\u00e9 de nombreuses bonnes id\u00e9es pour r\u00e9soudre les probl\u00e8mes sur les sujets qui font mon travail quotidien.<br \/>\n<\/em> (traduit de l&rsquo;anglais)<\/p>\n<p align=\"right\">Mika Hillukkala &#8211; Etteplan Embedded Finland Oy<\/p>\n<ul>\n<li>En 2023, 95% des participants \u00e9taient tr\u00e8s satisfaits de la formation, lui attribuant une note \u00e9gale ou sup\u00e9rieure \u00e0 8 sur 10 pour l\u2019\u00e9valuation globale de notre formation.<\/li>\n<li>En 2023, 100% des participants ont obtenu leur certificat de formation en ayant plus de 50 % de r\u00e9ponses correctes \u00e0 notre quiz final.<\/li>\n<\/ul>\n<p>Au passage, vous pouvez \u00e9galement consulter <a href=\"\/training\/ratings\">les \u00e9valuations<\/a> des participants aux pr\u00e9c\u00e9dentes sessions. Comme pour les supports de formation, nous sommes transparents et nous publions <b>toutes<\/b> les \u00e9valuations que nous r\u00e9coltons, et pas seulement les meilleures.<\/p>\n<h3>Participants en situation de handicap<\/h3>\n<p>Les participants en situation de handicap qui ont des besoins sp\u00e9cifiques sont invit\u00e9s \u00e0 <a href=\"\/fr\/societe\/contact\/\">nous contacter<\/a> afin de discuter des adaptations n\u00e9cessaires \u00e0 la formation.<\/p>\n<h3>Contact<\/h3>\n<p>Pour toute question, inscription ou commentaire, vous pouvez nous contacter :<\/p>\n<ul>\n<li><a href=\"mailto:t&#114;a&#105;n&#105;n&#103;&#64;&#98;&#111;&#111;tl&#105;n.&#99;om\">t&#114;ain&#105;&#110;&#103;&#64;b&#111;o&#116;&#108;i&#110;&#46;c&#111;m<\/a><\/li>\n<li>t\u00e9l\u00e9phone : +33 484 258 096<\/li>\n<\/ul>\n<h3>Plus de d\u00e9tails sur nos formations<\/h3>\n<ul>\n<li><a href=\"\/training\/faq\">Questions fr\u00e9quemment pos\u00e9es<\/a><\/li>\n<li><a href=\"\/training\/reasons\">Atouts des formations de Bootlin<\/a><\/li>\n<li><a href=\"\/training\/ratings\">\u00c9valuations et retours des participants \u00e0 nos sessions de formation<\/a><\/li>\n<li><a href=\"\/training\/trainers\">Profil des formateurs de Bootlin<\/a><\/li>\n<\/ul>\n","protected":false},"excerpt":{"rendered":"<p>Apprendre \u00e0 d\u00e9velopper un syst\u00e8me Linux embarqu\u00e9 D\u00e9tails sur la formation Dur\u00e9e : 5 jours \/ 40 heures (en pr\u00e9sentiel) &#8211; 7 demi-journ\u00e9es \/ 28 heures (en ligne) Programme : en pr\u00e9sentiel &#8211; en ligne Supports de formation Transparents Travaux pratiques sur STM32MP1 Discovery, sur BeagleBone Black, sur BeaglePlay ou sur NXP i.MX93 FRDM Donn\u00e9es &hellip; <a href=\"https:\/\/bootlin.com\/fr\/formation\/linux-embarque\/\" class=\"more-link\">Continuer la lecture<span class=\"screen-reader-text\"> de &laquo;&nbsp;Formation Linux embarqu\u00e9&nbsp;&raquo;<\/span><\/a><\/p>\n","protected":false},"author":2,"featured_media":0,"parent":7,"menu_order":0,"comment_status":"closed","ping_status":"closed","template":"","meta":{"footnotes":""},"class_list":["post-223","page","type-page","status-publish","hentry"],"_links":{"self":[{"href":"https:\/\/bootlin.com\/fr\/wp-json\/wp\/v2\/pages\/223","targetHints":{"allow":["GET"]}}],"collection":[{"href":"https:\/\/bootlin.com\/fr\/wp-json\/wp\/v2\/pages"}],"about":[{"href":"https:\/\/bootlin.com\/fr\/wp-json\/wp\/v2\/types\/page"}],"author":[{"embeddable":true,"href":"https:\/\/bootlin.com\/fr\/wp-json\/wp\/v2\/users\/2"}],"replies":[{"embeddable":true,"href":"https:\/\/bootlin.com\/fr\/wp-json\/wp\/v2\/comments?post=223"}],"version-history":[{"count":441,"href":"https:\/\/bootlin.com\/fr\/wp-json\/wp\/v2\/pages\/223\/revisions"}],"predecessor-version":[{"id":6833,"href":"https:\/\/bootlin.com\/fr\/wp-json\/wp\/v2\/pages\/223\/revisions\/6833"}],"up":[{"embeddable":true,"href":"https:\/\/bootlin.com\/fr\/wp-json\/wp\/v2\/pages\/7"}],"wp:attachment":[{"href":"https:\/\/bootlin.com\/fr\/wp-json\/wp\/v2\/media?parent=223"}],"curies":[{"name":"wp","href":"https:\/\/api.w.org\/{rel}","templated":true}]}}