{"id":21,"date":"2008-12-24T21:53:03","date_gmt":"2008-12-24T20:53:03","guid":{"rendered":"http:\/\/free-electrons.com:8086\/fr\/?page_id=21"},"modified":"2021-06-25T15:42:53","modified_gmt":"2021-06-25T14:42:53","slug":"societe","status":"publish","type":"page","link":"https:\/\/bootlin.com\/fr\/societe\/","title":{"rendered":"Soci\u00e9t\u00e9"},"content":{"rendered":"<dl>\n<dt><a href=\"apropos\">Pr\u00e9sentation de Bootlin<\/a><\/dt>\n<dd>D\u00e9tails sur notre soci\u00e9t\u00e9 et nos services<\/dd>\n<dt><a href=\"contact\">Contact<\/a><\/dt>\n<dd>Comment nous contacter<\/dd>\n<dt><a href=\"\/company\/staff\">Notre \u00e9quipe<\/a><\/dt>\n<dd>L&rsquo;\u00e9quipe de Bootlin<\/dd>\n<dt><a href=\"\/company\/partners\">Partenaires<\/a><\/dt>\n<dd>Soci\u00e9t\u00e9s partenaires de Bootlin<\/dd>\n<dt><a href=\"\/company\/careers\">Carri\u00e8res<\/a><\/dt>\n<dd>Opportunit\u00e9s de carri\u00e8re ou de travailler ensemble<\/dd>\n<dt><a href=\"legal\">Informations l\u00e9gales<\/a><\/dt>\n<dd>R\u00e9f\u00e9rences l\u00e9gales de la soci\u00e9t\u00e9<\/dd>\n<dt><a href=\"\/company\/privacy-policy\">Confidentialit\u00e9<\/a><\/dt>\n<dd>Politique de confidentialit\u00e9 de Bootlin<\/dd>\n<\/dl>\n","protected":false},"excerpt":{"rendered":"<p>Pr\u00e9sentation de Bootlin D\u00e9tails sur notre soci\u00e9t\u00e9 et nos services Contact Comment nous contacter Notre \u00e9quipe L&rsquo;\u00e9quipe de Bootlin Partenaires Soci\u00e9t\u00e9s partenaires de Bootlin Carri\u00e8res Opportunit\u00e9s de carri\u00e8re ou de travailler ensemble Informations l\u00e9gales R\u00e9f\u00e9rences l\u00e9gales de la soci\u00e9t\u00e9 Confidentialit\u00e9 Politique de confidentialit\u00e9 de Bootlin<\/p>\n","protected":false},"author":2,"featured_media":0,"parent":0,"menu_order":6,"comment_status":"closed","ping_status":"closed","template":"","meta":{"footnotes":""},"class_list":["post-21","page","type-page","status-publish","hentry"],"_links":{"self":[{"href":"https:\/\/bootlin.com\/fr\/wp-json\/wp\/v2\/pages\/21","targetHints":{"allow":["GET"]}}],"collection":[{"href":"https:\/\/bootlin.com\/fr\/wp-json\/wp\/v2\/pages"}],"about":[{"href":"https:\/\/bootlin.com\/fr\/wp-json\/wp\/v2\/types\/page"}],"author":[{"embeddable":true,"href":"https:\/\/bootlin.com\/fr\/wp-json\/wp\/v2\/users\/2"}],"replies":[{"embeddable":true,"href":"https:\/\/bootlin.com\/fr\/wp-json\/wp\/v2\/comments?post=21"}],"version-history":[{"count":20,"href":"https:\/\/bootlin.com\/fr\/wp-json\/wp\/v2\/pages\/21\/revisions"}],"predecessor-version":[{"id":4941,"href":"https:\/\/bootlin.com\/fr\/wp-json\/wp\/v2\/pages\/21\/revisions\/4941"}],"wp:attachment":[{"href":"https:\/\/bootlin.com\/fr\/wp-json\/wp\/v2\/media?parent=21"}],"curies":[{"name":"wp","href":"https:\/\/api.w.org\/{rel}","templated":true}]}}