{"id":155,"date":"2009-02-26T14:05:32","date_gmt":"2009-02-26T13:05:32","guid":{"rendered":"http:\/\/free-electrons.com\/fr\/?page_id=155"},"modified":"2022-12-28T15:47:32","modified_gmt":"2022-12-28T14:47:32","slug":"privee-presentiel","status":"publish","type":"page","link":"https:\/\/bootlin.com\/fr\/formation\/privee-presentiel\/","title":{"rendered":"Sessions priv\u00e9es en pr\u00e9sentiel"},"content":{"rendered":"<p><img decoding=\"async\" src=\"https:\/\/bootlin.com\/graphics\/flaticon-private-onsite.png\" alt=\"Icon from www.flaticon.com\" width=\"250\" class=\"alignright\" style=\"padding: 1em;\" \/>Un <a href=\"\/training\/trainers\/\">formateur de Bootlin<\/a> se d\u00e9place dans vos locaux pour animer une formation, sur plusieurs jours cons\u00e9cutifs. Le formateur assure l&rsquo;animation des pr\u00e9sentations th\u00e9oriques et des travaux pratiques r\u00e9alis\u00e9s par les participants.<\/p>\n<p>Nos frais sont les m\u00eames quel que soit le nombre de personnes \u00e0 former, avec 16 personnes maximum par session de formation, regroup\u00e9s en maximum de 8 postes de travail pour les travaux pratiques. Aucun nombre minimum de participants.<\/p>\n<h3>D\u00e9tails d&rsquo;organisation<\/h3>\n<p>Notre client doit pr\u00e9voir de fournir une salle de formation \u00e9quip\u00e9e d&rsquo;un vid\u00e9o-projecteur et d&rsquo;une connexion Internet. Pour la plupart de nos formations, les travaux pratiques n\u00e9cessitent \u00e9galement que notre client fournisse un PC avec une installation du syst\u00e8me Ubuntu Linux pour chaque poste de travail (jusqu&rsquo;\u00e0 8). Tous les d\u00e9tails techniques seront fournis par Bootlin avec le devis. Bootlin fournira le reste du mat\u00e9riel n\u00e9cessaire pour les travaux pratiques: cartes \u00e9lectroniques et accessoires.<\/p>\n<h3>Financement<\/h3>\n<p>Bootlin dispose de la <a href=\"\/graphics\/certificat-qualiopi.pdf\">certification Qualiopi<\/a>.<\/p>\n<p>N&rsquo;h\u00e9sitez pas \u00e0 contacter votre OPCO pour les possibilit\u00e9s de financement ou \u00e0 <a href=\"\/fr\/societe\/contact\/\">nous contacter<\/a> pour plus de d\u00e9tails.<\/p>\n<h3>Comment commander une session en pr\u00e9sentiel<\/h3>\n<p>Pour inscrire un groupe et demander un devis, veuillez contacter <a href=\"mailto:&#116;&#114;ai&#110;&#105;&#110;g&#64;&#98;o&#111;&#116;l&#105;&#110;&#46;c&#111;&#109;\">&#116;&#114;&#97;&#105;&#110;i&#110;&#103;&#64;boo&#116;li&#110;&#46;&#99;om<\/a> et nous indiquer:<\/p>\n<ul>\n<li>Le lieu de la formation<\/li>\n<li>La ou les sessions de formation qui vous int\u00e9ressent (voir <a href=\"\/fr\/formation\/\">la liste compl\u00e8te<\/a>)<\/li>\n<li>Vos pr\u00e9f\u00e9rences de dates<\/li>\n<li>Le nombre de personnes \u00e0 former<\/li>\n<li>Toutes vos questions<\/li>\n<\/ul>\n<p>Vous pouvez \u00e9galement nous appeler au +33 484 258 096.<\/p>\n<p><i>Retour vers <a href=\"\/fr\/formation\/\">la description de nos formations<\/a>.<\/i><\/p>\n","protected":false},"excerpt":{"rendered":"<p>Un formateur de Bootlin se d\u00e9place dans vos locaux pour animer une formation, sur plusieurs jours cons\u00e9cutifs. Le formateur assure l&rsquo;animation des pr\u00e9sentations th\u00e9oriques et des travaux pratiques r\u00e9alis\u00e9s par les participants. Nos frais sont les m\u00eames quel que soit le nombre de personnes \u00e0 former, avec 16 personnes maximum par session de formation, regroup\u00e9s &hellip; <a href=\"https:\/\/bootlin.com\/fr\/formation\/privee-presentiel\/\" class=\"more-link\">Continuer la lecture<span class=\"screen-reader-text\"> de &laquo;&nbsp;Sessions priv\u00e9es en pr\u00e9sentiel&nbsp;&raquo;<\/span><\/a><\/p>\n","protected":false},"author":2,"featured_media":0,"parent":7,"menu_order":0,"comment_status":"closed","ping_status":"closed","template":"","meta":{"footnotes":""},"class_list":["post-155","page","type-page","status-publish","hentry"],"_links":{"self":[{"href":"https:\/\/bootlin.com\/fr\/wp-json\/wp\/v2\/pages\/155","targetHints":{"allow":["GET"]}}],"collection":[{"href":"https:\/\/bootlin.com\/fr\/wp-json\/wp\/v2\/pages"}],"about":[{"href":"https:\/\/bootlin.com\/fr\/wp-json\/wp\/v2\/types\/page"}],"author":[{"embeddable":true,"href":"https:\/\/bootlin.com\/fr\/wp-json\/wp\/v2\/users\/2"}],"replies":[{"embeddable":true,"href":"https:\/\/bootlin.com\/fr\/wp-json\/wp\/v2\/comments?post=155"}],"version-history":[{"count":90,"href":"https:\/\/bootlin.com\/fr\/wp-json\/wp\/v2\/pages\/155\/revisions"}],"predecessor-version":[{"id":5633,"href":"https:\/\/bootlin.com\/fr\/wp-json\/wp\/v2\/pages\/155\/revisions\/5633"}],"up":[{"embeddable":true,"href":"https:\/\/bootlin.com\/fr\/wp-json\/wp\/v2\/pages\/7"}],"wp:attachment":[{"href":"https:\/\/bootlin.com\/fr\/wp-json\/wp\/v2\/media?parent=155"}],"curies":[{"name":"wp","href":"https:\/\/api.w.org\/{rel}","templated":true}]}}