{"id":14,"date":"2008-12-24T21:51:44","date_gmt":"2008-12-24T20:51:44","guid":{"rendered":"http:\/\/free-electrons.com:8086\/fr\/?page_id=14"},"modified":"2018-08-03T14:00:34","modified_gmt":"2018-08-03T13:00:34","slug":"communaute","status":"publish","type":"page","link":"https:\/\/bootlin.com\/fr\/communaute\/","title":{"rendered":"Communaut\u00e9"},"content":{"rendered":"<dl>\n<dt><a href=\"\/community\/contributions\">Contributions de Bootlin<\/a><\/dt>\n<dd>R\u00e9sum\u00e9 des contributions de Bootlin \u00e0 la communaut\u00e9 d&rsquo;utilisateurs et de d\u00e9veloppeurs de Logiciels Libres.<\/dd>\n<dt><a href=\"\/community\/kernel\">Noyau Linux<\/a><\/dt>\n<dd>Ressources utiles autour du noyau Linux<\/dd>\n<dt><a href=\"\/community\/supported-organizations\/\">Organisations soutenues<\/a><\/dt>\n<dd>Organisations ou \u00e9v\u00e9nements soutenus par Bootlin<\/dd>\n<\/dl>\n","protected":false},"excerpt":{"rendered":"<p>Contributions de Bootlin R\u00e9sum\u00e9 des contributions de Bootlin \u00e0 la communaut\u00e9 d&rsquo;utilisateurs et de d\u00e9veloppeurs de Logiciels Libres. Noyau Linux Ressources utiles autour du noyau Linux Organisations soutenues Organisations ou \u00e9v\u00e9nements soutenus par Bootlin<\/p>\n","protected":false},"author":2,"featured_media":0,"parent":0,"menu_order":5,"comment_status":"closed","ping_status":"closed","template":"","meta":{"footnotes":""},"class_list":["post-14","page","type-page","status-publish","hentry"],"_links":{"self":[{"href":"https:\/\/bootlin.com\/fr\/wp-json\/wp\/v2\/pages\/14","targetHints":{"allow":["GET"]}}],"collection":[{"href":"https:\/\/bootlin.com\/fr\/wp-json\/wp\/v2\/pages"}],"about":[{"href":"https:\/\/bootlin.com\/fr\/wp-json\/wp\/v2\/types\/page"}],"author":[{"embeddable":true,"href":"https:\/\/bootlin.com\/fr\/wp-json\/wp\/v2\/users\/2"}],"replies":[{"embeddable":true,"href":"https:\/\/bootlin.com\/fr\/wp-json\/wp\/v2\/comments?post=14"}],"version-history":[{"count":19,"href":"https:\/\/bootlin.com\/fr\/wp-json\/wp\/v2\/pages\/14\/revisions"}],"predecessor-version":[{"id":54,"href":"https:\/\/bootlin.com\/fr\/wp-json\/wp\/v2\/pages\/14\/revisions\/54"}],"wp:attachment":[{"href":"https:\/\/bootlin.com\/fr\/wp-json\/wp\/v2\/media?parent=14"}],"curies":[{"name":"wp","href":"https:\/\/api.w.org\/{rel}","templated":true}]}}